{"id":619,"date":"2021-07-05T12:30:00","date_gmt":"2021-07-05T12:30:00","guid":{"rendered":"https:\/\/new.kodaly-muveszeti-fesztival.hu\/?page_id=619"},"modified":"2023-06-06T11:28:34","modified_gmt":"2023-06-06T11:28:34","slug":"kapcsolat","status":"publish","type":"page","link":"https:\/\/kodaly-muveszeti-fesztival.hu\/?page_id=619","title":{"rendered":"KAPCSOLAT"},"content":{"rendered":"\t\t<div data-elementor-type=\"wp-page\" data-elementor-id=\"619\" class=\"elementor elementor-619\">\n\t\t\t\t\t\t<section class=\"elementor-section elementor-top-section elementor-element elementor-element-e9a3d5b elementor-section-boxed elementor-section-height-default elementor-section-height-default\" data-id=\"e9a3d5b\" data-element_type=\"section\">\n\t\t\t\t\t\t<div class=\"elementor-container elementor-column-gap-default\">\n\t\t\t\t\t<div class=\"elementor-column elementor-col-100 elementor-top-column elementor-element elementor-element-f0844fa\" data-id=\"f0844fa\" data-element_type=\"column\">\n\t\t\t<div class=\"elementor-widget-wrap elementor-element-populated\">\n\t\t\t\t\t\t<div class=\"elementor-element elementor-element-9054171 elementor-widget elementor-widget-spacer\" data-id=\"9054171\" data-element_type=\"widget\" data-widget_type=\"spacer.default\">\n\t\t\t\t<div class=\"elementor-widget-container\">\n\t\t\t\t\t\t\t<div class=\"elementor-spacer\">\n\t\t\t<div class=\"elementor-spacer-inner\"><\/div>\n\t\t<\/div>\n\t\t\t\t\t\t<\/div>\n\t\t\t\t<\/div>\n\t\t\t\t\t<\/div>\n\t\t<\/div>\n\t\t\t\t\t<\/div>\n\t\t<\/section>\n\t\t\t\t<section class=\"elementor-section elementor-top-section elementor-element elementor-element-1f53a4e elementor-section-boxed elementor-section-height-default elementor-section-height-default\" data-id=\"1f53a4e\" data-element_type=\"section\">\n\t\t\t\t\t\t<div class=\"elementor-container elementor-column-gap-default\">\n\t\t\t\t\t<div class=\"elementor-column elementor-col-100 elementor-top-column elementor-element elementor-element-ad2ba0a\" data-id=\"ad2ba0a\" data-element_type=\"column\">\n\t\t\t<div class=\"elementor-widget-wrap elementor-element-populated\">\n\t\t\t\t\t\t<div class=\"elementor-element elementor-element-cfe2933 Kapcsolat elementor-widget elementor-widget-heading\" data-id=\"cfe2933\" data-element_type=\"widget\" data-widget_type=\"heading.default\">\n\t\t\t\t<div class=\"elementor-widget-container\">\n\t\t\t\t\t<h2 class=\"elementor-heading-title elementor-size-default\">Kapcsolat<\/h2>\t\t\t\t<\/div>\n\t\t\t\t<\/div>\n\t\t\t\t\t<\/div>\n\t\t<\/div>\n\t\t\t\t\t<\/div>\n\t\t<\/section>\n\t\t\t\t<section class=\"elementor-section elementor-top-section elementor-element elementor-element-c966cd5 elementor-section-boxed elementor-section-height-default elementor-section-height-default\" data-id=\"c966cd5\" data-element_type=\"section\">\n\t\t\t\t\t\t<div class=\"elementor-container elementor-column-gap-default\">\n\t\t\t\t\t<div class=\"elementor-column elementor-col-100 elementor-top-column elementor-element elementor-element-abcaf1e\" data-id=\"abcaf1e\" data-element_type=\"column\">\n\t\t\t<div class=\"elementor-widget-wrap elementor-element-populated\">\n\t\t\t\t\t\t<div class=\"elementor-element elementor-element-8358c3c elementor-widget elementor-widget-spacer\" data-id=\"8358c3c\" data-element_type=\"widget\" data-widget_type=\"spacer.default\">\n\t\t\t\t<div class=\"elementor-widget-container\">\n\t\t\t\t\t\t\t<div class=\"elementor-spacer\">\n\t\t\t<div class=\"elementor-spacer-inner\"><\/div>\n\t\t<\/div>\n\t\t\t\t\t\t<\/div>\n\t\t\t\t<\/div>\n\t\t\t\t\t<\/div>\n\t\t<\/div>\n\t\t\t\t\t<\/div>\n\t\t<\/section>\n\t\t\t\t<section class=\"elementor-section elementor-top-section elementor-element elementor-element-4bbe64c elementor-section-boxed elementor-section-height-default elementor-section-height-default\" data-id=\"4bbe64c\" data-element_type=\"section\">\n\t\t\t\t\t\t<div class=\"elementor-container elementor-column-gap-default\">\n\t\t\t\t\t<div class=\"elementor-column elementor-col-100 elementor-top-column elementor-element elementor-element-6efd99a\" data-id=\"6efd99a\" data-element_type=\"column\">\n\t\t\t<div class=\"elementor-widget-wrap elementor-element-populated\">\n\t\t\t\t\t\t<div class=\"elementor-element elementor-element-73f47f8 elementor-widget elementor-widget-heading\" data-id=\"73f47f8\" data-element_type=\"widget\" data-widget_type=\"heading.default\">\n\t\t\t\t<div class=\"elementor-widget-container\">\n\t\t\t\t\t<h2 class=\"elementor-heading-title elementor-size-default\"><h4><strong>H\u00edr\u00f6s Ag\u00f3ra Kultur\u00e1lis \u00e9s Ifj\u00fas\u00e1gi K\u00f6zpont Nonprofit Kft.<\/strong><\/h4><\/h2>\t\t\t\t<\/div>\n\t\t\t\t<\/div>\n\t\t\t\t\t<\/div>\n\t\t<\/div>\n\t\t\t\t\t<\/div>\n\t\t<\/section>\n\t\t\t\t<section class=\"elementor-section elementor-top-section elementor-element elementor-element-94bcfab elementor-section-boxed elementor-section-height-default elementor-section-height-default\" data-id=\"94bcfab\" data-element_type=\"section\">\n\t\t\t\t\t\t<div class=\"elementor-container elementor-column-gap-default\">\n\t\t\t\t\t<div class=\"elementor-column elementor-col-50 elementor-top-column elementor-element elementor-element-abfec42\" data-id=\"abfec42\" data-element_type=\"column\">\n\t\t\t<div class=\"elementor-widget-wrap elementor-element-populated\">\n\t\t\t\t\t\t<div class=\"elementor-element elementor-element-26111c3 elementor-widget elementor-widget-text-editor\" data-id=\"26111c3\" data-element_type=\"widget\" data-widget_type=\"text-editor.default\">\n\t\t\t\t<div class=\"elementor-widget-container\">\n\t\t\t\t\t\t\t\t\t<table><tbody><tr><td>\u00a0<\/td><td><p><strong>C\u00edm:<\/strong><\/p><\/td><td><p>6000 Kecskem\u00e9t, De\u00e1k Ferenc t\u00e9r 1.<\/p><p>H\u00edr\u00f6s Ag\u00f3ra Kultur\u00e1lis \u00e9s Ifj\u00fas\u00e1gi K\u00f6zpont Nonprofit Kft.<\/p><p>C\u00edm: 6000 Kecskem\u00e9t, De\u00e1k Ferenc t\u00e9r 1. <br \/>Tel.: 76\/503-880<br \/>Fax.: 76\/503-890<br \/>E-mail: hirosagora@hirosagora.hu<\/p><\/td><\/tr><tr><td>\u00a0<\/td><td><p><strong>Tel.:<\/strong><\/p><\/td><td><p>76\/503-880<\/p><\/td><\/tr><tr><td>\u00a0<\/td><td><p><strong>Fax.:<\/strong><\/p><\/td><td><p>76\/503-890<\/p><\/td><\/tr><tr><td>\u00a0<\/td><td><p><strong>E-mail:<\/strong><\/p><\/td><td><p>hirosagora@hirosagora.hu<\/p><\/td><\/tr><tr><td>\u00a0<\/td><td><p><strong>GPS koordin\u00e1t\u00e1k:<\/strong><\/p><\/td><td><p>\u00c946\u00b054&#8242; 24.52&#8221; \u00e9s K19\u00b0 41&#8242; 21.7&#8242;<\/p><\/td><\/tr><\/tbody><\/table>\t\t\t\t\t\t\t\t<\/div>\n\t\t\t\t<\/div>\n\t\t\t\t\t<\/div>\n\t\t<\/div>\n\t\t\t\t<div class=\"elementor-column elementor-col-50 elementor-top-column elementor-element elementor-element-35f7757\" data-id=\"35f7757\" data-element_type=\"column\">\n\t\t\t<div class=\"elementor-widget-wrap elementor-element-populated\">\n\t\t\t\t\t\t<div class=\"elementor-element elementor-element-d8e1b79 elementor-widget elementor-widget-google_maps\" data-id=\"d8e1b79\" data-element_type=\"widget\" data-widget_type=\"google_maps.default\">\n\t\t\t\t<div class=\"elementor-widget-container\">\n\t\t\t\t\t\t\t<div class=\"elementor-custom-embed\">\n\t\t\t<iframe loading=\"lazy\"\n\t\t\t\t\tsrc=\"https:\/\/maps.google.com\/maps?q=H%C3%ADr%C3%B6s%20Ag%C3%B3ra%20Kultur%C3%A1lis%20%C3%A9s%20Ifj%C3%BAs%C3%A1gi%20K%C3%B6zpont%20Nonprofit%20Kft.&#038;t=m&#038;z=10&#038;output=embed&#038;iwloc=near\"\n\t\t\t\t\ttitle=\"H\u00edr\u00f6s Ag\u00f3ra Kultur\u00e1lis \u00e9s Ifj\u00fas\u00e1gi K\u00f6zpont Nonprofit Kft.\"\n\t\t\t\t\taria-label=\"H\u00edr\u00f6s Ag\u00f3ra Kultur\u00e1lis \u00e9s Ifj\u00fas\u00e1gi K\u00f6zpont Nonprofit Kft.\"\n\t\t\t><\/iframe>\n\t\t<\/div>\n\t\t\t\t\t\t<\/div>\n\t\t\t\t<\/div>\n\t\t\t\t\t<\/div>\n\t\t<\/div>\n\t\t\t\t\t<\/div>\n\t\t<\/section>\n\t\t\t\t<section class=\"elementor-section elementor-top-section elementor-element elementor-element-64c9686 elementor-section-boxed elementor-section-height-default elementor-section-height-default\" data-id=\"64c9686\" data-element_type=\"section\">\n\t\t\t\t\t\t<div class=\"elementor-container elementor-column-gap-default\">\n\t\t\t\t\t<div class=\"elementor-column elementor-col-100 elementor-top-column elementor-element elementor-element-34f0ddb\" data-id=\"34f0ddb\" data-element_type=\"column\">\n\t\t\t<div class=\"elementor-widget-wrap elementor-element-populated\">\n\t\t\t\t\t\t<div class=\"elementor-element elementor-element-50d5c00 elementor-widget elementor-widget-text-editor\" data-id=\"50d5c00\" data-element_type=\"widget\" data-widget_type=\"text-editor.default\">\n\t\t\t\t<div class=\"elementor-widget-container\">\n\t\t\t\t\t\t\t\t\t<h4><strong>Jegyp\u00e9nzt\u00e1r inform\u00e1ci\u00f3k<\/strong><\/h4><p>\u00a0<\/p><h5><em><strong>H\u00edr\u00f6s Ag\u00f3ra Kultur\u00e1lis K\u00f6zpont jegyp\u00e9nzt\u00e1ra: De\u00e1k t\u00e9r 1.<\/strong><\/em><\/h5><p>\u00a0<\/p><p><strong>Tel. (jegyrendel\u00e9s):<\/strong> 76\/503-897<br \/><strong>Email (jegyrendel\u00e9s):<\/strong> jegypenztar@hirosagora.hu<br \/><strong>Nyitvatart\u00e1s:<\/strong> munkanapokon 9-19 \u00f3r\u00e1ig<\/p><h5><em><br \/><strong>H\u00edr\u00f6s Ag\u00f3ra Ifj\u00fas\u00e1gi Otthon jegyp\u00e9nzt\u00e1ra: Kossuth t\u00e9r 4.<\/strong><\/em><\/h5><p>\u00a0<\/p><p><strong>Tel. (jegyrendel\u00e9s):<\/strong> 76\/481-523<br \/><strong>Email (jegyrendel\u00e9s):<\/strong> jegypenztar@hirosagora.hu<br \/><strong>Nyitvatart\u00e1s:<\/strong> munkanapokon 10-13 \u00e9s 14-17 \u00f3r\u00e1ig<\/p>\t\t\t\t\t\t\t\t<\/div>\n\t\t\t\t<\/div>\n\t\t\t\t\t<\/div>\n\t\t<\/div>\n\t\t\t\t\t<\/div>\n\t\t<\/section>\n\t\t\t\t<section class=\"elementor-section elementor-top-section elementor-element elementor-element-a46729f elementor-section-boxed elementor-section-height-default elementor-section-height-default\" data-id=\"a46729f\" data-element_type=\"section\">\n\t\t\t\t\t\t<div class=\"elementor-container elementor-column-gap-default\">\n\t\t\t\t\t<div class=\"elementor-column elementor-col-100 elementor-top-column elementor-element elementor-element-f5ddd8b\" data-id=\"f5ddd8b\" data-element_type=\"column\">\n\t\t\t<div class=\"elementor-widget-wrap elementor-element-populated\">\n\t\t\t\t\t\t<div class=\"elementor-element elementor-element-2bc9aaf elementor-widget-divider--view-line elementor-widget elementor-widget-divider\" data-id=\"2bc9aaf\" data-element_type=\"widget\" data-widget_type=\"divider.default\">\n\t\t\t\t<div class=\"elementor-widget-container\">\n\t\t\t\t\t\t\t<div class=\"elementor-divider\">\n\t\t\t<span class=\"elementor-divider-separator\">\n\t\t\t\t\t\t<\/span>\n\t\t<\/div>\n\t\t\t\t\t\t<\/div>\n\t\t\t\t<\/div>\n\t\t\t\t<div class=\"elementor-element elementor-element-5409e11 elementor-widget elementor-widget-text-editor\" data-id=\"5409e11\" data-element_type=\"widget\" data-widget_type=\"text-editor.default\">\n\t\t\t\t<div class=\"elementor-widget-container\">\n\t\t\t\t\t\t\t\t\t<p>Szem\u00e9lyes v\u00e1s\u00e1rl\u00e1sn\u00e1l a jegy\u00e9t az al\u00e1bbi k\u00e1rty\u00e1kkal is kifizetheti.<\/p><p>OTP Sz\u00e9p K\u00e1rtya<br \/>MKB Sz\u00e9p K\u00e1rtya<br \/>K&amp;H Sz\u00e9p K\u00e1rtya (technikai okok miatt jelenleg csak a Kultur\u00e1lis K\u00f6zpont jegyp\u00e9nzt\u00e1r\u00e1ban haszn\u00e1lhat\u00f3)<br \/>Edenred SZ\u00c9Pk\u00e1rtya<br \/>T\u00e1j\u00e9koztatjuk a kedves vend\u00e9geinket, hogy jogszab\u00e1lyi v\u00e1ltoz\u00e1s miatt, 2020. janu\u00e1r 1-t\u0151l se Erzs\u00e9bet utalv\u00e1nyt, se Erzs\u00e9bet k\u00e1rty\u00e1t nem \u00e1ll m\u00f3dunkban elfogadni!<\/p>\t\t\t\t\t\t\t\t<\/div>\n\t\t\t\t<\/div>\n\t\t\t\t\t<\/div>\n\t\t<\/div>\n\t\t\t\t\t<\/div>\n\t\t<\/section>\n\t\t\t\t<\/div>\n\t\t","protected":false},"excerpt":{"rendered":"<p>Kapcsolat H\u00edr\u00f6s Ag\u00f3ra Kultur\u00e1lis \u00e9s Ifj\u00fas\u00e1gi K\u00f6zpont Nonprofit Kft. \u00a0 C\u00edm: 6000 Kecskem\u00e9t, De\u00e1k Ferenc t\u00e9r 1. H\u00edr\u00f6s Ag\u00f3ra Kultur\u00e1lis \u00e9s Ifj\u00fas\u00e1gi K\u00f6zpont Nonprofit Kft. C\u00edm: 6000 Kecskem\u00e9t, De\u00e1k Ferenc t\u00e9r 1. Tel.: 76\/503-880Fax.: 76\/503-890E-mail: hirosagora@hirosagora.hu \u00a0 Tel.: 76\/503-880 \u00a0 Fax.: 76\/503-890 \u00a0 E-mail: hirosagora@hirosagora.hu \u00a0 GPS koordin\u00e1t\u00e1k: \u00c946\u00b054&#8242; 24.52&#8221; \u00e9s K19\u00b0 41&#8242; 21.7&#8242; Jegyp\u00e9nzt\u00e1r inform\u00e1ci\u00f3k \u00a0 H\u00edr\u00f6s Ag\u00f3ra Kultur\u00e1lis K\u00f6zpont jegyp\u00e9nzt\u00e1ra: De\u00e1k t\u00e9r 1. \u00a0 Tel. (jegyrendel\u00e9s): 76\/503-897Email (jegyrendel\u00e9s): jegypenztar@hirosagora.huNyitvatart\u00e1s: munkanapokon 9-19 \u00f3r\u00e1ig H\u00edr\u00f6s Ag\u00f3ra Ifj\u00fas\u00e1gi Otthon jegyp\u00e9nzt\u00e1ra: Kossuth t\u00e9r 4. \u00a0 Tel. (jegyrendel\u00e9s): 76\/481-523Email (jegyrendel\u00e9s): jegypenztar@hirosagora.huNyitvatart\u00e1s: munkanapokon 10-13 \u00e9s 14-17 \u00f3r\u00e1ig Szem\u00e9lyes v\u00e1s\u00e1rl\u00e1sn\u00e1l a jegy\u00e9t az al\u00e1bbi k\u00e1rty\u00e1kkal is kifizetheti. OTP Sz\u00e9p K\u00e1rtyaMKB Sz\u00e9p K\u00e1rtyaK&amp;H Sz\u00e9p K\u00e1rtya (technikai okok miatt jelenleg csak a Kultur\u00e1lis K\u00f6zpont jegyp\u00e9nzt\u00e1r\u00e1ban haszn\u00e1lhat\u00f3)Edenred SZ\u00c9Pk\u00e1rtyaT\u00e1j\u00e9koztatjuk a kedves vend\u00e9geinket, hogy jogszab\u00e1lyi v\u00e1ltoz\u00e1s miatt, 2020. janu\u00e1r 1-t\u0151l se Erzs\u00e9bet utalv\u00e1nyt, se Erzs\u00e9bet k\u00e1rty\u00e1t nem \u00e1ll m\u00f3dunkban elfogadni!<\/p>\n","protected":false},"author":1,"featured_media":0,"parent":0,"menu_order":0,"comment_status":"closed","ping_status":"closed","template":"elementor_header_footer","meta":{"footnotes":""},"class_list":["post-619","page","type-page","status-publish","hentry"],"_links":{"self":[{"href":"https:\/\/kodaly-muveszeti-fesztival.hu\/index.php?rest_route=\/wp\/v2\/pages\/619","targetHints":{"allow":["GET"]}}],"collection":[{"href":"https:\/\/kodaly-muveszeti-fesztival.hu\/index.php?rest_route=\/wp\/v2\/pages"}],"about":[{"href":"https:\/\/kodaly-muveszeti-fesztival.hu\/index.php?rest_route=\/wp\/v2\/types\/page"}],"author":[{"embeddable":true,"href":"https:\/\/kodaly-muveszeti-fesztival.hu\/index.php?rest_route=\/wp\/v2\/users\/1"}],"replies":[{"embeddable":true,"href":"https:\/\/kodaly-muveszeti-fesztival.hu\/index.php?rest_route=%2Fwp%2Fv2%2Fcomments&post=619"}],"version-history":[{"count":13,"href":"https:\/\/kodaly-muveszeti-fesztival.hu\/index.php?rest_route=\/wp\/v2\/pages\/619\/revisions"}],"predecessor-version":[{"id":3136,"href":"https:\/\/kodaly-muveszeti-fesztival.hu\/index.php?rest_route=\/wp\/v2\/pages\/619\/revisions\/3136"}],"wp:attachment":[{"href":"https:\/\/kodaly-muveszeti-fesztival.hu\/index.php?rest_route=%2Fwp%2Fv2%2Fmedia&parent=619"}],"curies":[{"name":"wp","href":"https:\/\/api.w.org\/{rel}","templated":true}]}}