{"id":4312,"date":"2025-07-14T09:49:20","date_gmt":"2025-07-14T09:49:20","guid":{"rendered":"https:\/\/kodaly-muveszeti-fesztival.hu\/?page_id=4312"},"modified":"2025-07-23T08:06:14","modified_gmt":"2025-07-23T08:06:14","slug":"kozos-gyokerek-az-ars-nova-enekegyuttes-koncertje","status":"publish","type":"page","link":"https:\/\/kodaly-muveszeti-fesztival.hu\/?page_id=4312","title":{"rendered":"K\u00d6Z\u00d6S GY\u00d6KEREK \u2013 AZ ARS NOVA \u00c9NEKEGY\u00dcTTES KONCERTJE"},"content":{"rendered":"\t\t<div data-elementor-type=\"wp-page\" data-elementor-id=\"4312\" class=\"elementor elementor-4312\">\n\t\t\t\t\t\t<section class=\"elementor-section elementor-top-section elementor-element elementor-element-48a95bf elementor-section-boxed elementor-section-height-default elementor-section-height-default\" data-id=\"48a95bf\" data-element_type=\"section\">\n\t\t\t\t\t\t<div class=\"elementor-container elementor-column-gap-default\">\n\t\t\t\t\t<div class=\"elementor-column elementor-col-100 elementor-top-column elementor-element elementor-element-2b7314d\" data-id=\"2b7314d\" data-element_type=\"column\">\n\t\t\t<div class=\"elementor-widget-wrap elementor-element-populated\">\n\t\t\t\t\t\t<div class=\"elementor-element elementor-element-432f237 elementor-widget elementor-widget-spacer\" data-id=\"432f237\" data-element_type=\"widget\" data-widget_type=\"spacer.default\">\n\t\t\t\t<div class=\"elementor-widget-container\">\n\t\t\t\t\t\t\t<div class=\"elementor-spacer\">\n\t\t\t<div class=\"elementor-spacer-inner\"><\/div>\n\t\t<\/div>\n\t\t\t\t\t\t<\/div>\n\t\t\t\t<\/div>\n\t\t\t\t<div class=\"elementor-element elementor-element-ae5aedd elementor-widget elementor-widget-heading\" data-id=\"ae5aedd\" data-element_type=\"widget\" data-widget_type=\"heading.default\">\n\t\t\t\t<div class=\"elementor-widget-container\">\n\t\t\t\t\t<h2 class=\"elementor-heading-title elementor-size-default\">augusztus 3., vas\u00e1rnap 20:00<br>\nK\u00f6z\u00f6s gy\u00f6kerek \u2013 az Ars Nova \u00c9nekegy\u00fcttes koncertje\n\n<\/h2>\t\t\t\t<\/div>\n\t\t\t\t<\/div>\n\t\t\t\t<div class=\"elementor-element elementor-element-7a50cd3 elementor-widget elementor-widget-spacer\" data-id=\"7a50cd3\" data-element_type=\"widget\" data-widget_type=\"spacer.default\">\n\t\t\t\t<div class=\"elementor-widget-container\">\n\t\t\t\t\t\t\t<div class=\"elementor-spacer\">\n\t\t\t<div class=\"elementor-spacer-inner\"><\/div>\n\t\t<\/div>\n\t\t\t\t\t\t<\/div>\n\t\t\t\t<\/div>\n\t\t\t\t\t<\/div>\n\t\t<\/div>\n\t\t\t\t\t<\/div>\n\t\t<\/section>\n\t\t\t\t<section class=\"elementor-section elementor-top-section elementor-element elementor-element-989211f elementor-section-boxed elementor-section-height-default elementor-section-height-default\" data-id=\"989211f\" data-element_type=\"section\">\n\t\t\t\t\t\t<div class=\"elementor-container elementor-column-gap-default\">\n\t\t\t\t\t<div class=\"elementor-column elementor-col-50 elementor-top-column elementor-element elementor-element-c51c8c4\" data-id=\"c51c8c4\" data-element_type=\"column\">\n\t\t\t<div class=\"elementor-widget-wrap elementor-element-populated\">\n\t\t\t\t\t\t<div class=\"elementor-element elementor-element-523afb2 elementor-widget elementor-widget-image\" data-id=\"523afb2\" data-element_type=\"widget\" data-widget_type=\"image.default\">\n\t\t\t\t<div class=\"elementor-widget-container\">\n\t\t\t\t\t\t\t\t\t\t\t\t\t\t\t<img fetchpriority=\"high\" decoding=\"async\" width=\"960\" height=\"960\" src=\"https:\/\/kodaly-muveszeti-fesztival.hu\/wp-content\/uploads\/2025\/07\/K25_WB_1080x_1-masolata-3-1024x1024.jpg\" class=\"attachment-large size-large wp-image-4090\" alt=\"\" srcset=\"https:\/\/kodaly-muveszeti-fesztival.hu\/wp-content\/uploads\/2025\/07\/K25_WB_1080x_1-masolata-3-1024x1024.jpg 1024w, https:\/\/kodaly-muveszeti-fesztival.hu\/wp-content\/uploads\/2025\/07\/K25_WB_1080x_1-masolata-3-300x300.jpg 300w, https:\/\/kodaly-muveszeti-fesztival.hu\/wp-content\/uploads\/2025\/07\/K25_WB_1080x_1-masolata-3-150x150.jpg 150w, https:\/\/kodaly-muveszeti-fesztival.hu\/wp-content\/uploads\/2025\/07\/K25_WB_1080x_1-masolata-3-768x768.jpg 768w, https:\/\/kodaly-muveszeti-fesztival.hu\/wp-content\/uploads\/2025\/07\/K25_WB_1080x_1-masolata-3-1140x1140.jpg 1140w, https:\/\/kodaly-muveszeti-fesztival.hu\/wp-content\/uploads\/2025\/07\/K25_WB_1080x_1-masolata-3-75x75.jpg 75w, https:\/\/kodaly-muveszeti-fesztival.hu\/wp-content\/uploads\/2025\/07\/K25_WB_1080x_1-masolata-3.jpg 1440w\" sizes=\"(max-width: 960px) 100vw, 960px\" \/>\t\t\t\t\t\t\t\t\t\t\t\t\t\t\t<\/div>\n\t\t\t\t<\/div>\n\t\t\t\t\t<\/div>\n\t\t<\/div>\n\t\t\t\t<div class=\"elementor-column elementor-col-50 elementor-top-column elementor-element elementor-element-a199971\" data-id=\"a199971\" data-element_type=\"column\">\n\t\t\t<div class=\"elementor-widget-wrap elementor-element-populated\">\n\t\t\t\t\t\t<div class=\"elementor-element elementor-element-0d18383 elementor-widget elementor-widget-text-editor\" data-id=\"0d18383\" data-element_type=\"widget\" data-widget_type=\"text-editor.default\">\n\t\t\t\t<div class=\"elementor-widget-container\">\n\t\t\t\t\t\t\t\t\t<h5>Az Ars Nova \u00c9nekegy\u00fcttes k\u00f6nnyed, ny\u00e1r esti m\u0171sor\u00e1t Kod\u00e1ly Zolt\u00e1n \u00e9s Susan Brumfield, az amerikai Kod\u00e1ly mozgalom kiemelked\u0151 k\u00e9pvisel\u0151je \u00a0dalaib\u00f3l, k\u00f3rusm\u0171veib\u0151l \u00e1ll\u00edtotta \u00f6ssze.<br \/>Susan Brumfield tan\u00e1rk\u00e9nt, \u00edr\u00f3k\u00e9nt, zeneszerz\u0151k\u00e9nt \u00e9s karmesterk\u00e9nt ismert. A Kod\u00e1ly-m\u00f3dszer nemzetk\u00f6zileg elismert szak\u00e9rt\u0151je, a First, We Sing! Kod\u00e1ly-Inspired Teaching in the Music Classroom c\u00edm\u0171 k\u00f6nyv szerz\u0151je.<br \/><strong>M\u0171sor:<\/strong><br \/>Kod\u00e1ly Zolt\u00e1n: S\u00edk S\u00e1ndor Te Deuma \u00a0<br \/>Kod\u00e1ly Zolt\u00e1n: Z\u00f6ld erd\u0151ben<br \/>Kod\u00e1ly Zolt\u00e1n: \u00c1rva vagyok<br \/>Kod\u00e1ly Zolt\u00e1n: H\u00e1ry J\u00e1nos- r\u00e9szletek<br \/>Kod\u00e1ly Zolt\u00e1n &#8211; Arany J\u00e1nos: Csalfa Sug\u00e1r<br \/>Kod\u00e1ly Zolt\u00e1n &#8211; We\u00f6res S\u00e1ndor: Norv\u00e9g le\u00e1nyok<br \/>Susan Brumfield: Bandyrow \u2013 \u00edr n\u00e9pdal<br \/>Susan Brumfield: No Time \u2013 tradicion\u00e1lis t\u00e1bori dal<br \/>Susan Brumfield: My Dear Companion<br \/>Susan Brumfield: By The Rivers of Babylon \u2013 rastafari spiritu\u00e1l\u00e9<br \/>Kod\u00e1ly Zolt\u00e1n: Esti Dal<\/h5><h5><strong>Vend\u00e9gek: \u00a0 \u00a0 \u00a0 \u00a0 \u00a0 \u00a0 \u00a0 \u00a0 \u00a0 \u00a0 \u00a0 \u00a0\u00a0<\/strong><br \/>Rebecca Hays (USA) \u2013 szopr\u00e1n<br \/>L\u00e1szl\u00f3 Nagy (USA) \u2013 tenor<br \/><strong>K\u00f6zrem\u0171k\u00f6dik: \u00a0 \u00a0 \u00a0 \u00a0 \u00a0 \u00a0\u00a0<\/strong><br \/>Macz\u00e1k J\u00e1nos \u2013 klarin\u00e9t<br \/>Gerh\u00e1t L\u00e1szl\u00f3 &#8211; zongora \u00a0 \u00a0 \u00a0 \u00a0 \u00a0 \u00a0 \u00a0 \u00a0 \u00a0 \u00a0 \u00a0 \u00a0 \u00a0 \u00a0 \u00a0 \u00a0 \u00a0 \u00a0 \u00a0 \u00a0 \u00a0\u00a0<br \/>Viktor D\u00e1niel \u2013 zongora<br \/>Koncz Erika &#8211; \u00a0zongora<br \/>Macz\u00e1k M\u00e1rk \u2013 cajon<br \/><strong>Vez\u00e9nyel:<\/strong>\u00a0Kiss Katalin<\/h5><h5><strong>A bel\u00e9p\u00e9s ingyenes, helyfoglal\u00e1s \u00e9rkez\u00e9si sorrendben.<\/strong><\/h5>\t\t\t\t\t\t\t\t<\/div>\n\t\t\t\t<\/div>\n\t\t\t\t\t<\/div>\n\t\t<\/div>\n\t\t\t\t\t<\/div>\n\t\t<\/section>\n\t\t\t\t<section class=\"elementor-section elementor-top-section elementor-element elementor-element-b45121f elementor-section-boxed elementor-section-height-default elementor-section-height-default\" data-id=\"b45121f\" data-element_type=\"section\">\n\t\t\t\t\t\t<div class=\"elementor-container elementor-column-gap-default\">\n\t\t\t\t\t<div class=\"elementor-column elementor-col-100 elementor-top-column elementor-element elementor-element-0473457\" data-id=\"0473457\" data-element_type=\"column\">\n\t\t\t<div class=\"elementor-widget-wrap elementor-element-populated\">\n\t\t\t\t\t\t<div class=\"elementor-element elementor-element-a38e88b elementor-widget elementor-widget-spacer\" data-id=\"a38e88b\" data-element_type=\"widget\" data-widget_type=\"spacer.default\">\n\t\t\t\t<div class=\"elementor-widget-container\">\n\t\t\t\t\t\t\t<div class=\"elementor-spacer\">\n\t\t\t<div class=\"elementor-spacer-inner\"><\/div>\n\t\t<\/div>\n\t\t\t\t\t\t<\/div>\n\t\t\t\t<\/div>\n\t\t\t\t<div class=\"elementor-element elementor-element-37e581c elementor-align-center elementor-widget elementor-widget-button\" data-id=\"37e581c\" data-element_type=\"widget\" data-widget_type=\"button.default\">\n\t\t\t\t<div class=\"elementor-widget-container\">\n\t\t\t\t\t\t\t\t\t<div class=\"elementor-button-wrapper\">\n\t\t\t\t\t<a class=\"elementor-button elementor-button-link elementor-size-sm\" href=\"https:\/\/heyzine.com\/flip-book\/3fd03aea89.html\">\n\t\t\t\t\t\t<span class=\"elementor-button-content-wrapper\">\n\t\t\t\t\t\t\t\t\t<span class=\"elementor-button-text\">M\u0170SORF\u00dcZET LET\u00d6LT\u00c9SE<\/span>\n\t\t\t\t\t<\/span>\n\t\t\t\t\t<\/a>\n\t\t\t\t<\/div>\n\t\t\t\t\t\t\t\t<\/div>\n\t\t\t\t<\/div>\n\t\t\t\t<div class=\"elementor-element elementor-element-ff73a39 elementor-widget elementor-widget-spacer\" data-id=\"ff73a39\" data-element_type=\"widget\" data-widget_type=\"spacer.default\">\n\t\t\t\t<div class=\"elementor-widget-container\">\n\t\t\t\t\t\t\t<div class=\"elementor-spacer\">\n\t\t\t<div class=\"elementor-spacer-inner\"><\/div>\n\t\t<\/div>\n\t\t\t\t\t\t<\/div>\n\t\t\t\t<\/div>\n\t\t\t\t\t<\/div>\n\t\t<\/div>\n\t\t\t\t\t<\/div>\n\t\t<\/section>\n\t\t\t\t<section class=\"elementor-section elementor-top-section elementor-element elementor-element-95f80ad elementor-section-boxed elementor-section-height-default elementor-section-height-default\" data-id=\"95f80ad\" data-element_type=\"section\">\n\t\t\t\t\t\t<div class=\"elementor-container elementor-column-gap-default\">\n\t\t\t\t\t<div class=\"elementor-column elementor-col-50 elementor-top-column elementor-element elementor-element-f2f0bb3\" data-id=\"f2f0bb3\" data-element_type=\"column\">\n\t\t\t<div class=\"elementor-widget-wrap elementor-element-populated\">\n\t\t\t\t\t\t<div class=\"elementor-element elementor-element-0e47d24 elementor-widget elementor-widget-text-editor\" data-id=\"0e47d24\" data-element_type=\"widget\" data-widget_type=\"text-editor.default\">\n\t\t\t\t<div class=\"elementor-widget-container\">\n\t\t\t\t\t\t\t\t\t<h3>augusztus 3., vas\u00e1rnap 20:00<\/h3><h3><strong>Helysz\u00edn:<\/strong> Evang\u00e9likus Templom<\/h3><h4>A bel\u00e9p\u00e9s ingyenes, helyfoglal\u00e1s \u00e9rkez\u00e9si sorrendben.<\/h4>\t\t\t\t\t\t\t\t<\/div>\n\t\t\t\t<\/div>\n\t\t\t\t\t<\/div>\n\t\t<\/div>\n\t\t\t\t<div class=\"elementor-column elementor-col-50 elementor-top-column elementor-element elementor-element-d319c1a\" data-id=\"d319c1a\" data-element_type=\"column\">\n\t\t\t<div class=\"elementor-widget-wrap\">\n\t\t\t\t\t\t\t<\/div>\n\t\t<\/div>\n\t\t\t\t\t<\/div>\n\t\t<\/section>\n\t\t\t\t<section class=\"elementor-section elementor-top-section elementor-element elementor-element-8563245 elementor-section-boxed elementor-section-height-default elementor-section-height-default\" data-id=\"8563245\" data-element_type=\"section\">\n\t\t\t\t\t\t<div class=\"elementor-container elementor-column-gap-default\">\n\t\t\t\t\t<div class=\"elementor-column elementor-col-100 elementor-top-column elementor-element elementor-element-208ff15\" data-id=\"208ff15\" data-element_type=\"column\">\n\t\t\t<div class=\"elementor-widget-wrap elementor-element-populated\">\n\t\t\t\t\t\t<div class=\"elementor-element elementor-element-0ab5b41 elementor-widget elementor-widget-spacer\" data-id=\"0ab5b41\" data-element_type=\"widget\" data-widget_type=\"spacer.default\">\n\t\t\t\t<div class=\"elementor-widget-container\">\n\t\t\t\t\t\t\t<div class=\"elementor-spacer\">\n\t\t\t<div class=\"elementor-spacer-inner\"><\/div>\n\t\t<\/div>\n\t\t\t\t\t\t<\/div>\n\t\t\t\t<\/div>\n\t\t\t\t<div class=\"elementor-element elementor-element-e1747c8 elementor-widget elementor-widget-google_maps\" data-id=\"e1747c8\" data-element_type=\"widget\" data-widget_type=\"google_maps.default\">\n\t\t\t\t<div class=\"elementor-widget-container\">\n\t\t\t\t\t\t\t<div class=\"elementor-custom-embed\">\n\t\t\t<iframe loading=\"lazy\"\n\t\t\t\t\tsrc=\"https:\/\/maps.google.com\/maps?q=kecskem%C3%A9t%20evang%C3%A9likus%20templom&#038;t=m&#038;z=17&#038;output=embed&#038;iwloc=near\"\n\t\t\t\t\ttitle=\"kecskem\u00e9t evang\u00e9likus templom\"\n\t\t\t\t\taria-label=\"kecskem\u00e9t evang\u00e9likus templom\"\n\t\t\t><\/iframe>\n\t\t<\/div>\n\t\t\t\t\t\t<\/div>\n\t\t\t\t<\/div>\n\t\t\t\t\t<\/div>\n\t\t<\/div>\n\t\t\t\t\t<\/div>\n\t\t<\/section>\n\t\t\t\t<\/div>\n\t\t","protected":false},"excerpt":{"rendered":"<p>augusztus 3., vas\u00e1rnap 20:00 K\u00f6z\u00f6s gy\u00f6kerek \u2013 az Ars Nova \u00c9nekegy\u00fcttes koncertje Az Ars Nova \u00c9nekegy\u00fcttes k\u00f6nnyed, ny\u00e1r esti m\u0171sor\u00e1t Kod\u00e1ly Zolt\u00e1n \u00e9s Susan Brumfield, az amerikai Kod\u00e1ly mozgalom kiemelked\u0151 k\u00e9pvisel\u0151je \u00a0dalaib\u00f3l, k\u00f3rusm\u0171veib\u0151l \u00e1ll\u00edtotta \u00f6ssze.Susan Brumfield tan\u00e1rk\u00e9nt, \u00edr\u00f3k\u00e9nt, zeneszerz\u0151k\u00e9nt \u00e9s karmesterk\u00e9nt ismert. A Kod\u00e1ly-m\u00f3dszer nemzetk\u00f6zileg elismert szak\u00e9rt\u0151je, a First, We Sing! Kod\u00e1ly-Inspired Teaching in the Music Classroom c\u00edm\u0171 k\u00f6nyv szerz\u0151je.M\u0171sor:Kod\u00e1ly Zolt\u00e1n: S\u00edk S\u00e1ndor Te Deuma \u00a0Kod\u00e1ly Zolt\u00e1n: Z\u00f6ld erd\u0151benKod\u00e1ly Zolt\u00e1n: \u00c1rva vagyokKod\u00e1ly Zolt\u00e1n: H\u00e1ry J\u00e1nos- r\u00e9szletekKod\u00e1ly Zolt\u00e1n &#8211; Arany J\u00e1nos: Csalfa Sug\u00e1rKod\u00e1ly Zolt\u00e1n &#8211; We\u00f6res S\u00e1ndor: Norv\u00e9g le\u00e1nyokSusan Brumfield: Bandyrow \u2013 \u00edr n\u00e9pdalSusan Brumfield: No Time \u2013 tradicion\u00e1lis t\u00e1bori dalSusan Brumfield: My Dear CompanionSusan Brumfield: By The Rivers of Babylon \u2013 rastafari spiritu\u00e1l\u00e9Kod\u00e1ly Zolt\u00e1n: Esti Dal Vend\u00e9gek: \u00a0 \u00a0 \u00a0 \u00a0 \u00a0 \u00a0 \u00a0 \u00a0 \u00a0 \u00a0 \u00a0 \u00a0\u00a0Rebecca Hays (USA) \u2013 szopr\u00e1nL\u00e1szl\u00f3 Nagy (USA) \u2013 tenorK\u00f6zrem\u0171k\u00f6dik: \u00a0 \u00a0 \u00a0 \u00a0 \u00a0 \u00a0\u00a0Macz\u00e1k J\u00e1nos \u2013 klarin\u00e9tGerh\u00e1t L\u00e1szl\u00f3 &#8211; zongora \u00a0 \u00a0 \u00a0 \u00a0 \u00a0 \u00a0 \u00a0 \u00a0 \u00a0 \u00a0 \u00a0 \u00a0 \u00a0 \u00a0 \u00a0 \u00a0 \u00a0 \u00a0 \u00a0 \u00a0 \u00a0\u00a0Viktor D\u00e1niel \u2013 zongoraKoncz Erika &#8211; \u00a0zongoraMacz\u00e1k M\u00e1rk \u2013 cajonVez\u00e9nyel:\u00a0Kiss Katalin A bel\u00e9p\u00e9s ingyenes, helyfoglal\u00e1s \u00e9rkez\u00e9si sorrendben. M\u0170SORF\u00dcZET LET\u00d6LT\u00c9SE augusztus 3., vas\u00e1rnap 20:00 Helysz\u00edn: Evang\u00e9likus Templom A bel\u00e9p\u00e9s ingyenes, helyfoglal\u00e1s \u00e9rkez\u00e9si sorrendben.<\/p>\n","protected":false},"author":1,"featured_media":0,"parent":0,"menu_order":0,"comment_status":"closed","ping_status":"closed","template":"","meta":{"footnotes":""},"class_list":["post-4312","page","type-page","status-publish","hentry"],"_links":{"self":[{"href":"https:\/\/kodaly-muveszeti-fesztival.hu\/index.php?rest_route=\/wp\/v2\/pages\/4312","targetHints":{"allow":["GET"]}}],"collection":[{"href":"https:\/\/kodaly-muveszeti-fesztival.hu\/index.php?rest_route=\/wp\/v2\/pages"}],"about":[{"href":"https:\/\/kodaly-muveszeti-fesztival.hu\/index.php?rest_route=\/wp\/v2\/types\/page"}],"author":[{"embeddable":true,"href":"https:\/\/kodaly-muveszeti-fesztival.hu\/index.php?rest_route=\/wp\/v2\/users\/1"}],"replies":[{"embeddable":true,"href":"https:\/\/kodaly-muveszeti-fesztival.hu\/index.php?rest_route=%2Fwp%2Fv2%2Fcomments&post=4312"}],"version-history":[{"count":16,"href":"https:\/\/kodaly-muveszeti-fesztival.hu\/index.php?rest_route=\/wp\/v2\/pages\/4312\/revisions"}],"predecessor-version":[{"id":4479,"href":"https:\/\/kodaly-muveszeti-fesztival.hu\/index.php?rest_route=\/wp\/v2\/pages\/4312\/revisions\/4479"}],"wp:attachment":[{"href":"https:\/\/kodaly-muveszeti-fesztival.hu\/index.php?rest_route=%2Fwp%2Fv2%2Fmedia&parent=4312"}],"curies":[{"name":"wp","href":"https:\/\/api.w.org\/{rel}","templated":true}]}}