{"id":4171,"date":"2025-07-03T12:08:29","date_gmt":"2025-07-03T12:08:29","guid":{"rendered":"https:\/\/kodaly-muveszeti-fesztival.hu\/?page_id=4171"},"modified":"2025-07-22T14:06:31","modified_gmt":"2025-07-22T14:06:31","slug":"folszallott-a-pava-2","status":"publish","type":"page","link":"https:\/\/kodaly-muveszeti-fesztival.hu\/?page_id=4171","title":{"rendered":"F\u00d6LSZ\u00c1LLOTT A P\u00c1VA"},"content":{"rendered":"\t\t<div data-elementor-type=\"wp-page\" data-elementor-id=\"4171\" class=\"elementor elementor-4171\">\n\t\t\t\t\t\t<section class=\"elementor-section elementor-top-section elementor-element elementor-element-177e8e8 elementor-section-boxed elementor-section-height-default elementor-section-height-default\" data-id=\"177e8e8\" data-element_type=\"section\">\n\t\t\t\t\t\t<div class=\"elementor-container elementor-column-gap-default\">\n\t\t\t\t\t<div class=\"elementor-column elementor-col-100 elementor-top-column elementor-element elementor-element-3bab3be0\" data-id=\"3bab3be0\" data-element_type=\"column\">\n\t\t\t<div class=\"elementor-widget-wrap elementor-element-populated\">\n\t\t\t\t\t\t<div class=\"elementor-element elementor-element-f51ed12 elementor-widget elementor-widget-spacer\" data-id=\"f51ed12\" data-element_type=\"widget\" data-widget_type=\"spacer.default\">\n\t\t\t\t<div class=\"elementor-widget-container\">\n\t\t\t\t\t\t\t<div class=\"elementor-spacer\">\n\t\t\t<div class=\"elementor-spacer-inner\"><\/div>\n\t\t<\/div>\n\t\t\t\t\t\t<\/div>\n\t\t\t\t<\/div>\n\t\t\t\t<div class=\"elementor-element elementor-element-4db10d7 elementor-widget elementor-widget-heading\" data-id=\"4db10d7\" data-element_type=\"widget\" data-widget_type=\"heading.default\">\n\t\t\t\t<div class=\"elementor-widget-container\">\n\t\t\t\t\t<h2 class=\"elementor-heading-title elementor-size-default\">augusztus 8., p\u00e9ntek 20:00\t<br>\t\nF\u00d6LSZ\u00c1LLOTT A P\u00c1VA\nAZ 50 \u00c9VES KOD\u00c1LY INT\u00c9ZET, AZ 50 \u00c9VES H\u00cdR\u00d6S AG\u00d3RA  \u00c9S A NEMZETK\u00d6ZI KOD\u00c1LY T\u00c1RSAS\u00c1G JUBILEUMI KONCERTJE\n\n\n\n\n\n<\/h2>\t\t\t\t<\/div>\n\t\t\t\t<\/div>\n\t\t\t\t<div class=\"elementor-element elementor-element-d2c7521 elementor-widget elementor-widget-spacer\" data-id=\"d2c7521\" data-element_type=\"widget\" data-widget_type=\"spacer.default\">\n\t\t\t\t<div class=\"elementor-widget-container\">\n\t\t\t\t\t\t\t<div class=\"elementor-spacer\">\n\t\t\t<div class=\"elementor-spacer-inner\"><\/div>\n\t\t<\/div>\n\t\t\t\t\t\t<\/div>\n\t\t\t\t<\/div>\n\t\t\t\t\t<\/div>\n\t\t<\/div>\n\t\t\t\t\t<\/div>\n\t\t<\/section>\n\t\t\t\t<section class=\"elementor-section elementor-top-section elementor-element elementor-element-e7ac834 elementor-section-boxed elementor-section-height-default elementor-section-height-default\" data-id=\"e7ac834\" data-element_type=\"section\">\n\t\t\t\t\t\t<div class=\"elementor-container elementor-column-gap-default\">\n\t\t\t\t\t<div class=\"elementor-column elementor-col-50 elementor-top-column elementor-element elementor-element-20606c2\" data-id=\"20606c2\" data-element_type=\"column\">\n\t\t\t<div class=\"elementor-widget-wrap elementor-element-populated\">\n\t\t\t\t\t\t<div class=\"elementor-element elementor-element-451d4f6 elementor-widget elementor-widget-image\" data-id=\"451d4f6\" data-element_type=\"widget\" data-widget_type=\"image.default\">\n\t\t\t\t<div class=\"elementor-widget-container\">\n\t\t\t\t\t\t\t\t\t\t\t\t\t\t\t<img fetchpriority=\"high\" decoding=\"async\" width=\"960\" height=\"960\" src=\"https:\/\/kodaly-muveszeti-fesztival.hu\/wp-content\/uploads\/2025\/07\/K25_WB_1080x_1-masolata-3-1024x1024.jpg\" class=\"attachment-large size-large wp-image-4090\" alt=\"\" srcset=\"https:\/\/kodaly-muveszeti-fesztival.hu\/wp-content\/uploads\/2025\/07\/K25_WB_1080x_1-masolata-3-1024x1024.jpg 1024w, https:\/\/kodaly-muveszeti-fesztival.hu\/wp-content\/uploads\/2025\/07\/K25_WB_1080x_1-masolata-3-300x300.jpg 300w, https:\/\/kodaly-muveszeti-fesztival.hu\/wp-content\/uploads\/2025\/07\/K25_WB_1080x_1-masolata-3-150x150.jpg 150w, https:\/\/kodaly-muveszeti-fesztival.hu\/wp-content\/uploads\/2025\/07\/K25_WB_1080x_1-masolata-3-768x768.jpg 768w, https:\/\/kodaly-muveszeti-fesztival.hu\/wp-content\/uploads\/2025\/07\/K25_WB_1080x_1-masolata-3-1140x1140.jpg 1140w, https:\/\/kodaly-muveszeti-fesztival.hu\/wp-content\/uploads\/2025\/07\/K25_WB_1080x_1-masolata-3-75x75.jpg 75w, https:\/\/kodaly-muveszeti-fesztival.hu\/wp-content\/uploads\/2025\/07\/K25_WB_1080x_1-masolata-3.jpg 1440w\" sizes=\"(max-width: 960px) 100vw, 960px\" \/>\t\t\t\t\t\t\t\t\t\t\t\t\t\t\t<\/div>\n\t\t\t\t<\/div>\n\t\t\t\t\t<\/div>\n\t\t<\/div>\n\t\t\t\t<div class=\"elementor-column elementor-col-50 elementor-top-column elementor-element elementor-element-b7196ee\" data-id=\"b7196ee\" data-element_type=\"column\">\n\t\t\t<div class=\"elementor-widget-wrap elementor-element-populated\">\n\t\t\t\t\t\t<div class=\"elementor-element elementor-element-bda85f7 elementor-widget elementor-widget-text-editor\" data-id=\"bda85f7\" data-element_type=\"widget\" data-widget_type=\"text-editor.default\">\n\t\t\t\t<div class=\"elementor-widget-container\">\n\t\t\t\t\t\t\t\t\t<h5><strong>M\u0171sor:<br \/>Kod\u00e1ly Zolt\u00e1n: K\u00e9t r\u00e9szlet a N\u00e9gy olasz madrig\u00e1l sorozatb\u00f3l <\/strong><\/h5>\n<h5><strong>Nr. 1.\u00a0Chi vou veder<\/strong><\/h5>\n<h5><strong>Nr. 3.\u00a0Chi d&#8217;amor sente<\/strong><\/h5>\n<h5>A 27. Nemzetk\u00f6zi Kod\u00e1ly Szimp\u00f3zium Kamarak\u00f3rusa<\/h5>\n<h5>vez\u00e9nyel: F\u00fcri Anna<\/h5>\n<h5><strong>Kod\u00e1ly Zolt\u00e1n: F\u00f6lsz\u00e1llott a p\u00e1va (v\u00e1ltozatok egy magyar n\u00e9pdalra)<\/strong><br \/>Kecskem\u00e9ti Szimfonikus Zenekar<br \/>vez\u00e9nyel: Holl\u00f3k\u0151i Huba<\/h5>\n<h5><strong>Kod\u00e1ly Zolt\u00e1n: Budav\u00e1ri Te Deum<\/strong><\/h5>\n<h5>L\u00f6k\u00f6sh\u00e1zi M\u00e1ria (szopr\u00e1n), Rajk Judit (alt),<\/h5>\n<h5>K\u00f6rmendy Fl\u00f3ri\u00e1n (tenor), Cserm\u00e9nyi Zsombor (basszus)<br \/>A 27. Nemzetk\u00f6zi Kod\u00e1ly Szimp\u00f3zium K\u00f3rusa<br \/>Kecskem\u00e9ti Szimfonikus Zenekar<br \/>vez\u00e9nyel: Erdei P\u00e9ter<\/h5>\t\t\t\t\t\t\t\t<\/div>\n\t\t\t\t<\/div>\n\t\t\t\t\t<\/div>\n\t\t<\/div>\n\t\t\t\t\t<\/div>\n\t\t<\/section>\n\t\t\t\t<section class=\"elementor-section elementor-top-section elementor-element elementor-element-2ee021a elementor-section-boxed elementor-section-height-default elementor-section-height-default\" data-id=\"2ee021a\" data-element_type=\"section\">\n\t\t\t\t\t\t<div class=\"elementor-container elementor-column-gap-default\">\n\t\t\t\t\t<div class=\"elementor-column elementor-col-100 elementor-top-column elementor-element elementor-element-6c28fff\" data-id=\"6c28fff\" data-element_type=\"column\">\n\t\t\t<div class=\"elementor-widget-wrap elementor-element-populated\">\n\t\t\t\t\t\t<div class=\"elementor-element elementor-element-5b83a7d elementor-widget elementor-widget-spacer\" data-id=\"5b83a7d\" data-element_type=\"widget\" data-widget_type=\"spacer.default\">\n\t\t\t\t<div class=\"elementor-widget-container\">\n\t\t\t\t\t\t\t<div class=\"elementor-spacer\">\n\t\t\t<div class=\"elementor-spacer-inner\"><\/div>\n\t\t<\/div>\n\t\t\t\t\t\t<\/div>\n\t\t\t\t<\/div>\n\t\t\t\t<div class=\"elementor-element elementor-element-cea37a8 elementor-align-center elementor-widget elementor-widget-button\" data-id=\"cea37a8\" data-element_type=\"widget\" data-widget_type=\"button.default\">\n\t\t\t\t<div class=\"elementor-widget-container\">\n\t\t\t\t\t\t\t\t\t<div class=\"elementor-button-wrapper\">\n\t\t\t\t\t<a class=\"elementor-button elementor-button-link elementor-size-sm\" href=\"https:\/\/heyzine.com\/flip-book\/3fd03aea89.html\">\n\t\t\t\t\t\t<span class=\"elementor-button-content-wrapper\">\n\t\t\t\t\t\t\t\t\t<span class=\"elementor-button-text\">M\u0170SORF\u00dcZET LET\u00d6LT\u00c9SE<\/span>\n\t\t\t\t\t<\/span>\n\t\t\t\t\t<\/a>\n\t\t\t\t<\/div>\n\t\t\t\t\t\t\t\t<\/div>\n\t\t\t\t<\/div>\n\t\t\t\t<div class=\"elementor-element elementor-element-502a17f elementor-widget elementor-widget-spacer\" data-id=\"502a17f\" data-element_type=\"widget\" data-widget_type=\"spacer.default\">\n\t\t\t\t<div class=\"elementor-widget-container\">\n\t\t\t\t\t\t\t<div class=\"elementor-spacer\">\n\t\t\t<div class=\"elementor-spacer-inner\"><\/div>\n\t\t<\/div>\n\t\t\t\t\t\t<\/div>\n\t\t\t\t<\/div>\n\t\t\t\t\t<\/div>\n\t\t<\/div>\n\t\t\t\t\t<\/div>\n\t\t<\/section>\n\t\t\t\t<section class=\"elementor-section elementor-top-section elementor-element elementor-element-f88525c elementor-section-boxed elementor-section-height-default elementor-section-height-default\" data-id=\"f88525c\" data-element_type=\"section\">\n\t\t\t\t\t\t<div class=\"elementor-container elementor-column-gap-default\">\n\t\t\t\t\t<div class=\"elementor-column elementor-col-50 elementor-top-column elementor-element elementor-element-7b51b29\" data-id=\"7b51b29\" data-element_type=\"column\">\n\t\t\t<div class=\"elementor-widget-wrap elementor-element-populated\">\n\t\t\t\t\t\t<div class=\"elementor-element elementor-element-96b1053 elementor-widget elementor-widget-text-editor\" data-id=\"96b1053\" data-element_type=\"widget\" data-widget_type=\"text-editor.default\">\n\t\t\t\t<div class=\"elementor-widget-container\">\n\t\t\t\t\t\t\t\t\t<h3>augusztus 8., p\u00e9ntek 20:00<\/h3><h3><strong>Helysz\u00edn: <\/strong>H\u00edr\u00f6s Ag\u00f3ra Kultur\u00e1lis K\u00f6zpont<\/h3><h5><strong>Jegy\u00e1rak:<\/strong> 4.000 Ft, Nyugd\u00edjas jegy: 3.600 Ft,<\/h5><h5>Di\u00e1kjegy: 1.500 Ft<br \/>Kecskem\u00e9t k\u00e1rty\u00e1val 10% kedvezm\u00e9ny<\/h5>\t\t\t\t\t\t\t\t<\/div>\n\t\t\t\t<\/div>\n\t\t\t\t\t<\/div>\n\t\t<\/div>\n\t\t\t\t<div class=\"elementor-column elementor-col-50 elementor-top-column elementor-element elementor-element-693fb00\" data-id=\"693fb00\" data-element_type=\"column\">\n\t\t\t<div class=\"elementor-widget-wrap elementor-element-populated\">\n\t\t\t\t\t\t<div class=\"elementor-element elementor-element-47bc3d3 elementor-align-center elementor-widget elementor-widget-button\" data-id=\"47bc3d3\" data-element_type=\"widget\" data-widget_type=\"button.default\">\n\t\t\t\t<div class=\"elementor-widget-container\">\n\t\t\t\t\t\t\t\t\t<div class=\"elementor-button-wrapper\">\n\t\t\t\t\t<a class=\"elementor-button elementor-button-link elementor-size-sm\" href=\"https:\/\/hirosagora.jegy.hu\/program\/az-50-eves-kodaly-intezet-az-50-eves-hiros-agora-es-a-nemzetkozi-kodaly-tarsasag-jubileumi-koncertje-178878\">\n\t\t\t\t\t\t<span class=\"elementor-button-content-wrapper\">\n\t\t\t\t\t\t\t\t\t<span class=\"elementor-button-text\">JEGYV\u00c1S\u00c1RL\u00c1S<\/span>\n\t\t\t\t\t<\/span>\n\t\t\t\t\t<\/a>\n\t\t\t\t<\/div>\n\t\t\t\t\t\t\t\t<\/div>\n\t\t\t\t<\/div>\n\t\t\t\t\t<\/div>\n\t\t<\/div>\n\t\t\t\t\t<\/div>\n\t\t<\/section>\n\t\t\t\t<section class=\"elementor-section elementor-top-section elementor-element elementor-element-6144dad elementor-section-boxed elementor-section-height-default elementor-section-height-default\" data-id=\"6144dad\" data-element_type=\"section\">\n\t\t\t\t\t\t<div class=\"elementor-container elementor-column-gap-default\">\n\t\t\t\t\t<div class=\"elementor-column elementor-col-100 elementor-top-column elementor-element elementor-element-001afa4\" data-id=\"001afa4\" data-element_type=\"column\">\n\t\t\t<div class=\"elementor-widget-wrap elementor-element-populated\">\n\t\t\t\t\t\t<div class=\"elementor-element elementor-element-e63f4a5 elementor-widget elementor-widget-spacer\" data-id=\"e63f4a5\" data-element_type=\"widget\" data-widget_type=\"spacer.default\">\n\t\t\t\t<div class=\"elementor-widget-container\">\n\t\t\t\t\t\t\t<div class=\"elementor-spacer\">\n\t\t\t<div class=\"elementor-spacer-inner\"><\/div>\n\t\t<\/div>\n\t\t\t\t\t\t<\/div>\n\t\t\t\t<\/div>\n\t\t\t\t<div class=\"elementor-element elementor-element-7201a02 elementor-widget elementor-widget-google_maps\" data-id=\"7201a02\" data-element_type=\"widget\" data-widget_type=\"google_maps.default\">\n\t\t\t\t<div class=\"elementor-widget-container\">\n\t\t\t\t\t\t\t<div class=\"elementor-custom-embed\">\n\t\t\t<iframe loading=\"lazy\"\n\t\t\t\t\tsrc=\"https:\/\/maps.google.com\/maps?q=h%C3%ADr%C3%B6s%20ag%C3%B3ra%20kultur%C3%A1lis%20k%C3%B6zpont&#038;t=m&#038;z=17&#038;output=embed&#038;iwloc=near\"\n\t\t\t\t\ttitle=\"h\u00edr\u00f6s ag\u00f3ra kultur\u00e1lis k\u00f6zpont\"\n\t\t\t\t\taria-label=\"h\u00edr\u00f6s ag\u00f3ra kultur\u00e1lis k\u00f6zpont\"\n\t\t\t><\/iframe>\n\t\t<\/div>\n\t\t\t\t\t\t<\/div>\n\t\t\t\t<\/div>\n\t\t\t\t\t<\/div>\n\t\t<\/div>\n\t\t\t\t\t<\/div>\n\t\t<\/section>\n\t\t\t\t<\/div>\n\t\t","protected":false},"excerpt":{"rendered":"<p>augusztus 8., p\u00e9ntek 20:00 F\u00d6LSZ\u00c1LLOTT A P\u00c1VA AZ 50 \u00c9VES KOD\u00c1LY INT\u00c9ZET, AZ 50 \u00c9VES H\u00cdR\u00d6S AG\u00d3RA \u00c9S A NEMZETK\u00d6ZI KOD\u00c1LY T\u00c1RSAS\u00c1G JUBILEUMI KONCERTJE M\u0171sor:Kod\u00e1ly Zolt\u00e1n: K\u00e9t r\u00e9szlet a N\u00e9gy olasz madrig\u00e1l sorozatb\u00f3l Nr. 1.\u00a0Chi vou veder Nr. 3.\u00a0Chi d&#8217;amor sente A 27. Nemzetk\u00f6zi Kod\u00e1ly Szimp\u00f3zium Kamarak\u00f3rusa vez\u00e9nyel: F\u00fcri Anna Kod\u00e1ly Zolt\u00e1n: F\u00f6lsz\u00e1llott a p\u00e1va (v\u00e1ltozatok egy magyar n\u00e9pdalra)Kecskem\u00e9ti Szimfonikus Zenekarvez\u00e9nyel: Holl\u00f3k\u0151i Huba Kod\u00e1ly Zolt\u00e1n: Budav\u00e1ri Te Deum L\u00f6k\u00f6sh\u00e1zi M\u00e1ria (szopr\u00e1n), Rajk Judit (alt), K\u00f6rmendy Fl\u00f3ri\u00e1n (tenor), Cserm\u00e9nyi Zsombor (basszus)A 27. Nemzetk\u00f6zi Kod\u00e1ly Szimp\u00f3zium K\u00f3rusaKecskem\u00e9ti Szimfonikus Zenekarvez\u00e9nyel: Erdei P\u00e9ter M\u0170SORF\u00dcZET LET\u00d6LT\u00c9SE augusztus 8., p\u00e9ntek 20:00 Helysz\u00edn: H\u00edr\u00f6s Ag\u00f3ra Kultur\u00e1lis K\u00f6zpont Jegy\u00e1rak: 4.000 Ft, Nyugd\u00edjas jegy: 3.600 Ft, Di\u00e1kjegy: 1.500 FtKecskem\u00e9t k\u00e1rty\u00e1val 10% kedvezm\u00e9ny JEGYV\u00c1S\u00c1RL\u00c1S<\/p>\n","protected":false},"author":1,"featured_media":0,"parent":0,"menu_order":0,"comment_status":"closed","ping_status":"closed","template":"","meta":{"footnotes":""},"class_list":["post-4171","page","type-page","status-publish","hentry"],"_links":{"self":[{"href":"https:\/\/kodaly-muveszeti-fesztival.hu\/index.php?rest_route=\/wp\/v2\/pages\/4171","targetHints":{"allow":["GET"]}}],"collection":[{"href":"https:\/\/kodaly-muveszeti-fesztival.hu\/index.php?rest_route=\/wp\/v2\/pages"}],"about":[{"href":"https:\/\/kodaly-muveszeti-fesztival.hu\/index.php?rest_route=\/wp\/v2\/types\/page"}],"author":[{"embeddable":true,"href":"https:\/\/kodaly-muveszeti-fesztival.hu\/index.php?rest_route=\/wp\/v2\/users\/1"}],"replies":[{"embeddable":true,"href":"https:\/\/kodaly-muveszeti-fesztival.hu\/index.php?rest_route=%2Fwp%2Fv2%2Fcomments&post=4171"}],"version-history":[{"count":13,"href":"https:\/\/kodaly-muveszeti-fesztival.hu\/index.php?rest_route=\/wp\/v2\/pages\/4171\/revisions"}],"predecessor-version":[{"id":4473,"href":"https:\/\/kodaly-muveszeti-fesztival.hu\/index.php?rest_route=\/wp\/v2\/pages\/4171\/revisions\/4473"}],"wp:attachment":[{"href":"https:\/\/kodaly-muveszeti-fesztival.hu\/index.php?rest_route=%2Fwp%2Fv2%2Fmedia&parent=4171"}],"curies":[{"name":"wp","href":"https:\/\/api.w.org\/{rel}","templated":true}]}}