{"id":4161,"date":"2025-07-03T12:07:35","date_gmt":"2025-07-03T12:07:35","guid":{"rendered":"https:\/\/kodaly-muveszeti-fesztival.hu\/?page_id=4161"},"modified":"2025-07-29T06:24:30","modified_gmt":"2025-07-29T06:24:30","slug":"folszallott-a-pava","status":"publish","type":"page","link":"https:\/\/kodaly-muveszeti-fesztival.hu\/?page_id=4161","title":{"rendered":"F\u00d6LSZ\u00c1LLOTT A P\u00c1VA"},"content":{"rendered":"\t\t<div data-elementor-type=\"wp-page\" data-elementor-id=\"4161\" class=\"elementor elementor-4161\">\n\t\t\t\t\t\t<section class=\"elementor-section elementor-top-section elementor-element elementor-element-71075f01 elementor-section-boxed elementor-section-height-default elementor-section-height-default\" data-id=\"71075f01\" data-element_type=\"section\">\n\t\t\t\t\t\t<div class=\"elementor-container elementor-column-gap-default\">\n\t\t\t\t\t<div class=\"elementor-column elementor-col-100 elementor-top-column elementor-element elementor-element-5bb2c003\" data-id=\"5bb2c003\" data-element_type=\"column\">\n\t\t\t<div class=\"elementor-widget-wrap elementor-element-populated\">\n\t\t\t\t\t\t<div class=\"elementor-element elementor-element-e0fe062 elementor-widget elementor-widget-spacer\" data-id=\"e0fe062\" data-element_type=\"widget\" data-widget_type=\"spacer.default\">\n\t\t\t\t<div class=\"elementor-widget-container\">\n\t\t\t\t\t\t\t<div class=\"elementor-spacer\">\n\t\t\t<div class=\"elementor-spacer-inner\"><\/div>\n\t\t<\/div>\n\t\t\t\t\t\t<\/div>\n\t\t\t\t<\/div>\n\t\t\t\t<div class=\"elementor-element elementor-element-195dea8 elementor-widget elementor-widget-heading\" data-id=\"195dea8\" data-element_type=\"widget\" data-widget_type=\"heading.default\">\n\t\t\t\t<div class=\"elementor-widget-container\">\n\t\t\t\t\t<h2 class=\"elementor-heading-title elementor-size-default\">augusztus 7., cs\u00fct\u00f6rt\u00f6k 19:30<br>\nF\u00d6LSZ\u00c1LLOTT A P\u00c1VA\nAZ 50 \u00c9VES KOD\u00c1LY INT\u00c9ZET, AZ 50 \u00c9VES H\u00cdR\u00d6S AG\u00d3RA  \u00c9S A NEMZETK\u00d6ZI KOD\u00c1LY T\u00c1RSAS\u00c1G JUBILEUMI KONCERTJE\n\n\n\n\n<\/h2>\t\t\t\t<\/div>\n\t\t\t\t<\/div>\n\t\t\t\t<div class=\"elementor-element elementor-element-ca94748 elementor-widget elementor-widget-spacer\" data-id=\"ca94748\" data-element_type=\"widget\" data-widget_type=\"spacer.default\">\n\t\t\t\t<div class=\"elementor-widget-container\">\n\t\t\t\t\t\t\t<div class=\"elementor-spacer\">\n\t\t\t<div class=\"elementor-spacer-inner\"><\/div>\n\t\t<\/div>\n\t\t\t\t\t\t<\/div>\n\t\t\t\t<\/div>\n\t\t\t\t\t<\/div>\n\t\t<\/div>\n\t\t\t\t\t<\/div>\n\t\t<\/section>\n\t\t\t\t<section class=\"elementor-section elementor-top-section elementor-element elementor-element-734e1c5 elementor-section-boxed elementor-section-height-default elementor-section-height-default\" data-id=\"734e1c5\" data-element_type=\"section\">\n\t\t\t\t\t\t<div class=\"elementor-container elementor-column-gap-default\">\n\t\t\t\t\t<div class=\"elementor-column elementor-col-50 elementor-top-column elementor-element elementor-element-42c5e1f\" data-id=\"42c5e1f\" data-element_type=\"column\">\n\t\t\t<div class=\"elementor-widget-wrap elementor-element-populated\">\n\t\t\t\t\t\t<div class=\"elementor-element elementor-element-b9ec6a7 elementor-widget elementor-widget-image\" data-id=\"b9ec6a7\" data-element_type=\"widget\" data-widget_type=\"image.default\">\n\t\t\t\t<div class=\"elementor-widget-container\">\n\t\t\t\t\t\t\t\t\t\t\t\t\t\t\t<img fetchpriority=\"high\" decoding=\"async\" width=\"960\" height=\"960\" src=\"https:\/\/kodaly-muveszeti-fesztival.hu\/wp-content\/uploads\/2025\/07\/K25_WB_1080x_1-masolata-3-1024x1024.jpg\" class=\"attachment-large size-large wp-image-4090\" alt=\"\" srcset=\"https:\/\/kodaly-muveszeti-fesztival.hu\/wp-content\/uploads\/2025\/07\/K25_WB_1080x_1-masolata-3-1024x1024.jpg 1024w, https:\/\/kodaly-muveszeti-fesztival.hu\/wp-content\/uploads\/2025\/07\/K25_WB_1080x_1-masolata-3-300x300.jpg 300w, https:\/\/kodaly-muveszeti-fesztival.hu\/wp-content\/uploads\/2025\/07\/K25_WB_1080x_1-masolata-3-150x150.jpg 150w, https:\/\/kodaly-muveszeti-fesztival.hu\/wp-content\/uploads\/2025\/07\/K25_WB_1080x_1-masolata-3-768x768.jpg 768w, https:\/\/kodaly-muveszeti-fesztival.hu\/wp-content\/uploads\/2025\/07\/K25_WB_1080x_1-masolata-3-1140x1140.jpg 1140w, https:\/\/kodaly-muveszeti-fesztival.hu\/wp-content\/uploads\/2025\/07\/K25_WB_1080x_1-masolata-3-75x75.jpg 75w, https:\/\/kodaly-muveszeti-fesztival.hu\/wp-content\/uploads\/2025\/07\/K25_WB_1080x_1-masolata-3.jpg 1440w\" sizes=\"(max-width: 960px) 100vw, 960px\" \/>\t\t\t\t\t\t\t\t\t\t\t\t\t\t\t<\/div>\n\t\t\t\t<\/div>\n\t\t\t\t\t<\/div>\n\t\t<\/div>\n\t\t\t\t<div class=\"elementor-column elementor-col-50 elementor-top-column elementor-element elementor-element-8313f16\" data-id=\"8313f16\" data-element_type=\"column\">\n\t\t\t<div class=\"elementor-widget-wrap elementor-element-populated\">\n\t\t\t\t\t\t<div class=\"elementor-element elementor-element-7512b5b elementor-widget elementor-widget-text-editor\" data-id=\"7512b5b\" data-element_type=\"widget\" data-widget_type=\"text-editor.default\">\n\t\t\t\t<div class=\"elementor-widget-container\">\n\t\t\t\t\t\t\t\t\t<h5><strong>M\u0171sor:<\/strong><br \/><strong>Kod\u00e1ly Zolt\u00e1n: F\u00f6lsz\u00e1llott a p\u00e1va (v\u00e1ltozatok egy magyar n\u00e9pdalra)<br \/><\/strong>Kecskem\u00e9ti Szimfonikus Zenekar<br \/>vez\u00e9nyel: Holl\u00f3k\u0151i Huba<\/h5>\n<h5><strong>Kod\u00e1ly Zolt\u00e1n: 114. genfi zsolt\u00e1r <\/strong><\/h5>\n<h5>A 27. Nemzetk\u00f6zi Kod\u00e1ly Szimp\u00f3zium K\u00f3rusa<br \/>Horv\u00e1th M\u00e1rton Levente \u2013 orgona<\/h5>\n<h5>vez\u00e9nyel: Holl\u00f3k\u0151i Huba<br \/><strong>Kod\u00e1ly Zolt\u00e1n: Budav\u00e1ri Te Deum<\/strong><\/h5>\n<h5>L\u00f6k\u00f6sh\u00e1zi M\u00e1ria (szopr\u00e1n), Rajk Judit (alt),<\/h5>\n<h5>K\u00f6rmendy Fl\u00f3ri\u00e1n (tenor), Cserm\u00e9nyi Zsombor (basszus)<br \/>A 27. Nemzetk\u00f6zi Kod\u00e1ly Szimp\u00f3zium K\u00f3rusa<br \/>Kecskem\u00e9ti Szimfonikus Zenekar<br \/>vez\u00e9nyel: Erdei P\u00e9ter<\/h5>\t\t\t\t\t\t\t\t<\/div>\n\t\t\t\t<\/div>\n\t\t\t\t\t<\/div>\n\t\t<\/div>\n\t\t\t\t\t<\/div>\n\t\t<\/section>\n\t\t\t\t<section class=\"elementor-section elementor-top-section elementor-element elementor-element-aca26f9 elementor-section-boxed elementor-section-height-default elementor-section-height-default\" data-id=\"aca26f9\" data-element_type=\"section\">\n\t\t\t\t\t\t<div class=\"elementor-container elementor-column-gap-default\">\n\t\t\t\t\t<div class=\"elementor-column elementor-col-100 elementor-top-column elementor-element elementor-element-b3e1aed\" data-id=\"b3e1aed\" data-element_type=\"column\">\n\t\t\t<div class=\"elementor-widget-wrap elementor-element-populated\">\n\t\t\t\t\t\t<div class=\"elementor-element elementor-element-c190209 elementor-widget elementor-widget-spacer\" data-id=\"c190209\" data-element_type=\"widget\" data-widget_type=\"spacer.default\">\n\t\t\t\t<div class=\"elementor-widget-container\">\n\t\t\t\t\t\t\t<div class=\"elementor-spacer\">\n\t\t\t<div class=\"elementor-spacer-inner\"><\/div>\n\t\t<\/div>\n\t\t\t\t\t\t<\/div>\n\t\t\t\t<\/div>\n\t\t\t\t<div class=\"elementor-element elementor-element-5caedac elementor-align-center elementor-widget elementor-widget-button\" data-id=\"5caedac\" data-element_type=\"widget\" data-widget_type=\"button.default\">\n\t\t\t\t<div class=\"elementor-widget-container\">\n\t\t\t\t\t\t\t\t\t<div class=\"elementor-button-wrapper\">\n\t\t\t\t\t<a class=\"elementor-button elementor-button-link elementor-size-sm\" href=\"https:\/\/heyzine.com\/flip-book\/3fd03aea89.html\">\n\t\t\t\t\t\t<span class=\"elementor-button-content-wrapper\">\n\t\t\t\t\t\t\t\t\t<span class=\"elementor-button-text\">M\u0170SORF\u00dcZET LET\u00d6LT\u00c9SE<\/span>\n\t\t\t\t\t<\/span>\n\t\t\t\t\t<\/a>\n\t\t\t\t<\/div>\n\t\t\t\t\t\t\t\t<\/div>\n\t\t\t\t<\/div>\n\t\t\t\t<div class=\"elementor-element elementor-element-2a6769d elementor-widget elementor-widget-spacer\" data-id=\"2a6769d\" data-element_type=\"widget\" data-widget_type=\"spacer.default\">\n\t\t\t\t<div class=\"elementor-widget-container\">\n\t\t\t\t\t\t\t<div class=\"elementor-spacer\">\n\t\t\t<div class=\"elementor-spacer-inner\"><\/div>\n\t\t<\/div>\n\t\t\t\t\t\t<\/div>\n\t\t\t\t<\/div>\n\t\t\t\t\t<\/div>\n\t\t<\/div>\n\t\t\t\t\t<\/div>\n\t\t<\/section>\n\t\t\t\t<section class=\"elementor-section elementor-top-section elementor-element elementor-element-62961fa elementor-section-boxed elementor-section-height-default elementor-section-height-default\" data-id=\"62961fa\" data-element_type=\"section\">\n\t\t\t\t\t\t<div class=\"elementor-container elementor-column-gap-default\">\n\t\t\t\t\t<div class=\"elementor-column elementor-col-50 elementor-top-column elementor-element elementor-element-2041a8d\" data-id=\"2041a8d\" data-element_type=\"column\">\n\t\t\t<div class=\"elementor-widget-wrap elementor-element-populated\">\n\t\t\t\t\t\t<div class=\"elementor-element elementor-element-15220dd elementor-widget elementor-widget-text-editor\" data-id=\"15220dd\" data-element_type=\"widget\" data-widget_type=\"text-editor.default\">\n\t\t\t\t<div class=\"elementor-widget-container\">\n\t\t\t\t\t\t\t\t\t<h3>augusztus 7., cs\u00fct\u00f6rt\u00f6k 19:30<\/h3>\n<h3><strong>Helysz\u00edn: <\/strong>Zeneakad\u00e9mia, Budapest<\/h3>\n<h5><strong>Jegy\u00e1r:<\/strong> 1.900 Ft<\/h5>\t\t\t\t\t\t\t\t<\/div>\n\t\t\t\t<\/div>\n\t\t\t\t\t<\/div>\n\t\t<\/div>\n\t\t\t\t<div class=\"elementor-column elementor-col-50 elementor-top-column elementor-element elementor-element-5397aa2\" data-id=\"5397aa2\" data-element_type=\"column\">\n\t\t\t<div class=\"elementor-widget-wrap elementor-element-populated\">\n\t\t\t\t\t\t<div class=\"elementor-element elementor-element-4442c5d elementor-align-center elementor-widget elementor-widget-button\" data-id=\"4442c5d\" data-element_type=\"widget\" data-widget_type=\"button.default\">\n\t\t\t\t<div class=\"elementor-widget-container\">\n\t\t\t\t\t\t\t\t\t<div class=\"elementor-button-wrapper\">\n\t\t\t\t\t<a class=\"elementor-button elementor-button-link elementor-size-sm\" href=\"https:\/\/zeneakademia.jegy.hu\/program\/felszallott-a-pava-177574\">\n\t\t\t\t\t\t<span class=\"elementor-button-content-wrapper\">\n\t\t\t\t\t\t\t\t\t<span class=\"elementor-button-text\">JEGYV\u00c1S\u00c1RL\u00c1S<\/span>\n\t\t\t\t\t<\/span>\n\t\t\t\t\t<\/a>\n\t\t\t\t<\/div>\n\t\t\t\t\t\t\t\t<\/div>\n\t\t\t\t<\/div>\n\t\t\t\t\t<\/div>\n\t\t<\/div>\n\t\t\t\t\t<\/div>\n\t\t<\/section>\n\t\t\t\t<section class=\"elementor-section elementor-top-section elementor-element elementor-element-c2fc06f elementor-section-boxed elementor-section-height-default elementor-section-height-default\" data-id=\"c2fc06f\" data-element_type=\"section\">\n\t\t\t\t\t\t<div class=\"elementor-container elementor-column-gap-default\">\n\t\t\t\t\t<div class=\"elementor-column elementor-col-100 elementor-top-column elementor-element elementor-element-8985900\" data-id=\"8985900\" data-element_type=\"column\">\n\t\t\t<div class=\"elementor-widget-wrap elementor-element-populated\">\n\t\t\t\t\t\t<div class=\"elementor-element elementor-element-21340da elementor-widget elementor-widget-spacer\" data-id=\"21340da\" data-element_type=\"widget\" data-widget_type=\"spacer.default\">\n\t\t\t\t<div class=\"elementor-widget-container\">\n\t\t\t\t\t\t\t<div class=\"elementor-spacer\">\n\t\t\t<div class=\"elementor-spacer-inner\"><\/div>\n\t\t<\/div>\n\t\t\t\t\t\t<\/div>\n\t\t\t\t<\/div>\n\t\t\t\t<div class=\"elementor-element elementor-element-e1cd44f elementor-widget elementor-widget-google_maps\" data-id=\"e1cd44f\" data-element_type=\"widget\" data-widget_type=\"google_maps.default\">\n\t\t\t\t<div class=\"elementor-widget-container\">\n\t\t\t\t\t\t\t<div class=\"elementor-custom-embed\">\n\t\t\t<iframe loading=\"lazy\"\n\t\t\t\t\tsrc=\"https:\/\/maps.google.com\/maps?q=budapest%20zeneakad%C3%A9mia&#038;t=m&#038;z=17&#038;output=embed&#038;iwloc=near\"\n\t\t\t\t\ttitle=\"budapest zeneakad\u00e9mia\"\n\t\t\t\t\taria-label=\"budapest zeneakad\u00e9mia\"\n\t\t\t><\/iframe>\n\t\t<\/div>\n\t\t\t\t\t\t<\/div>\n\t\t\t\t<\/div>\n\t\t\t\t\t<\/div>\n\t\t<\/div>\n\t\t\t\t\t<\/div>\n\t\t<\/section>\n\t\t\t\t<\/div>\n\t\t","protected":false},"excerpt":{"rendered":"<p>augusztus 7., cs\u00fct\u00f6rt\u00f6k 19:30 F\u00d6LSZ\u00c1LLOTT A P\u00c1VA AZ 50 \u00c9VES KOD\u00c1LY INT\u00c9ZET, AZ 50 \u00c9VES H\u00cdR\u00d6S AG\u00d3RA \u00c9S A NEMZETK\u00d6ZI KOD\u00c1LY T\u00c1RSAS\u00c1G JUBILEUMI KONCERTJE M\u0171sor:Kod\u00e1ly Zolt\u00e1n: F\u00f6lsz\u00e1llott a p\u00e1va (v\u00e1ltozatok egy magyar n\u00e9pdalra)Kecskem\u00e9ti Szimfonikus Zenekarvez\u00e9nyel: Holl\u00f3k\u0151i Huba Kod\u00e1ly Zolt\u00e1n: 114. genfi zsolt\u00e1r A 27. Nemzetk\u00f6zi Kod\u00e1ly Szimp\u00f3zium K\u00f3rusaHorv\u00e1th M\u00e1rton Levente \u2013 orgona vez\u00e9nyel: Holl\u00f3k\u0151i HubaKod\u00e1ly Zolt\u00e1n: Budav\u00e1ri Te Deum L\u00f6k\u00f6sh\u00e1zi M\u00e1ria (szopr\u00e1n), Rajk Judit (alt), K\u00f6rmendy Fl\u00f3ri\u00e1n (tenor), Cserm\u00e9nyi Zsombor (basszus)A 27. Nemzetk\u00f6zi Kod\u00e1ly Szimp\u00f3zium K\u00f3rusaKecskem\u00e9ti Szimfonikus Zenekarvez\u00e9nyel: Erdei P\u00e9ter M\u0170SORF\u00dcZET LET\u00d6LT\u00c9SE augusztus 7., cs\u00fct\u00f6rt\u00f6k 19:30 Helysz\u00edn: Zeneakad\u00e9mia, Budapest Jegy\u00e1r: 1.900 Ft JEGYV\u00c1S\u00c1RL\u00c1S<\/p>\n","protected":false},"author":1,"featured_media":0,"parent":0,"menu_order":0,"comment_status":"closed","ping_status":"closed","template":"","meta":{"footnotes":""},"class_list":["post-4161","page","type-page","status-publish","hentry"],"_links":{"self":[{"href":"https:\/\/kodaly-muveszeti-fesztival.hu\/index.php?rest_route=\/wp\/v2\/pages\/4161","targetHints":{"allow":["GET"]}}],"collection":[{"href":"https:\/\/kodaly-muveszeti-fesztival.hu\/index.php?rest_route=\/wp\/v2\/pages"}],"about":[{"href":"https:\/\/kodaly-muveszeti-fesztival.hu\/index.php?rest_route=\/wp\/v2\/types\/page"}],"author":[{"embeddable":true,"href":"https:\/\/kodaly-muveszeti-fesztival.hu\/index.php?rest_route=\/wp\/v2\/users\/1"}],"replies":[{"embeddable":true,"href":"https:\/\/kodaly-muveszeti-fesztival.hu\/index.php?rest_route=%2Fwp%2Fv2%2Fcomments&post=4161"}],"version-history":[{"count":13,"href":"https:\/\/kodaly-muveszeti-fesztival.hu\/index.php?rest_route=\/wp\/v2\/pages\/4161\/revisions"}],"predecessor-version":[{"id":4499,"href":"https:\/\/kodaly-muveszeti-fesztival.hu\/index.php?rest_route=\/wp\/v2\/pages\/4161\/revisions\/4499"}],"wp:attachment":[{"href":"https:\/\/kodaly-muveszeti-fesztival.hu\/index.php?rest_route=%2Fwp%2Fv2%2Fmedia&parent=4161"}],"curies":[{"name":"wp","href":"https:\/\/api.w.org\/{rel}","templated":true}]}}