{"id":4147,"date":"2025-07-03T12:05:28","date_gmt":"2025-07-03T12:05:28","guid":{"rendered":"https:\/\/kodaly-muveszeti-fesztival.hu\/?page_id=4147"},"modified":"2025-07-22T14:05:09","modified_gmt":"2025-07-22T14:05:09","slug":"szokolay-dongo-balazs-fohasz","status":"publish","type":"page","link":"https:\/\/kodaly-muveszeti-fesztival.hu\/?page_id=4147","title":{"rendered":"SZOKOLAY DONG\u00d3 BAL\u00c1ZS: FOH\u00c1SZ"},"content":{"rendered":"\t\t<div data-elementor-type=\"wp-page\" data-elementor-id=\"4147\" class=\"elementor elementor-4147\">\n\t\t\t\t\t\t<section class=\"elementor-section elementor-top-section elementor-element elementor-element-798628b elementor-section-boxed elementor-section-height-default elementor-section-height-default\" data-id=\"798628b\" data-element_type=\"section\">\n\t\t\t\t\t\t<div class=\"elementor-container elementor-column-gap-default\">\n\t\t\t\t\t<div class=\"elementor-column elementor-col-100 elementor-top-column elementor-element elementor-element-322ac6c\" data-id=\"322ac6c\" data-element_type=\"column\">\n\t\t\t<div class=\"elementor-widget-wrap elementor-element-populated\">\n\t\t\t\t\t\t<div class=\"elementor-element elementor-element-4335ac8 elementor-widget elementor-widget-spacer\" data-id=\"4335ac8\" data-element_type=\"widget\" data-widget_type=\"spacer.default\">\n\t\t\t\t<div class=\"elementor-widget-container\">\n\t\t\t\t\t\t\t<div class=\"elementor-spacer\">\n\t\t\t<div class=\"elementor-spacer-inner\"><\/div>\n\t\t<\/div>\n\t\t\t\t\t\t<\/div>\n\t\t\t\t<\/div>\n\t\t\t\t<div class=\"elementor-element elementor-element-92228d8 elementor-widget elementor-widget-heading\" data-id=\"92228d8\" data-element_type=\"widget\" data-widget_type=\"heading.default\">\n\t\t\t\t<div class=\"elementor-widget-container\">\n\t\t\t\t\t<h2 class=\"elementor-heading-title elementor-size-default\">augusztus 6., szerda 20:00 <br>\nSZOKOLAY DONG\u00d3 BAL\u00c1ZS: FOH\u00c1SZ \n\n\n\n<\/h2>\t\t\t\t<\/div>\n\t\t\t\t<\/div>\n\t\t\t\t<div class=\"elementor-element elementor-element-591a66b elementor-widget elementor-widget-spacer\" data-id=\"591a66b\" data-element_type=\"widget\" data-widget_type=\"spacer.default\">\n\t\t\t\t<div class=\"elementor-widget-container\">\n\t\t\t\t\t\t\t<div class=\"elementor-spacer\">\n\t\t\t<div class=\"elementor-spacer-inner\"><\/div>\n\t\t<\/div>\n\t\t\t\t\t\t<\/div>\n\t\t\t\t<\/div>\n\t\t\t\t\t<\/div>\n\t\t<\/div>\n\t\t\t\t\t<\/div>\n\t\t<\/section>\n\t\t\t\t<section class=\"elementor-section elementor-top-section elementor-element elementor-element-b1ba1ef elementor-section-boxed elementor-section-height-default elementor-section-height-default\" data-id=\"b1ba1ef\" data-element_type=\"section\">\n\t\t\t\t\t\t<div class=\"elementor-container elementor-column-gap-default\">\n\t\t\t\t\t<div class=\"elementor-column elementor-col-50 elementor-top-column elementor-element elementor-element-1ca6f7e\" data-id=\"1ca6f7e\" data-element_type=\"column\">\n\t\t\t<div class=\"elementor-widget-wrap elementor-element-populated\">\n\t\t\t\t\t\t<div class=\"elementor-element elementor-element-16d6a3c elementor-widget elementor-widget-image\" data-id=\"16d6a3c\" data-element_type=\"widget\" data-widget_type=\"image.default\">\n\t\t\t\t<div class=\"elementor-widget-container\">\n\t\t\t\t\t\t\t\t\t\t\t\t\t\t\t<img fetchpriority=\"high\" decoding=\"async\" width=\"960\" height=\"960\" src=\"https:\/\/kodaly-muveszeti-fesztival.hu\/wp-content\/uploads\/2025\/07\/K25_WB_1080x_1-masolata-3-1024x1024.jpg\" class=\"attachment-large size-large wp-image-4090\" alt=\"\" srcset=\"https:\/\/kodaly-muveszeti-fesztival.hu\/wp-content\/uploads\/2025\/07\/K25_WB_1080x_1-masolata-3-1024x1024.jpg 1024w, https:\/\/kodaly-muveszeti-fesztival.hu\/wp-content\/uploads\/2025\/07\/K25_WB_1080x_1-masolata-3-300x300.jpg 300w, https:\/\/kodaly-muveszeti-fesztival.hu\/wp-content\/uploads\/2025\/07\/K25_WB_1080x_1-masolata-3-150x150.jpg 150w, https:\/\/kodaly-muveszeti-fesztival.hu\/wp-content\/uploads\/2025\/07\/K25_WB_1080x_1-masolata-3-768x768.jpg 768w, https:\/\/kodaly-muveszeti-fesztival.hu\/wp-content\/uploads\/2025\/07\/K25_WB_1080x_1-masolata-3-1140x1140.jpg 1140w, https:\/\/kodaly-muveszeti-fesztival.hu\/wp-content\/uploads\/2025\/07\/K25_WB_1080x_1-masolata-3-75x75.jpg 75w, https:\/\/kodaly-muveszeti-fesztival.hu\/wp-content\/uploads\/2025\/07\/K25_WB_1080x_1-masolata-3.jpg 1440w\" sizes=\"(max-width: 960px) 100vw, 960px\" \/>\t\t\t\t\t\t\t\t\t\t\t\t\t\t\t<\/div>\n\t\t\t\t<\/div>\n\t\t\t\t\t<\/div>\n\t\t<\/div>\n\t\t\t\t<div class=\"elementor-column elementor-col-50 elementor-top-column elementor-element elementor-element-8c52864\" data-id=\"8c52864\" data-element_type=\"column\">\n\t\t\t<div class=\"elementor-widget-wrap elementor-element-populated\">\n\t\t\t\t\t\t<div class=\"elementor-element elementor-element-2450271 elementor-widget elementor-widget-text-editor\" data-id=\"2450271\" data-element_type=\"widget\" data-widget_type=\"text-editor.default\">\n\t\t\t\t<div class=\"elementor-widget-container\">\n\t\t\t\t\t\t\t\t\t<h5>Szokolay Dong\u00f3 Bal\u00e1zs\u00a0&#8211; n\u00e9pi f\u00fav\u00f3s hangszerek<br \/>Bodrogi \u00c9va\u00a0&#8211; \u00e9nek<br \/>Fej\u00e9rv\u00e1ri J\u00e1nos\u00a0&#8211; br\u00e1csa<br \/>Horv\u00e1th M\u00e1rton Levente\u00a0\u2013 orgona<\/h5><p>\u00a0<\/p><h5>Ezen az est\u00e9n Szokolay Dong\u00f3 Bal\u00e1zs h\u00edvja elm\u00e9lked\u00e9sre a k\u00f6z\u00f6ns\u00e9get. A koncerten ugyanis szinte kiv\u00e9tel n\u00e9lk\u00fcl az \u0150 m\u0171vei sz\u00f3lnak. A t\u00e9telek az egyh\u00e1zi \u00e9v k\u00fcl\u00f6nb\u00f6z\u0151 id\u0151szakaib\u00f3l mer\u00edtenek, az inspir\u00e1ci\u00f3k k\u00f6z\u00f6tt tal\u00e1lunk latin \u00e9nekeket, n\u00e9p\u00e9nekeket, liturgikus dallamokat \u00e9s himnuszokat is. A zen\u00e9t hallgatva \u00fajra \u00e1t\u00e9lhetj\u00fck az egyh\u00e1zi kult\u00fara id\u0151tlens\u00e9g\u00e9t \u00e9s az orgona univerzalit\u00e1s\u00e1t, ahogyan minden st\u00edlust \u00e9s hangz\u00e1seszm\u00e9nyt k\u00e9pes mag\u00e1ba olvasztani. Legyen \u00d6n is r\u00e9szese az \u00f6r\u00f6k \u00e1raml\u00e1snak!<\/h5><p>\u00a0<\/p><h5><strong>M\u0171sor:<\/strong><br \/>Szokolay Dong\u00f3 Bal\u00e1zs: Foh\u00e1sz<br \/>Szokolay Dong\u00f3 Bal\u00e1zs: Reg\u0151s\u00e9nek<br \/>\u00c1rv\u00e1tfalvi &#8211; n\u00e9pdal<br \/>Szokolay Dong\u00f3 Bal\u00e1zs: Mariam Matrem<br \/>Szokolay Dong\u00f3 Bal\u00e1zs: Boldog asszony<br \/>Szokolay Dong\u00f3 Bal\u00e1zs: Paradicsom k\u0151kertjibe I.<br \/>K\u00e9k ibolya &#8211; n\u00e9pdal<br \/>Szokolay Dong\u00f3 Bal\u00e1zs: Zsigmond-kori t\u00f6red\u00e9k<br \/>Istenem Istenem &#8211; n\u00e9pdal<br \/>Szokolay Dong\u00f3 Bal\u00e1zs: Harmatozzatok<br \/>Szokolay Dong\u00f3 Bal\u00e1zs: In hoc anni<br \/>Szokolay Dong\u00f3 Bal\u00e1zs: Licet eger cum egotis<br \/>Szokolay Dong\u00f3 Bal\u00e1zs: E mai nap egy kis gyermek<br \/>Bart\u00f3k: Cs\u00edkmegyei n\u00e9pdal<br \/>Szokolay Dong\u00f3 Bal\u00e1zs: \u00daj esztend\u0151<br \/>Szokolay Dong\u00f3 Bal\u00e1zs: \u00c1ldattass\u00e1l kisded J\u00e9zus!<br \/>Szokolay Dong\u00f3 Bal\u00e1zs: Ne hagyj elesnem<br \/>Szokolay Dong\u00f3 Bal\u00e1zs: Paradicsom k\u0151kertjibe ll.<br \/>Szokolay Dong\u00f3 Bal\u00e1zs: Vite perdite me legi<br \/>Szokolay Dong\u00f3 Bal\u00e1zs: Fas et ne fas<br \/>Szokolay Dong\u00f3 Bal\u00e1zs: Ima<\/h5><p>\u00a0<\/p><h5><strong>Az el\u0151ad\u00e1s hossza:<\/strong> 70 perc, sz\u00fcnet n\u00e9lk\u00fcl<\/h5>\t\t\t\t\t\t\t\t<\/div>\n\t\t\t\t<\/div>\n\t\t\t\t\t<\/div>\n\t\t<\/div>\n\t\t\t\t\t<\/div>\n\t\t<\/section>\n\t\t\t\t<section class=\"elementor-section elementor-top-section elementor-element elementor-element-254cbd7 elementor-section-boxed elementor-section-height-default elementor-section-height-default\" data-id=\"254cbd7\" data-element_type=\"section\">\n\t\t\t\t\t\t<div class=\"elementor-container elementor-column-gap-default\">\n\t\t\t\t\t<div class=\"elementor-column elementor-col-100 elementor-top-column elementor-element elementor-element-4a9ab29\" data-id=\"4a9ab29\" data-element_type=\"column\">\n\t\t\t<div class=\"elementor-widget-wrap elementor-element-populated\">\n\t\t\t\t\t\t<div class=\"elementor-element elementor-element-8201a7b elementor-widget elementor-widget-spacer\" data-id=\"8201a7b\" data-element_type=\"widget\" data-widget_type=\"spacer.default\">\n\t\t\t\t<div class=\"elementor-widget-container\">\n\t\t\t\t\t\t\t<div class=\"elementor-spacer\">\n\t\t\t<div class=\"elementor-spacer-inner\"><\/div>\n\t\t<\/div>\n\t\t\t\t\t\t<\/div>\n\t\t\t\t<\/div>\n\t\t\t\t<div class=\"elementor-element elementor-element-c9ade23 elementor-align-center elementor-widget elementor-widget-button\" data-id=\"c9ade23\" data-element_type=\"widget\" data-widget_type=\"button.default\">\n\t\t\t\t<div class=\"elementor-widget-container\">\n\t\t\t\t\t\t\t\t\t<div class=\"elementor-button-wrapper\">\n\t\t\t\t\t<a class=\"elementor-button elementor-button-link elementor-size-sm\" href=\"https:\/\/heyzine.com\/flip-book\/3fd03aea89.html\">\n\t\t\t\t\t\t<span class=\"elementor-button-content-wrapper\">\n\t\t\t\t\t\t\t\t\t<span class=\"elementor-button-text\">M\u0170SORF\u00dcZET LET\u00d6LT\u00c9SE<\/span>\n\t\t\t\t\t<\/span>\n\t\t\t\t\t<\/a>\n\t\t\t\t<\/div>\n\t\t\t\t\t\t\t\t<\/div>\n\t\t\t\t<\/div>\n\t\t\t\t<div class=\"elementor-element elementor-element-9e559de elementor-widget elementor-widget-spacer\" data-id=\"9e559de\" data-element_type=\"widget\" data-widget_type=\"spacer.default\">\n\t\t\t\t<div class=\"elementor-widget-container\">\n\t\t\t\t\t\t\t<div class=\"elementor-spacer\">\n\t\t\t<div class=\"elementor-spacer-inner\"><\/div>\n\t\t<\/div>\n\t\t\t\t\t\t<\/div>\n\t\t\t\t<\/div>\n\t\t\t\t\t<\/div>\n\t\t<\/div>\n\t\t\t\t\t<\/div>\n\t\t<\/section>\n\t\t\t\t<section class=\"elementor-section elementor-top-section elementor-element elementor-element-f66b119 elementor-section-boxed elementor-section-height-default elementor-section-height-default\" data-id=\"f66b119\" data-element_type=\"section\">\n\t\t\t\t\t\t<div class=\"elementor-container elementor-column-gap-default\">\n\t\t\t\t\t<div class=\"elementor-column elementor-col-50 elementor-top-column elementor-element elementor-element-daac156\" data-id=\"daac156\" data-element_type=\"column\">\n\t\t\t<div class=\"elementor-widget-wrap elementor-element-populated\">\n\t\t\t\t\t\t<div class=\"elementor-element elementor-element-ecdc1bf elementor-widget elementor-widget-text-editor\" data-id=\"ecdc1bf\" data-element_type=\"widget\" data-widget_type=\"text-editor.default\">\n\t\t\t\t<div class=\"elementor-widget-container\">\n\t\t\t\t\t\t\t\t\t<h3>augusztus 6., szerda 20:00<\/h3><h3><strong>Helysz\u00edn:<\/strong> Nagytemplom<strong>\u00a0 <\/strong><\/h3><h5><strong>Jegy\u00e1rak:<\/strong> 4.000 Ft, <strong>Nyugd\u00edjas jegy:<\/strong> 3.600 Ft, <strong>Di\u00e1kjegy:<\/strong> 1.500 Ft<\/h5><h5>Kecskem\u00e9t k\u00e1rty\u00e1val 10% kedvezm\u00e9ny<\/h5>\t\t\t\t\t\t\t\t<\/div>\n\t\t\t\t<\/div>\n\t\t\t\t\t<\/div>\n\t\t<\/div>\n\t\t\t\t<div class=\"elementor-column elementor-col-50 elementor-top-column elementor-element elementor-element-cee5492\" data-id=\"cee5492\" data-element_type=\"column\">\n\t\t\t<div class=\"elementor-widget-wrap elementor-element-populated\">\n\t\t\t\t\t\t<div class=\"elementor-element elementor-element-8bff3c3 elementor-align-center elementor-widget elementor-widget-button\" data-id=\"8bff3c3\" data-element_type=\"widget\" data-widget_type=\"button.default\">\n\t\t\t\t<div class=\"elementor-widget-container\">\n\t\t\t\t\t\t\t\t\t<div class=\"elementor-button-wrapper\">\n\t\t\t\t\t<a class=\"elementor-button elementor-button-link elementor-size-sm\" href=\"https:\/\/hirosagora.jegy.hu\/program\/kodaly-muveszeti-fesztival-2025-szokolay-dongo-balazs-fohasz-178447\">\n\t\t\t\t\t\t<span class=\"elementor-button-content-wrapper\">\n\t\t\t\t\t\t\t\t\t<span class=\"elementor-button-text\">JEGYV\u00c1S\u00c1RL\u00c1S<\/span>\n\t\t\t\t\t<\/span>\n\t\t\t\t\t<\/a>\n\t\t\t\t<\/div>\n\t\t\t\t\t\t\t\t<\/div>\n\t\t\t\t<\/div>\n\t\t\t\t\t<\/div>\n\t\t<\/div>\n\t\t\t\t\t<\/div>\n\t\t<\/section>\n\t\t\t\t<section class=\"elementor-section elementor-top-section elementor-element elementor-element-5e05b29 elementor-section-boxed elementor-section-height-default elementor-section-height-default\" data-id=\"5e05b29\" data-element_type=\"section\">\n\t\t\t\t\t\t<div class=\"elementor-container elementor-column-gap-default\">\n\t\t\t\t\t<div class=\"elementor-column elementor-col-100 elementor-top-column elementor-element elementor-element-1c9c131\" data-id=\"1c9c131\" data-element_type=\"column\">\n\t\t\t<div class=\"elementor-widget-wrap elementor-element-populated\">\n\t\t\t\t\t\t<div class=\"elementor-element elementor-element-e030ba6 elementor-widget elementor-widget-spacer\" data-id=\"e030ba6\" data-element_type=\"widget\" data-widget_type=\"spacer.default\">\n\t\t\t\t<div class=\"elementor-widget-container\">\n\t\t\t\t\t\t\t<div class=\"elementor-spacer\">\n\t\t\t<div class=\"elementor-spacer-inner\"><\/div>\n\t\t<\/div>\n\t\t\t\t\t\t<\/div>\n\t\t\t\t<\/div>\n\t\t\t\t<div class=\"elementor-element elementor-element-643ef12 elementor-widget elementor-widget-google_maps\" data-id=\"643ef12\" data-element_type=\"widget\" data-widget_type=\"google_maps.default\">\n\t\t\t\t<div class=\"elementor-widget-container\">\n\t\t\t\t\t\t\t<div class=\"elementor-custom-embed\">\n\t\t\t<iframe loading=\"lazy\"\n\t\t\t\t\tsrc=\"https:\/\/maps.google.com\/maps?q=Kecskem%C3%A9t%20Nagytemplom&#038;t=m&#038;z=17&#038;output=embed&#038;iwloc=near\"\n\t\t\t\t\ttitle=\"Kecskem\u00e9t Nagytemplom\"\n\t\t\t\t\taria-label=\"Kecskem\u00e9t Nagytemplom\"\n\t\t\t><\/iframe>\n\t\t<\/div>\n\t\t\t\t\t\t<\/div>\n\t\t\t\t<\/div>\n\t\t\t\t\t<\/div>\n\t\t<\/div>\n\t\t\t\t\t<\/div>\n\t\t<\/section>\n\t\t\t\t<\/div>\n\t\t","protected":false},"excerpt":{"rendered":"<p>augusztus 6., szerda 20:00 SZOKOLAY DONG\u00d3 BAL\u00c1ZS: FOH\u00c1SZ Szokolay Dong\u00f3 Bal\u00e1zs\u00a0&#8211; n\u00e9pi f\u00fav\u00f3s hangszerekBodrogi \u00c9va\u00a0&#8211; \u00e9nekFej\u00e9rv\u00e1ri J\u00e1nos\u00a0&#8211; br\u00e1csaHorv\u00e1th M\u00e1rton Levente\u00a0\u2013 orgona \u00a0 Ezen az est\u00e9n Szokolay Dong\u00f3 Bal\u00e1zs h\u00edvja elm\u00e9lked\u00e9sre a k\u00f6z\u00f6ns\u00e9get. A koncerten ugyanis szinte kiv\u00e9tel n\u00e9lk\u00fcl az \u0150 m\u0171vei sz\u00f3lnak. A t\u00e9telek az egyh\u00e1zi \u00e9v k\u00fcl\u00f6nb\u00f6z\u0151 id\u0151szakaib\u00f3l mer\u00edtenek, az inspir\u00e1ci\u00f3k k\u00f6z\u00f6tt tal\u00e1lunk latin \u00e9nekeket, n\u00e9p\u00e9nekeket, liturgikus dallamokat \u00e9s himnuszokat is. A zen\u00e9t hallgatva \u00fajra \u00e1t\u00e9lhetj\u00fck az egyh\u00e1zi kult\u00fara id\u0151tlens\u00e9g\u00e9t \u00e9s az orgona univerzalit\u00e1s\u00e1t, ahogyan minden st\u00edlust \u00e9s hangz\u00e1seszm\u00e9nyt k\u00e9pes mag\u00e1ba olvasztani. Legyen \u00d6n is r\u00e9szese az \u00f6r\u00f6k \u00e1raml\u00e1snak! \u00a0 M\u0171sor:Szokolay Dong\u00f3 Bal\u00e1zs: Foh\u00e1szSzokolay Dong\u00f3 Bal\u00e1zs: Reg\u0151s\u00e9nek\u00c1rv\u00e1tfalvi &#8211; n\u00e9pdalSzokolay Dong\u00f3 Bal\u00e1zs: Mariam MatremSzokolay Dong\u00f3 Bal\u00e1zs: Boldog asszonySzokolay Dong\u00f3 Bal\u00e1zs: Paradicsom k\u0151kertjibe I.K\u00e9k ibolya &#8211; n\u00e9pdalSzokolay Dong\u00f3 Bal\u00e1zs: Zsigmond-kori t\u00f6red\u00e9kIstenem Istenem &#8211; n\u00e9pdalSzokolay Dong\u00f3 Bal\u00e1zs: HarmatozzatokSzokolay Dong\u00f3 Bal\u00e1zs: In hoc anniSzokolay Dong\u00f3 Bal\u00e1zs: Licet eger cum egotisSzokolay Dong\u00f3 Bal\u00e1zs: E mai nap egy kis gyermekBart\u00f3k: Cs\u00edkmegyei n\u00e9pdalSzokolay Dong\u00f3 Bal\u00e1zs: \u00daj esztend\u0151Szokolay Dong\u00f3 Bal\u00e1zs: \u00c1ldattass\u00e1l kisded J\u00e9zus!Szokolay Dong\u00f3 Bal\u00e1zs: Ne hagyj elesnemSzokolay Dong\u00f3 Bal\u00e1zs: Paradicsom k\u0151kertjibe ll.Szokolay Dong\u00f3 Bal\u00e1zs: Vite perdite me legiSzokolay Dong\u00f3 Bal\u00e1zs: Fas et ne fasSzokolay Dong\u00f3 Bal\u00e1zs: Ima \u00a0 Az el\u0151ad\u00e1s hossza: 70 perc, sz\u00fcnet n\u00e9lk\u00fcl M\u0170SORF\u00dcZET LET\u00d6LT\u00c9SE augusztus 6., szerda 20:00 Helysz\u00edn: Nagytemplom\u00a0 Jegy\u00e1rak: 4.000 Ft, Nyugd\u00edjas jegy: 3.600 Ft, Di\u00e1kjegy: 1.500 Ft Kecskem\u00e9t k\u00e1rty\u00e1val 10% kedvezm\u00e9ny JEGYV\u00c1S\u00c1RL\u00c1S<\/p>\n","protected":false},"author":1,"featured_media":0,"parent":0,"menu_order":0,"comment_status":"closed","ping_status":"closed","template":"","meta":{"footnotes":""},"class_list":["post-4147","page","type-page","status-publish","hentry"],"_links":{"self":[{"href":"https:\/\/kodaly-muveszeti-fesztival.hu\/index.php?rest_route=\/wp\/v2\/pages\/4147","targetHints":{"allow":["GET"]}}],"collection":[{"href":"https:\/\/kodaly-muveszeti-fesztival.hu\/index.php?rest_route=\/wp\/v2\/pages"}],"about":[{"href":"https:\/\/kodaly-muveszeti-fesztival.hu\/index.php?rest_route=\/wp\/v2\/types\/page"}],"author":[{"embeddable":true,"href":"https:\/\/kodaly-muveszeti-fesztival.hu\/index.php?rest_route=\/wp\/v2\/users\/1"}],"replies":[{"embeddable":true,"href":"https:\/\/kodaly-muveszeti-fesztival.hu\/index.php?rest_route=%2Fwp%2Fv2%2Fcomments&post=4147"}],"version-history":[{"count":10,"href":"https:\/\/kodaly-muveszeti-fesztival.hu\/index.php?rest_route=\/wp\/v2\/pages\/4147\/revisions"}],"predecessor-version":[{"id":4461,"href":"https:\/\/kodaly-muveszeti-fesztival.hu\/index.php?rest_route=\/wp\/v2\/pages\/4147\/revisions\/4461"}],"wp:attachment":[{"href":"https:\/\/kodaly-muveszeti-fesztival.hu\/index.php?rest_route=%2Fwp%2Fv2%2Fmedia&parent=4147"}],"curies":[{"name":"wp","href":"https:\/\/api.w.org\/{rel}","templated":true}]}}