{"id":3994,"date":"2025-07-02T11:03:51","date_gmt":"2025-07-02T11:03:51","guid":{"rendered":"https:\/\/kodaly-muveszeti-fesztival.hu\/?page_id=3994"},"modified":"2025-07-22T14:04:45","modified_gmt":"2025-07-22T14:04:45","slug":"kodaly-tanchaz","status":"publish","type":"page","link":"https:\/\/kodaly-muveszeti-fesztival.hu\/?page_id=3994","title":{"rendered":"KOD\u00c1LY T\u00c1NCH\u00c1Z"},"content":{"rendered":"\t\t<div data-elementor-type=\"wp-page\" data-elementor-id=\"3994\" class=\"elementor elementor-3994\">\n\t\t\t\t\t\t<section class=\"elementor-section elementor-top-section elementor-element elementor-element-f0bb337 elementor-section-boxed elementor-section-height-default elementor-section-height-default\" data-id=\"f0bb337\" data-element_type=\"section\">\n\t\t\t\t\t\t<div class=\"elementor-container elementor-column-gap-default\">\n\t\t\t\t\t<div class=\"elementor-column elementor-col-100 elementor-top-column elementor-element elementor-element-84ae35e\" data-id=\"84ae35e\" data-element_type=\"column\">\n\t\t\t<div class=\"elementor-widget-wrap elementor-element-populated\">\n\t\t\t\t\t\t<div class=\"elementor-element elementor-element-012af02 elementor-widget elementor-widget-spacer\" data-id=\"012af02\" data-element_type=\"widget\" data-widget_type=\"spacer.default\">\n\t\t\t\t<div class=\"elementor-widget-container\">\n\t\t\t\t\t\t\t<div class=\"elementor-spacer\">\n\t\t\t<div class=\"elementor-spacer-inner\"><\/div>\n\t\t<\/div>\n\t\t\t\t\t\t<\/div>\n\t\t\t\t<\/div>\n\t\t\t\t<div class=\"elementor-element elementor-element-0395151 elementor-widget elementor-widget-heading\" data-id=\"0395151\" data-element_type=\"widget\" data-widget_type=\"heading.default\">\n\t\t\t\t<div class=\"elementor-widget-container\">\n\t\t\t\t\t<h2 class=\"elementor-heading-title elementor-size-default\">augusztus 5., kedd 21:30-24:00<br>\t\nKOD\u00c1LY T\u00c1NCH\u00c1Z\n\n\n<\/h2>\t\t\t\t<\/div>\n\t\t\t\t<\/div>\n\t\t\t\t<div class=\"elementor-element elementor-element-a60d596 elementor-widget elementor-widget-spacer\" data-id=\"a60d596\" data-element_type=\"widget\" data-widget_type=\"spacer.default\">\n\t\t\t\t<div class=\"elementor-widget-container\">\n\t\t\t\t\t\t\t<div class=\"elementor-spacer\">\n\t\t\t<div class=\"elementor-spacer-inner\"><\/div>\n\t\t<\/div>\n\t\t\t\t\t\t<\/div>\n\t\t\t\t<\/div>\n\t\t\t\t\t<\/div>\n\t\t<\/div>\n\t\t\t\t\t<\/div>\n\t\t<\/section>\n\t\t\t\t<section class=\"elementor-section elementor-top-section elementor-element elementor-element-1be02b5 elementor-section-boxed elementor-section-height-default elementor-section-height-default\" data-id=\"1be02b5\" data-element_type=\"section\">\n\t\t\t\t\t\t<div class=\"elementor-container elementor-column-gap-default\">\n\t\t\t\t\t<div class=\"elementor-column elementor-col-50 elementor-top-column elementor-element elementor-element-2cd2752\" data-id=\"2cd2752\" data-element_type=\"column\">\n\t\t\t<div class=\"elementor-widget-wrap elementor-element-populated\">\n\t\t\t\t\t\t<div class=\"elementor-element elementor-element-141c09f elementor-widget elementor-widget-image\" data-id=\"141c09f\" data-element_type=\"widget\" data-widget_type=\"image.default\">\n\t\t\t\t<div class=\"elementor-widget-container\">\n\t\t\t\t\t\t\t\t\t\t\t\t\t\t\t<img fetchpriority=\"high\" decoding=\"async\" width=\"960\" height=\"960\" src=\"https:\/\/kodaly-muveszeti-fesztival.hu\/wp-content\/uploads\/2025\/07\/K25_WB_1080x_1-masolata-3-1024x1024.jpg\" class=\"attachment-large size-large wp-image-4090\" alt=\"\" srcset=\"https:\/\/kodaly-muveszeti-fesztival.hu\/wp-content\/uploads\/2025\/07\/K25_WB_1080x_1-masolata-3-1024x1024.jpg 1024w, https:\/\/kodaly-muveszeti-fesztival.hu\/wp-content\/uploads\/2025\/07\/K25_WB_1080x_1-masolata-3-300x300.jpg 300w, https:\/\/kodaly-muveszeti-fesztival.hu\/wp-content\/uploads\/2025\/07\/K25_WB_1080x_1-masolata-3-150x150.jpg 150w, https:\/\/kodaly-muveszeti-fesztival.hu\/wp-content\/uploads\/2025\/07\/K25_WB_1080x_1-masolata-3-768x768.jpg 768w, https:\/\/kodaly-muveszeti-fesztival.hu\/wp-content\/uploads\/2025\/07\/K25_WB_1080x_1-masolata-3-1140x1140.jpg 1140w, https:\/\/kodaly-muveszeti-fesztival.hu\/wp-content\/uploads\/2025\/07\/K25_WB_1080x_1-masolata-3-75x75.jpg 75w, https:\/\/kodaly-muveszeti-fesztival.hu\/wp-content\/uploads\/2025\/07\/K25_WB_1080x_1-masolata-3.jpg 1440w\" sizes=\"(max-width: 960px) 100vw, 960px\" \/>\t\t\t\t\t\t\t\t\t\t\t\t\t\t\t<\/div>\n\t\t\t\t<\/div>\n\t\t\t\t\t<\/div>\n\t\t<\/div>\n\t\t\t\t<div class=\"elementor-column elementor-col-50 elementor-top-column elementor-element elementor-element-02b74a6\" data-id=\"02b74a6\" data-element_type=\"column\">\n\t\t\t<div class=\"elementor-widget-wrap elementor-element-populated\">\n\t\t\t\t\t\t<div class=\"elementor-element elementor-element-178f5d4 elementor-widget elementor-widget-text-editor\" data-id=\"178f5d4\" data-element_type=\"widget\" data-widget_type=\"text-editor.default\">\n\t\t\t\t<div class=\"elementor-widget-container\">\n\t\t\t\t\t\t\t\t\t<h5><strong>A Kecskem\u00e9t T\u00e1ncegy\u00fcttes szervez\u00e9s\u00e9ben<\/strong><\/h5><h5>R\u00e9gen \u2013 m\u00e1s lehet\u0151s\u00e9gek h\u00edj\u00e1n \u2013 a t\u00e1ncalkalmak jelentett\u00e9k j\u00f3form\u00e1n az egyetlen sz\u00f3rakoz\u00e1st a faluk\u00f6z\u00f6ss\u00e9gek sz\u00e1m\u00e1ra.<\/h5><h5>Az emberi \u00e9let sorsfordul\u00f3ihoz (pl. n\u00e9vnap, bevonul\u00e1s, lakodalom), az \u00e9v jeles napjaihoz (pl. farsang, h\u00fasv\u00e9t, kar\u00e1csony) vagy a munk\u00e1hoz (pl. tavaszi juhm\u00e9r\u00e9s, arat\u00e1s, sz\u00fcret) szorosan hozz\u00e1tartoz\u00f3 n\u00e9pszok\u00e1sok fontos eleme a k\u00f6z\u00f6s t\u00e1nc. A leg\u00e9nyek egy-egy szezonra zenekart fogadtak, kib\u00e9reltek egy alkalmas h\u00e1zat, vagyis t\u00e1nch\u00e1zat v\u00e1lasztottak. \u00cdgy nem csak a b\u00e1l helysz\u00edne, hanem maga az esem\u00e9ny is a t\u00e1nch\u00e1z nevet kapta. A t\u00e1nch\u00e1z rendj\u00e9ben sz\u00f3lisztikus, p\u00e1ros, esetenk\u00e9nt l\u00e1nc- vagy k\u00f6rt\u00e1ncok v\u00e1ltj\u00e1k egym\u00e1st, az egyes t\u00e1ncfajt\u00e1khoz szervesen illeszked\u0151 muzsika k\u00eds\u00e9ret\u00e9ben. A k\u00f6t\u00f6tt st\u00edlus ellen\u00e9re jelent\u0151s szerepet kap az improviz\u00e1ci\u00f3, a zenei elemek \u00e9s a t\u00e1ncfigur\u00e1k egy\u00fctt l\u00e9legz\u0151 vari\u00e1l\u00e1sa.<\/h5><h5>Kod\u00e1ly T\u00e1nch\u00e1zunk t\u00e1nctan\u00edt\u00e1s\u00e1ba azokr\u00f3l a magyar t\u00e1jegys\u00e9gekr\u0151l fogunk t\u00e1ncokat v\u00e1logatni, ahol Kod\u00e1ly Zolt\u00e1n is megfordult n\u00e9pzene \u00e9s n\u00e9pdalgy\u0171jt\u0151 k\u00f6r\u00fatjai sor\u00e1n.<\/h5><h5><strong>T\u00e1ncoktat\u00f3k:<\/strong> Poly\u00e1k N\u00f3ra, Moln\u00e1r M\u00e1t\u00e9<\/h5><h5><strong>T\u00e1ncbemutat\u00f3kkal k\u00f6zrem\u0171k\u00f6dnek a Kecskem\u00e9t T\u00e1ncegy\u00fcttes t\u00e1ncosai: <\/strong><\/h5><h5>Babos D\u00e1niel \u00e9s Misek Bettina<\/h5><h5><strong>A talpal\u00e1val\u00f3t Inoka Gy\u0151z\u0151 \u00e9s bar\u00e1tai szolg\u00e1ltatj\u00e1k:<\/strong><\/h5><h5>Vizeli B\u00e1lint, Szil\u00e1gyi M\u00e1rton, Szab\u00f3 J\u00e1nos &#8216;Csiga&#8217;, Heged\u0171s Luca, Inoka Gy\u0151z\u0151<\/h5>\t\t\t\t\t\t\t\t<\/div>\n\t\t\t\t<\/div>\n\t\t\t\t\t<\/div>\n\t\t<\/div>\n\t\t\t\t\t<\/div>\n\t\t<\/section>\n\t\t\t\t<section class=\"elementor-section elementor-top-section elementor-element elementor-element-cc3ac0f elementor-section-boxed elementor-section-height-default elementor-section-height-default\" data-id=\"cc3ac0f\" data-element_type=\"section\">\n\t\t\t\t\t\t<div class=\"elementor-container elementor-column-gap-default\">\n\t\t\t\t\t<div class=\"elementor-column elementor-col-100 elementor-top-column elementor-element elementor-element-bb2d76c\" data-id=\"bb2d76c\" data-element_type=\"column\">\n\t\t\t<div class=\"elementor-widget-wrap elementor-element-populated\">\n\t\t\t\t\t\t<div class=\"elementor-element elementor-element-c9b04dc elementor-widget elementor-widget-spacer\" data-id=\"c9b04dc\" data-element_type=\"widget\" data-widget_type=\"spacer.default\">\n\t\t\t\t<div class=\"elementor-widget-container\">\n\t\t\t\t\t\t\t<div class=\"elementor-spacer\">\n\t\t\t<div class=\"elementor-spacer-inner\"><\/div>\n\t\t<\/div>\n\t\t\t\t\t\t<\/div>\n\t\t\t\t<\/div>\n\t\t\t\t<div class=\"elementor-element elementor-element-2cb808d elementor-align-center elementor-widget elementor-widget-button\" data-id=\"2cb808d\" data-element_type=\"widget\" data-widget_type=\"button.default\">\n\t\t\t\t<div class=\"elementor-widget-container\">\n\t\t\t\t\t\t\t\t\t<div class=\"elementor-button-wrapper\">\n\t\t\t\t\t<a class=\"elementor-button elementor-button-link elementor-size-sm\" href=\"https:\/\/heyzine.com\/flip-book\/3fd03aea89.html\">\n\t\t\t\t\t\t<span class=\"elementor-button-content-wrapper\">\n\t\t\t\t\t\t\t\t\t<span class=\"elementor-button-text\">M\u0170SORF\u00dcZET LET\u00d6LT\u00c9SE<\/span>\n\t\t\t\t\t<\/span>\n\t\t\t\t\t<\/a>\n\t\t\t\t<\/div>\n\t\t\t\t\t\t\t\t<\/div>\n\t\t\t\t<\/div>\n\t\t\t\t<div class=\"elementor-element elementor-element-3a80f3a elementor-widget elementor-widget-spacer\" data-id=\"3a80f3a\" data-element_type=\"widget\" data-widget_type=\"spacer.default\">\n\t\t\t\t<div class=\"elementor-widget-container\">\n\t\t\t\t\t\t\t<div class=\"elementor-spacer\">\n\t\t\t<div class=\"elementor-spacer-inner\"><\/div>\n\t\t<\/div>\n\t\t\t\t\t\t<\/div>\n\t\t\t\t<\/div>\n\t\t\t\t\t<\/div>\n\t\t<\/div>\n\t\t\t\t\t<\/div>\n\t\t<\/section>\n\t\t\t\t<section class=\"elementor-section elementor-top-section elementor-element elementor-element-8d9974e elementor-section-boxed elementor-section-height-default elementor-section-height-default\" data-id=\"8d9974e\" data-element_type=\"section\">\n\t\t\t\t\t\t<div class=\"elementor-container elementor-column-gap-default\">\n\t\t\t\t\t<div class=\"elementor-column elementor-col-50 elementor-top-column elementor-element elementor-element-ba9a3e1\" data-id=\"ba9a3e1\" data-element_type=\"column\">\n\t\t\t<div class=\"elementor-widget-wrap elementor-element-populated\">\n\t\t\t\t\t\t<div class=\"elementor-element elementor-element-73a682c elementor-widget elementor-widget-text-editor\" data-id=\"73a682c\" data-element_type=\"widget\" data-widget_type=\"text-editor.default\">\n\t\t\t\t<div class=\"elementor-widget-container\">\n\t\t\t\t\t\t\t\t\t<h3>augusztus 5., kedd <strong>21:30-24:00\u00a0\u00a0\u00a0\u00a0\u00a0\u00a0\u00a0 <\/strong><\/h3><h3><strong>Helysz\u00edn:<\/strong> H\u00edr\u00f6s Ag\u00f3ra Kultur\u00e1lis K\u00f6zpont<\/h3><h5><strong>Jegy\u00e1rak:<\/strong> 1.500 Ft, <strong>Nyugd\u00edjas jegy:<\/strong> 1.000 Ft,<\/h5><h5><strong>Di\u00e1kjegy:<\/strong> 1.000 Ft<\/h5><h5>Kecskem\u00e9t k\u00e1rty\u00e1val 10% kedvezm\u00e9ny<\/h5>\t\t\t\t\t\t\t\t<\/div>\n\t\t\t\t<\/div>\n\t\t\t\t\t<\/div>\n\t\t<\/div>\n\t\t\t\t<div class=\"elementor-column elementor-col-50 elementor-top-column elementor-element elementor-element-2223562\" data-id=\"2223562\" data-element_type=\"column\">\n\t\t\t<div class=\"elementor-widget-wrap elementor-element-populated\">\n\t\t\t\t\t\t<div class=\"elementor-element elementor-element-82da6e2 elementor-align-center elementor-widget elementor-widget-button\" data-id=\"82da6e2\" data-element_type=\"widget\" data-widget_type=\"button.default\">\n\t\t\t\t<div class=\"elementor-widget-container\">\n\t\t\t\t\t\t\t\t\t<div class=\"elementor-button-wrapper\">\n\t\t\t\t\t<a class=\"elementor-button elementor-button-link elementor-size-sm\" href=\"https:\/\/hirosagora.jegy.hu\/program\/kodaly-muveszeti-fesztival-kodaly-tanchaz-179050\">\n\t\t\t\t\t\t<span class=\"elementor-button-content-wrapper\">\n\t\t\t\t\t\t\t\t\t<span class=\"elementor-button-text\">JEGYV\u00c1S\u00c1RL\u00c1S<\/span>\n\t\t\t\t\t<\/span>\n\t\t\t\t\t<\/a>\n\t\t\t\t<\/div>\n\t\t\t\t\t\t\t\t<\/div>\n\t\t\t\t<\/div>\n\t\t\t\t\t<\/div>\n\t\t<\/div>\n\t\t\t\t\t<\/div>\n\t\t<\/section>\n\t\t\t\t<section class=\"elementor-section elementor-top-section elementor-element elementor-element-a0ae327 elementor-section-boxed elementor-section-height-default elementor-section-height-default\" data-id=\"a0ae327\" data-element_type=\"section\">\n\t\t\t\t\t\t<div class=\"elementor-container elementor-column-gap-default\">\n\t\t\t\t\t<div class=\"elementor-column elementor-col-100 elementor-top-column elementor-element elementor-element-79481f4\" data-id=\"79481f4\" data-element_type=\"column\">\n\t\t\t<div class=\"elementor-widget-wrap elementor-element-populated\">\n\t\t\t\t\t\t<div class=\"elementor-element elementor-element-a60be1f elementor-widget elementor-widget-spacer\" data-id=\"a60be1f\" data-element_type=\"widget\" data-widget_type=\"spacer.default\">\n\t\t\t\t<div class=\"elementor-widget-container\">\n\t\t\t\t\t\t\t<div class=\"elementor-spacer\">\n\t\t\t<div class=\"elementor-spacer-inner\"><\/div>\n\t\t<\/div>\n\t\t\t\t\t\t<\/div>\n\t\t\t\t<\/div>\n\t\t\t\t<div class=\"elementor-element elementor-element-db6ad13 elementor-widget elementor-widget-google_maps\" data-id=\"db6ad13\" data-element_type=\"widget\" data-widget_type=\"google_maps.default\">\n\t\t\t\t<div class=\"elementor-widget-container\">\n\t\t\t\t\t\t\t<div class=\"elementor-custom-embed\">\n\t\t\t<iframe loading=\"lazy\"\n\t\t\t\t\tsrc=\"https:\/\/maps.google.com\/maps?q=H%C3%ADr%C3%B6s%20Ag%C3%B3ra%20Kultur%C3%A1lis%20K%C3%B6zpont&#038;t=m&#038;z=17&#038;output=embed&#038;iwloc=near\"\n\t\t\t\t\ttitle=\"H\u00edr\u00f6s Ag\u00f3ra Kultur\u00e1lis K\u00f6zpont\"\n\t\t\t\t\taria-label=\"H\u00edr\u00f6s Ag\u00f3ra Kultur\u00e1lis K\u00f6zpont\"\n\t\t\t><\/iframe>\n\t\t<\/div>\n\t\t\t\t\t\t<\/div>\n\t\t\t\t<\/div>\n\t\t\t\t\t<\/div>\n\t\t<\/div>\n\t\t\t\t\t<\/div>\n\t\t<\/section>\n\t\t\t\t<\/div>\n\t\t","protected":false},"excerpt":{"rendered":"<p>augusztus 5., kedd 21:30-24:00 KOD\u00c1LY T\u00c1NCH\u00c1Z A Kecskem\u00e9t T\u00e1ncegy\u00fcttes szervez\u00e9s\u00e9ben R\u00e9gen \u2013 m\u00e1s lehet\u0151s\u00e9gek h\u00edj\u00e1n \u2013 a t\u00e1ncalkalmak jelentett\u00e9k j\u00f3form\u00e1n az egyetlen sz\u00f3rakoz\u00e1st a faluk\u00f6z\u00f6ss\u00e9gek sz\u00e1m\u00e1ra. Az emberi \u00e9let sorsfordul\u00f3ihoz (pl. n\u00e9vnap, bevonul\u00e1s, lakodalom), az \u00e9v jeles napjaihoz (pl. farsang, h\u00fasv\u00e9t, kar\u00e1csony) vagy a munk\u00e1hoz (pl. tavaszi juhm\u00e9r\u00e9s, arat\u00e1s, sz\u00fcret) szorosan hozz\u00e1tartoz\u00f3 n\u00e9pszok\u00e1sok fontos eleme a k\u00f6z\u00f6s t\u00e1nc. A leg\u00e9nyek egy-egy szezonra zenekart fogadtak, kib\u00e9reltek egy alkalmas h\u00e1zat, vagyis t\u00e1nch\u00e1zat v\u00e1lasztottak. \u00cdgy nem csak a b\u00e1l helysz\u00edne, hanem maga az esem\u00e9ny is a t\u00e1nch\u00e1z nevet kapta. A t\u00e1nch\u00e1z rendj\u00e9ben sz\u00f3lisztikus, p\u00e1ros, esetenk\u00e9nt l\u00e1nc- vagy k\u00f6rt\u00e1ncok v\u00e1ltj\u00e1k egym\u00e1st, az egyes t\u00e1ncfajt\u00e1khoz szervesen illeszked\u0151 muzsika k\u00eds\u00e9ret\u00e9ben. A k\u00f6t\u00f6tt st\u00edlus ellen\u00e9re jelent\u0151s szerepet kap az improviz\u00e1ci\u00f3, a zenei elemek \u00e9s a t\u00e1ncfigur\u00e1k egy\u00fctt l\u00e9legz\u0151 vari\u00e1l\u00e1sa. Kod\u00e1ly T\u00e1nch\u00e1zunk t\u00e1nctan\u00edt\u00e1s\u00e1ba azokr\u00f3l a magyar t\u00e1jegys\u00e9gekr\u0151l fogunk t\u00e1ncokat v\u00e1logatni, ahol Kod\u00e1ly Zolt\u00e1n is megfordult n\u00e9pzene \u00e9s n\u00e9pdalgy\u0171jt\u0151 k\u00f6r\u00fatjai sor\u00e1n. T\u00e1ncoktat\u00f3k: Poly\u00e1k N\u00f3ra, Moln\u00e1r M\u00e1t\u00e9 T\u00e1ncbemutat\u00f3kkal k\u00f6zrem\u0171k\u00f6dnek a Kecskem\u00e9t T\u00e1ncegy\u00fcttes t\u00e1ncosai: Babos D\u00e1niel \u00e9s Misek Bettina A talpal\u00e1val\u00f3t Inoka Gy\u0151z\u0151 \u00e9s bar\u00e1tai szolg\u00e1ltatj\u00e1k: Vizeli B\u00e1lint, Szil\u00e1gyi M\u00e1rton, Szab\u00f3 J\u00e1nos &#8216;Csiga&#8217;, Heged\u0171s Luca, Inoka Gy\u0151z\u0151 M\u0170SORF\u00dcZET LET\u00d6LT\u00c9SE augusztus 5., kedd 21:30-24:00\u00a0\u00a0\u00a0\u00a0\u00a0\u00a0\u00a0 Helysz\u00edn: H\u00edr\u00f6s Ag\u00f3ra Kultur\u00e1lis K\u00f6zpont Jegy\u00e1rak: 1.500 Ft, Nyugd\u00edjas jegy: 1.000 Ft, Di\u00e1kjegy: 1.000 Ft Kecskem\u00e9t k\u00e1rty\u00e1val 10% kedvezm\u00e9ny JEGYV\u00c1S\u00c1RL\u00c1S<\/p>\n","protected":false},"author":1,"featured_media":0,"parent":0,"menu_order":0,"comment_status":"closed","ping_status":"closed","template":"","meta":{"footnotes":""},"class_list":["post-3994","page","type-page","status-publish","hentry"],"_links":{"self":[{"href":"https:\/\/kodaly-muveszeti-fesztival.hu\/index.php?rest_route=\/wp\/v2\/pages\/3994","targetHints":{"allow":["GET"]}}],"collection":[{"href":"https:\/\/kodaly-muveszeti-fesztival.hu\/index.php?rest_route=\/wp\/v2\/pages"}],"about":[{"href":"https:\/\/kodaly-muveszeti-fesztival.hu\/index.php?rest_route=\/wp\/v2\/types\/page"}],"author":[{"embeddable":true,"href":"https:\/\/kodaly-muveszeti-fesztival.hu\/index.php?rest_route=\/wp\/v2\/users\/1"}],"replies":[{"embeddable":true,"href":"https:\/\/kodaly-muveszeti-fesztival.hu\/index.php?rest_route=%2Fwp%2Fv2%2Fcomments&post=3994"}],"version-history":[{"count":10,"href":"https:\/\/kodaly-muveszeti-fesztival.hu\/index.php?rest_route=\/wp\/v2\/pages\/3994\/revisions"}],"predecessor-version":[{"id":4458,"href":"https:\/\/kodaly-muveszeti-fesztival.hu\/index.php?rest_route=\/wp\/v2\/pages\/3994\/revisions\/4458"}],"wp:attachment":[{"href":"https:\/\/kodaly-muveszeti-fesztival.hu\/index.php?rest_route=%2Fwp%2Fv2%2Fmedia&parent=3994"}],"curies":[{"name":"wp","href":"https:\/\/api.w.org\/{rel}","templated":true}]}}