{"id":3978,"date":"2025-07-02T11:02:01","date_gmt":"2025-07-02T11:02:01","guid":{"rendered":"https:\/\/kodaly-muveszeti-fesztival.hu\/?page_id=3978"},"modified":"2025-07-22T14:04:09","modified_gmt":"2025-07-22T14:04:09","slug":"kodaly-iskola-75","status":"publish","type":"page","link":"https:\/\/kodaly-muveszeti-fesztival.hu\/?page_id=3978","title":{"rendered":"\u201eKOD\u00c1LY ISKOLA 75\u201d"},"content":{"rendered":"\t\t<div data-elementor-type=\"wp-page\" data-elementor-id=\"3978\" class=\"elementor elementor-3978\">\n\t\t\t\t\t\t<section class=\"elementor-section elementor-top-section elementor-element elementor-element-598ffe8 elementor-section-boxed elementor-section-height-default elementor-section-height-default\" data-id=\"598ffe8\" data-element_type=\"section\">\n\t\t\t\t\t\t<div class=\"elementor-container elementor-column-gap-default\">\n\t\t\t\t\t<div class=\"elementor-column elementor-col-100 elementor-top-column elementor-element elementor-element-3db5706\" data-id=\"3db5706\" data-element_type=\"column\">\n\t\t\t<div class=\"elementor-widget-wrap elementor-element-populated\">\n\t\t\t\t\t\t<div class=\"elementor-element elementor-element-91489c1 elementor-widget elementor-widget-spacer\" data-id=\"91489c1\" data-element_type=\"widget\" data-widget_type=\"spacer.default\">\n\t\t\t\t<div class=\"elementor-widget-container\">\n\t\t\t\t\t\t\t<div class=\"elementor-spacer\">\n\t\t\t<div class=\"elementor-spacer-inner\"><\/div>\n\t\t<\/div>\n\t\t\t\t\t\t<\/div>\n\t\t\t\t<\/div>\n\t\t\t\t<div class=\"elementor-element elementor-element-bb18af4 elementor-widget elementor-widget-heading\" data-id=\"bb18af4\" data-element_type=\"widget\" data-widget_type=\"heading.default\">\n\t\t\t\t<div class=\"elementor-widget-container\">\n\t\t\t\t\t<h2 class=\"elementor-heading-title elementor-size-default\">augusztus 4., h\u00e9tf\u0151 20:00<br>\t\n\u201eKOD\u00c1LY ISKOLA 75\u201d\n\n<\/h2>\t\t\t\t<\/div>\n\t\t\t\t<\/div>\n\t\t\t\t<div class=\"elementor-element elementor-element-80f394d elementor-widget elementor-widget-spacer\" data-id=\"80f394d\" data-element_type=\"widget\" data-widget_type=\"spacer.default\">\n\t\t\t\t<div class=\"elementor-widget-container\">\n\t\t\t\t\t\t\t<div class=\"elementor-spacer\">\n\t\t\t<div class=\"elementor-spacer-inner\"><\/div>\n\t\t<\/div>\n\t\t\t\t\t\t<\/div>\n\t\t\t\t<\/div>\n\t\t\t\t\t<\/div>\n\t\t<\/div>\n\t\t\t\t\t<\/div>\n\t\t<\/section>\n\t\t\t\t<section class=\"elementor-section elementor-top-section elementor-element elementor-element-87b78ea elementor-section-boxed elementor-section-height-default elementor-section-height-default\" data-id=\"87b78ea\" data-element_type=\"section\">\n\t\t\t\t\t\t<div class=\"elementor-container elementor-column-gap-default\">\n\t\t\t\t\t<div class=\"elementor-column elementor-col-50 elementor-top-column elementor-element elementor-element-5609aaa\" data-id=\"5609aaa\" data-element_type=\"column\">\n\t\t\t<div class=\"elementor-widget-wrap elementor-element-populated\">\n\t\t\t\t\t\t<div class=\"elementor-element elementor-element-a26ac0e elementor-widget elementor-widget-image\" data-id=\"a26ac0e\" data-element_type=\"widget\" data-widget_type=\"image.default\">\n\t\t\t\t<div class=\"elementor-widget-container\">\n\t\t\t\t\t\t\t\t\t\t\t\t\t\t\t<img fetchpriority=\"high\" decoding=\"async\" width=\"960\" height=\"960\" src=\"https:\/\/kodaly-muveszeti-fesztival.hu\/wp-content\/uploads\/2025\/07\/K25_WB_1080x_1-masolata-3-1024x1024.jpg\" class=\"attachment-large size-large wp-image-4090\" alt=\"\" srcset=\"https:\/\/kodaly-muveszeti-fesztival.hu\/wp-content\/uploads\/2025\/07\/K25_WB_1080x_1-masolata-3-1024x1024.jpg 1024w, https:\/\/kodaly-muveszeti-fesztival.hu\/wp-content\/uploads\/2025\/07\/K25_WB_1080x_1-masolata-3-300x300.jpg 300w, https:\/\/kodaly-muveszeti-fesztival.hu\/wp-content\/uploads\/2025\/07\/K25_WB_1080x_1-masolata-3-150x150.jpg 150w, https:\/\/kodaly-muveszeti-fesztival.hu\/wp-content\/uploads\/2025\/07\/K25_WB_1080x_1-masolata-3-768x768.jpg 768w, https:\/\/kodaly-muveszeti-fesztival.hu\/wp-content\/uploads\/2025\/07\/K25_WB_1080x_1-masolata-3-1140x1140.jpg 1140w, https:\/\/kodaly-muveszeti-fesztival.hu\/wp-content\/uploads\/2025\/07\/K25_WB_1080x_1-masolata-3-75x75.jpg 75w, https:\/\/kodaly-muveszeti-fesztival.hu\/wp-content\/uploads\/2025\/07\/K25_WB_1080x_1-masolata-3.jpg 1440w\" sizes=\"(max-width: 960px) 100vw, 960px\" \/>\t\t\t\t\t\t\t\t\t\t\t\t\t\t\t<\/div>\n\t\t\t\t<\/div>\n\t\t\t\t\t<\/div>\n\t\t<\/div>\n\t\t\t\t<div class=\"elementor-column elementor-col-50 elementor-top-column elementor-element elementor-element-16832b8\" data-id=\"16832b8\" data-element_type=\"column\">\n\t\t\t<div class=\"elementor-widget-wrap elementor-element-populated\">\n\t\t\t\t\t\t<div class=\"elementor-element elementor-element-04258dc elementor-widget elementor-widget-text-editor\" data-id=\"04258dc\" data-element_type=\"widget\" data-widget_type=\"text-editor.default\">\n\t\t\t\t<div class=\"elementor-widget-container\">\n\t\t\t\t\t\t\t\t\t<h5>A 75 \u00e9ves Kod\u00e1ly Iskola k\u00f3rusainak koncertje Kod\u00e1ly Zolt\u00e1n \u00e9s Bart\u00f3k B\u00e9la m\u0171veib\u0151l<\/h5><h5><strong>M\u0171sor:<\/strong><\/h5><h5><strong>TRIOLA gyermekkar<\/strong><\/h5><h5><strong>vez\u00e9nyel: Z\u00c1VORI ERIKA:<\/strong><\/h5><h5>Kod\u00e1ly Zolt\u00e1n: V\u00e1logat\u00e1s a Kis emberek dalai c\u00edm\u0171 k\u00f6tetb\u0151l \u00e9s biciniumokb\u00f3l:<\/h5><ol><li><h5>Sz\u00f3l a n\u00f3ta halkan (sz\u00f6veg: We\u00f6res S\u00e1ndor &#8211; K\u00e1rolyi Amy) \/ \u00c1rok sz\u00e9l\u00e9n b\u00fazasz\u00e1l n\u0151tt (sz\u00f6veg: We\u00f6res S\u00e1ndor) \/ Parip\u00e1m csodasz\u00e9p pejk\u00f3 (sz\u00f6veg: We\u00f6res S\u00e1ndor) \/ Fut, szalad a pejk\u00f3 (sz\u00f6veg: We\u00f6res S\u00e1ndor)<\/h5><\/li><li><h5>M\u00e9ly erd\u0151n ibolyavir\u00e1g \/ Z\u00f6ld erd\u0151ben f\u00fcty\u00fcl a rig\u00f3 \/ Ez a l\u00e1bom \/ H\u00e1zam el\u0151tt egy almafa<\/h5><\/li><\/ol><h5>H\u00e9t k\u00f6nny\u0171 gyermekkar \u2013 1. \u00c9va sz\u00edvem, \u00c9va 2. Falu v\u00e9g\u00e9n<\/h5><h5><strong>ANTANT\u00c9NUSZ gyermekkar<\/strong><\/h5><h5><strong>vez\u00e9nyel: SZEGEDIN\u00c9 T\u00d3TH ILDIK\u00d3:<\/strong><\/h5><h5>Kanyarg\u00f3s j\u00e1t\u00e9k (n\u00e9pi j\u00e1t\u00e9k)<\/h5><h5>Kod\u00e1ly Zolt\u00e1n: H\u00e1rom indul\u00f3 az \u00d6tfok\u00fa zene 100 kis indul\u00f3 k\u00f6tet\u00e9b\u0151l (sz\u00f6veg: We\u00f6res S\u00e1ndor)<\/h5><h5>Angyalkert &#8211; Kecske-j\u00e1t\u00e9k, Gyertya-j\u00e1t\u00e9k, V\u00e1s\u00e1rosdi<\/h5><h5>Biciniumok &#8211; Hej, Dun\u00e1r\u00f3l f\u00faj a sz\u00e9l&#8230; \/ A b\u00e1rnai kertek alatt&#8230; \/ Hej, k\u00e9t ty\u00fakom tavali&#8230;<\/h5><h5>H\u00e9t k\u00f6nny\u0171 gyermekkar &#8211; 6. J\u00f3 gazdasszony<\/h5><h5>Epigramm\u00e1k \u2013 Tavasz<\/h5><h5>zongor\u00e1n k\u00f6zrem\u0171k\u00f6dik: Lov\u00e1szn\u00e9 Gajdos \u00c9va<\/h5><h5><strong>MIRACULUM gyermekkar<\/strong><\/h5><h5><strong>vez\u00e9nyel: Dur\u00e1nyik L\u00e1szl\u00f3<\/strong><\/h5><h5>Kod\u00e1ly Zolt\u00e1n: Isten kov\u00e1csa<\/h5><h5>Vill\u0151<\/h5><h5>Gergely-j\u00e1r\u00e1s<\/h5><h5><strong>AURIN le\u00e1nykar<\/strong><\/h5><h5><strong>vez\u00e9nyel: Dur\u00e1nyik L\u00e1szl\u00f3<\/strong><\/h5><h5>Bart\u00f3k B\u00e9la: B\u00e1nat<\/h5><h5>Leg\u00e9nycs\u00fafol\u00f3<\/h5><h5>Le\u00e1nyk\u00e9r\u0151<\/h5><h5>Kod\u00e1ly Zolt\u00e1n: Hegyi \u00e9jszak\u00e1k 1.<\/h5><ol start=\"3\"><li><h5>olasz madrig\u00e1l (Chi d\u2019amor sente)<\/h5><\/li><\/ol><h5>Vejnem\u00f6jnen muzsik\u00e1l<\/h5><h5>zongor\u00e1n k\u00f6zrem\u0171k\u00f6dik: Lov\u00e1szn\u00e9 Gajdos \u00c9va<\/h5><h5><strong>\u00d6SSZKAR:<\/strong><\/h5><h5>Kod\u00e1ly Zolt\u00e1n: A magyarokhoz (Berzsenyi D\u00e1niel)<\/h5><h5><strong>Az el\u0151ad\u00e1s hossza:<\/strong> 70 perc, sz\u00fcnet n\u00e9lk\u00fcl<\/h5><h5><strong>Jegy\u00e1rak:<\/strong> 2.500 Ft, <strong>Nyugd\u00edjas jegy:<\/strong> 2.000 Ft, <strong>Di\u00e1kjegy:<\/strong> 1.500 Ft<\/h5><h5>Kecskem\u00e9t k\u00e1rty\u00e1val 10% kedvezm\u00e9ny<\/h5>\t\t\t\t\t\t\t\t<\/div>\n\t\t\t\t<\/div>\n\t\t\t\t\t<\/div>\n\t\t<\/div>\n\t\t\t\t\t<\/div>\n\t\t<\/section>\n\t\t\t\t<section class=\"elementor-section elementor-top-section elementor-element elementor-element-5ce30c3 elementor-section-boxed elementor-section-height-default elementor-section-height-default\" data-id=\"5ce30c3\" data-element_type=\"section\">\n\t\t\t\t\t\t<div class=\"elementor-container elementor-column-gap-default\">\n\t\t\t\t\t<div class=\"elementor-column elementor-col-100 elementor-top-column elementor-element elementor-element-83cf31b\" data-id=\"83cf31b\" data-element_type=\"column\">\n\t\t\t<div class=\"elementor-widget-wrap elementor-element-populated\">\n\t\t\t\t\t\t<div class=\"elementor-element elementor-element-614285b elementor-widget elementor-widget-spacer\" data-id=\"614285b\" data-element_type=\"widget\" data-widget_type=\"spacer.default\">\n\t\t\t\t<div class=\"elementor-widget-container\">\n\t\t\t\t\t\t\t<div class=\"elementor-spacer\">\n\t\t\t<div class=\"elementor-spacer-inner\"><\/div>\n\t\t<\/div>\n\t\t\t\t\t\t<\/div>\n\t\t\t\t<\/div>\n\t\t\t\t<div class=\"elementor-element elementor-element-65ce253 elementor-align-center elementor-widget elementor-widget-button\" data-id=\"65ce253\" data-element_type=\"widget\" data-widget_type=\"button.default\">\n\t\t\t\t<div class=\"elementor-widget-container\">\n\t\t\t\t\t\t\t\t\t<div class=\"elementor-button-wrapper\">\n\t\t\t\t\t<a class=\"elementor-button elementor-button-link elementor-size-sm\" href=\"https:\/\/heyzine.com\/flip-book\/3fd03aea89.html\">\n\t\t\t\t\t\t<span class=\"elementor-button-content-wrapper\">\n\t\t\t\t\t\t\t\t\t<span class=\"elementor-button-text\">M\u0170SORF\u00dcZET LET\u00d6LT\u00c9SE<\/span>\n\t\t\t\t\t<\/span>\n\t\t\t\t\t<\/a>\n\t\t\t\t<\/div>\n\t\t\t\t\t\t\t\t<\/div>\n\t\t\t\t<\/div>\n\t\t\t\t<div class=\"elementor-element elementor-element-8210adc elementor-widget elementor-widget-spacer\" data-id=\"8210adc\" data-element_type=\"widget\" data-widget_type=\"spacer.default\">\n\t\t\t\t<div class=\"elementor-widget-container\">\n\t\t\t\t\t\t\t<div class=\"elementor-spacer\">\n\t\t\t<div class=\"elementor-spacer-inner\"><\/div>\n\t\t<\/div>\n\t\t\t\t\t\t<\/div>\n\t\t\t\t<\/div>\n\t\t\t\t\t<\/div>\n\t\t<\/div>\n\t\t\t\t\t<\/div>\n\t\t<\/section>\n\t\t\t\t<section class=\"elementor-section elementor-top-section elementor-element elementor-element-af97ce5 elementor-section-boxed elementor-section-height-default elementor-section-height-default\" data-id=\"af97ce5\" data-element_type=\"section\">\n\t\t\t\t\t\t<div class=\"elementor-container elementor-column-gap-default\">\n\t\t\t\t\t<div class=\"elementor-column elementor-col-50 elementor-top-column elementor-element elementor-element-b8a08b2\" data-id=\"b8a08b2\" data-element_type=\"column\">\n\t\t\t<div class=\"elementor-widget-wrap elementor-element-populated\">\n\t\t\t\t\t\t<div class=\"elementor-element elementor-element-2d78079 elementor-widget elementor-widget-text-editor\" data-id=\"2d78079\" data-element_type=\"widget\" data-widget_type=\"text-editor.default\">\n\t\t\t\t<div class=\"elementor-widget-container\">\n\t\t\t\t\t\t\t\t\t<h3>augusztus 4., h\u00e9tf\u0151 20:00<\/h3><h3><strong>Helysz\u00edn:<\/strong> Kod\u00e1ly Iskola<\/h3><h5><strong>Jegy\u00e1rak:<\/strong> 2.500 Ft, <strong>Nyugd\u00edjas jegy:<\/strong> 2.000 Ft, <strong>Di\u00e1kjegy:<\/strong> 1.500 Ft<\/h5><h5>Kecskem\u00e9t k\u00e1rty\u00e1val 10% kedvezm\u00e9ny<\/h5><h5>\u00a0<\/h5>\t\t\t\t\t\t\t\t<\/div>\n\t\t\t\t<\/div>\n\t\t\t\t\t<\/div>\n\t\t<\/div>\n\t\t\t\t<div class=\"elementor-column elementor-col-50 elementor-top-column elementor-element elementor-element-d641198\" data-id=\"d641198\" data-element_type=\"column\">\n\t\t\t<div class=\"elementor-widget-wrap elementor-element-populated\">\n\t\t\t\t\t\t<div class=\"elementor-element elementor-element-e2c524d elementor-align-center elementor-widget elementor-widget-button\" data-id=\"e2c524d\" data-element_type=\"widget\" data-widget_type=\"button.default\">\n\t\t\t\t<div class=\"elementor-widget-container\">\n\t\t\t\t\t\t\t\t\t<div class=\"elementor-button-wrapper\">\n\t\t\t\t\t<a class=\"elementor-button elementor-button-link elementor-size-sm\" href=\"https:\/\/hirosagora.jegy.hu\/program\/kodaly-muveszeti-fesztival-2025-kodaly-iskola-75-178436\">\n\t\t\t\t\t\t<span class=\"elementor-button-content-wrapper\">\n\t\t\t\t\t\t\t\t\t<span class=\"elementor-button-text\">JEGYV\u00c1S\u00c1RL\u00c1S<\/span>\n\t\t\t\t\t<\/span>\n\t\t\t\t\t<\/a>\n\t\t\t\t<\/div>\n\t\t\t\t\t\t\t\t<\/div>\n\t\t\t\t<\/div>\n\t\t\t\t\t<\/div>\n\t\t<\/div>\n\t\t\t\t\t<\/div>\n\t\t<\/section>\n\t\t\t\t<section class=\"elementor-section elementor-top-section elementor-element elementor-element-50a4540 elementor-section-boxed elementor-section-height-default elementor-section-height-default\" data-id=\"50a4540\" data-element_type=\"section\">\n\t\t\t\t\t\t<div class=\"elementor-container elementor-column-gap-default\">\n\t\t\t\t\t<div class=\"elementor-column elementor-col-100 elementor-top-column elementor-element elementor-element-8386272\" data-id=\"8386272\" data-element_type=\"column\">\n\t\t\t<div class=\"elementor-widget-wrap elementor-element-populated\">\n\t\t\t\t\t\t<div class=\"elementor-element elementor-element-6e21865 elementor-widget elementor-widget-spacer\" data-id=\"6e21865\" data-element_type=\"widget\" data-widget_type=\"spacer.default\">\n\t\t\t\t<div class=\"elementor-widget-container\">\n\t\t\t\t\t\t\t<div class=\"elementor-spacer\">\n\t\t\t<div class=\"elementor-spacer-inner\"><\/div>\n\t\t<\/div>\n\t\t\t\t\t\t<\/div>\n\t\t\t\t<\/div>\n\t\t\t\t<div class=\"elementor-element elementor-element-f0b7420 elementor-widget elementor-widget-google_maps\" data-id=\"f0b7420\" data-element_type=\"widget\" data-widget_type=\"google_maps.default\">\n\t\t\t\t<div class=\"elementor-widget-container\">\n\t\t\t\t\t\t\t<div class=\"elementor-custom-embed\">\n\t\t\t<iframe loading=\"lazy\"\n\t\t\t\t\tsrc=\"https:\/\/maps.google.com\/maps?q=Kecskem%C3%A9t%20Kod%C3%A1ly%20Iskola&#038;t=m&#038;z=17&#038;output=embed&#038;iwloc=near\"\n\t\t\t\t\ttitle=\"Kecskem\u00e9t Kod\u00e1ly Iskola\"\n\t\t\t\t\taria-label=\"Kecskem\u00e9t Kod\u00e1ly Iskola\"\n\t\t\t><\/iframe>\n\t\t<\/div>\n\t\t\t\t\t\t<\/div>\n\t\t\t\t<\/div>\n\t\t\t\t\t<\/div>\n\t\t<\/div>\n\t\t\t\t\t<\/div>\n\t\t<\/section>\n\t\t\t\t<\/div>\n\t\t","protected":false},"excerpt":{"rendered":"<p>augusztus 4., h\u00e9tf\u0151 20:00 \u201eKOD\u00c1LY ISKOLA 75\u201d A 75 \u00e9ves Kod\u00e1ly Iskola k\u00f3rusainak koncertje Kod\u00e1ly Zolt\u00e1n \u00e9s Bart\u00f3k B\u00e9la m\u0171veib\u0151l M\u0171sor: TRIOLA gyermekkar vez\u00e9nyel: Z\u00c1VORI ERIKA: Kod\u00e1ly Zolt\u00e1n: V\u00e1logat\u00e1s a Kis emberek dalai c\u00edm\u0171 k\u00f6tetb\u0151l \u00e9s biciniumokb\u00f3l: Sz\u00f3l a n\u00f3ta halkan (sz\u00f6veg: We\u00f6res S\u00e1ndor &#8211; K\u00e1rolyi Amy) \/ \u00c1rok sz\u00e9l\u00e9n b\u00fazasz\u00e1l n\u0151tt (sz\u00f6veg: We\u00f6res S\u00e1ndor) \/ Parip\u00e1m csodasz\u00e9p pejk\u00f3 (sz\u00f6veg: We\u00f6res S\u00e1ndor) \/ Fut, szalad a pejk\u00f3 (sz\u00f6veg: We\u00f6res S\u00e1ndor) M\u00e9ly erd\u0151n ibolyavir\u00e1g \/ Z\u00f6ld erd\u0151ben f\u00fcty\u00fcl a rig\u00f3 \/ Ez a l\u00e1bom \/ H\u00e1zam el\u0151tt egy almafa H\u00e9t k\u00f6nny\u0171 gyermekkar \u2013 1. \u00c9va sz\u00edvem, \u00c9va 2. Falu v\u00e9g\u00e9n ANTANT\u00c9NUSZ gyermekkar vez\u00e9nyel: SZEGEDIN\u00c9 T\u00d3TH ILDIK\u00d3: Kanyarg\u00f3s j\u00e1t\u00e9k (n\u00e9pi j\u00e1t\u00e9k) Kod\u00e1ly Zolt\u00e1n: H\u00e1rom indul\u00f3 az \u00d6tfok\u00fa zene 100 kis indul\u00f3 k\u00f6tet\u00e9b\u0151l (sz\u00f6veg: We\u00f6res S\u00e1ndor) Angyalkert &#8211; Kecske-j\u00e1t\u00e9k, Gyertya-j\u00e1t\u00e9k, V\u00e1s\u00e1rosdi Biciniumok &#8211; Hej, Dun\u00e1r\u00f3l f\u00faj a sz\u00e9l&#8230; \/ A b\u00e1rnai kertek alatt&#8230; \/ Hej, k\u00e9t ty\u00fakom tavali&#8230; H\u00e9t k\u00f6nny\u0171 gyermekkar &#8211; 6. J\u00f3 gazdasszony Epigramm\u00e1k \u2013 Tavasz zongor\u00e1n k\u00f6zrem\u0171k\u00f6dik: Lov\u00e1szn\u00e9 Gajdos \u00c9va MIRACULUM gyermekkar vez\u00e9nyel: Dur\u00e1nyik L\u00e1szl\u00f3 Kod\u00e1ly Zolt\u00e1n: Isten kov\u00e1csa Vill\u0151 Gergely-j\u00e1r\u00e1s AURIN le\u00e1nykar vez\u00e9nyel: Dur\u00e1nyik L\u00e1szl\u00f3 Bart\u00f3k B\u00e9la: B\u00e1nat Leg\u00e9nycs\u00fafol\u00f3 Le\u00e1nyk\u00e9r\u0151 Kod\u00e1ly Zolt\u00e1n: Hegyi \u00e9jszak\u00e1k 1. olasz madrig\u00e1l (Chi d\u2019amor sente) Vejnem\u00f6jnen muzsik\u00e1l zongor\u00e1n k\u00f6zrem\u0171k\u00f6dik: Lov\u00e1szn\u00e9 Gajdos \u00c9va \u00d6SSZKAR: Kod\u00e1ly Zolt\u00e1n: A magyarokhoz (Berzsenyi D\u00e1niel) Az el\u0151ad\u00e1s hossza: 70 perc, sz\u00fcnet n\u00e9lk\u00fcl Jegy\u00e1rak: 2.500 Ft, Nyugd\u00edjas jegy: 2.000 Ft, Di\u00e1kjegy: 1.500 Ft Kecskem\u00e9t k\u00e1rty\u00e1val 10% kedvezm\u00e9ny M\u0170SORF\u00dcZET LET\u00d6LT\u00c9SE augusztus 4., h\u00e9tf\u0151 20:00 Helysz\u00edn: Kod\u00e1ly Iskola Jegy\u00e1rak: 2.500 Ft, Nyugd\u00edjas jegy: 2.000 Ft, Di\u00e1kjegy: 1.500 Ft Kecskem\u00e9t k\u00e1rty\u00e1val 10% kedvezm\u00e9ny \u00a0 JEGYV\u00c1S\u00c1RL\u00c1S<\/p>\n","protected":false},"author":1,"featured_media":0,"parent":0,"menu_order":0,"comment_status":"closed","ping_status":"closed","template":"","meta":{"footnotes":""},"class_list":["post-3978","page","type-page","status-publish","hentry"],"_links":{"self":[{"href":"https:\/\/kodaly-muveszeti-fesztival.hu\/index.php?rest_route=\/wp\/v2\/pages\/3978","targetHints":{"allow":["GET"]}}],"collection":[{"href":"https:\/\/kodaly-muveszeti-fesztival.hu\/index.php?rest_route=\/wp\/v2\/pages"}],"about":[{"href":"https:\/\/kodaly-muveszeti-fesztival.hu\/index.php?rest_route=\/wp\/v2\/types\/page"}],"author":[{"embeddable":true,"href":"https:\/\/kodaly-muveszeti-fesztival.hu\/index.php?rest_route=\/wp\/v2\/users\/1"}],"replies":[{"embeddable":true,"href":"https:\/\/kodaly-muveszeti-fesztival.hu\/index.php?rest_route=%2Fwp%2Fv2%2Fcomments&post=3978"}],"version-history":[{"count":8,"href":"https:\/\/kodaly-muveszeti-fesztival.hu\/index.php?rest_route=\/wp\/v2\/pages\/3978\/revisions"}],"predecessor-version":[{"id":4449,"href":"https:\/\/kodaly-muveszeti-fesztival.hu\/index.php?rest_route=\/wp\/v2\/pages\/3978\/revisions\/4449"}],"wp:attachment":[{"href":"https:\/\/kodaly-muveszeti-fesztival.hu\/index.php?rest_route=%2Fwp%2Fv2%2Fmedia&parent=3978"}],"curies":[{"name":"wp","href":"https:\/\/api.w.org\/{rel}","templated":true}]}}