{"id":387,"date":"2021-07-06T06:16:45","date_gmt":"2021-07-06T06:16:45","guid":{"rendered":"https:\/\/new.kodaly-muveszeti-fesztival.hu\/?page_id=387"},"modified":"2022-07-22T12:20:09","modified_gmt":"2022-07-22T12:20:09","slug":"sergei-nakariakov-es-kecskemeti-szimfonikus-zenekar-koncertje","status":"publish","type":"page","link":"https:\/\/kodaly-muveszeti-fesztival.hu\/?page_id=387","title":{"rendered":"Szentiv\u00e1n\u00e9ji \u00e1lom &#8211; atmoszf\u00e9rakoncert"},"content":{"rendered":"\t\t<div data-elementor-type=\"wp-page\" data-elementor-id=\"387\" class=\"elementor elementor-387\">\n\t\t\t\t\t\t<section class=\"elementor-section elementor-top-section elementor-element elementor-element-29c946c elementor-section-boxed elementor-section-height-default elementor-section-height-default\" data-id=\"29c946c\" data-element_type=\"section\">\n\t\t\t\t\t\t<div class=\"elementor-container elementor-column-gap-default\">\n\t\t\t\t\t<div class=\"elementor-column elementor-col-100 elementor-top-column elementor-element elementor-element-55a3250\" data-id=\"55a3250\" data-element_type=\"column\">\n\t\t\t<div class=\"elementor-widget-wrap elementor-element-populated\">\n\t\t\t\t\t\t<div class=\"elementor-element elementor-element-7353981 elementor-widget elementor-widget-spacer\" data-id=\"7353981\" data-element_type=\"widget\" data-widget_type=\"spacer.default\">\n\t\t\t\t<div class=\"elementor-widget-container\">\n\t\t\t\t\t\t\t<div class=\"elementor-spacer\">\n\t\t\t<div class=\"elementor-spacer-inner\"><\/div>\n\t\t<\/div>\n\t\t\t\t\t\t<\/div>\n\t\t\t\t<\/div>\n\t\t\t\t<div class=\"elementor-element elementor-element-6d9a676 elementor-widget elementor-widget-heading\" data-id=\"6d9a676\" data-element_type=\"widget\" data-widget_type=\"heading.default\">\n\t\t\t\t<div class=\"elementor-widget-container\">\n\t\t\t\t\t<h2 class=\"elementor-heading-title elementor-size-default\">Szentiv\u00e1n\u00e9ji \u00e1lom - atmoszf\u00e9rakoncert<\/h2>\t\t\t\t<\/div>\n\t\t\t\t<\/div>\n\t\t\t\t<div class=\"elementor-element elementor-element-b287e85 elementor-widget elementor-widget-spacer\" data-id=\"b287e85\" data-element_type=\"widget\" data-widget_type=\"spacer.default\">\n\t\t\t\t<div class=\"elementor-widget-container\">\n\t\t\t\t\t\t\t<div class=\"elementor-spacer\">\n\t\t\t<div class=\"elementor-spacer-inner\"><\/div>\n\t\t<\/div>\n\t\t\t\t\t\t<\/div>\n\t\t\t\t<\/div>\n\t\t\t\t\t<\/div>\n\t\t<\/div>\n\t\t\t\t\t<\/div>\n\t\t<\/section>\n\t\t\t\t<section class=\"elementor-section elementor-top-section elementor-element elementor-element-9bcbb6f elementor-section-boxed elementor-section-height-default elementor-section-height-default\" data-id=\"9bcbb6f\" data-element_type=\"section\">\n\t\t\t\t\t\t<div class=\"elementor-container elementor-column-gap-default\">\n\t\t\t\t\t<div class=\"elementor-column elementor-col-50 elementor-top-column elementor-element elementor-element-61c3372\" data-id=\"61c3372\" data-element_type=\"column\">\n\t\t\t<div class=\"elementor-widget-wrap elementor-element-populated\">\n\t\t\t\t\t\t<div class=\"elementor-element elementor-element-5739a54 elementor-widget elementor-widget-image\" data-id=\"5739a54\" data-element_type=\"widget\" data-widget_type=\"image.default\">\n\t\t\t\t<div class=\"elementor-widget-container\">\n\t\t\t\t\t\t\t\t\t\t\t\t\t\t\t<img fetchpriority=\"high\" decoding=\"async\" width=\"960\" height=\"639\" src=\"https:\/\/kodaly-muveszeti-fesztival.hu\/wp-content\/uploads\/2021\/07\/DSC2060-1024x682.jpg\" class=\"attachment-large size-large wp-image-1254\" alt=\"\" srcset=\"https:\/\/kodaly-muveszeti-fesztival.hu\/wp-content\/uploads\/2021\/07\/DSC2060-1024x682.jpg 1024w, https:\/\/kodaly-muveszeti-fesztival.hu\/wp-content\/uploads\/2021\/07\/DSC2060-300x200.jpg 300w, https:\/\/kodaly-muveszeti-fesztival.hu\/wp-content\/uploads\/2021\/07\/DSC2060-768x512.jpg 768w, https:\/\/kodaly-muveszeti-fesztival.hu\/wp-content\/uploads\/2021\/07\/DSC2060-1536x1023.jpg 1536w, https:\/\/kodaly-muveszeti-fesztival.hu\/wp-content\/uploads\/2021\/07\/DSC2060-2048x1364.jpg 2048w, https:\/\/kodaly-muveszeti-fesztival.hu\/wp-content\/uploads\/2021\/07\/DSC2060-1140x759.jpg 1140w\" sizes=\"(max-width: 960px) 100vw, 960px\" \/>\t\t\t\t\t\t\t\t\t\t\t\t\t\t\t<\/div>\n\t\t\t\t<\/div>\n\t\t\t\t\t<\/div>\n\t\t<\/div>\n\t\t\t\t<div class=\"elementor-column elementor-col-50 elementor-top-column elementor-element elementor-element-91f9dad\" data-id=\"91f9dad\" data-element_type=\"column\">\n\t\t\t<div class=\"elementor-widget-wrap elementor-element-populated\">\n\t\t\t\t\t\t<div class=\"elementor-element elementor-element-27eb859 elementor-widget elementor-widget-text-editor\" data-id=\"27eb859\" data-element_type=\"widget\" data-widget_type=\"text-editor.default\">\n\t\t\t\t<div class=\"elementor-widget-container\">\n\t\t\t\t\t\t\t\t\t<h5>M\u0170SOR<br \/>Felix Mendelssohn-Bartholdy: Szentiv\u00e1n\u00e9ji \u00e1lom \u2013 szvit<\/h5><h5>Carl Maria von Weber: A b\u0171v\u00f6s vad\u00e1sz \u2013 nyit\u00e1ny<\/h5><h5>\u00a0<\/h5><h5>K\u00f6zrem\u0171k\u00f6dik: <br \/>Kecskem\u00e9ti Szimfonikus Zenekar<\/h5><p>\u00a0<\/p><div><h5>Nagy Nikolett a Kecskem\u00e9t City Balett t\u00e1ncm\u0171v\u00e9sze (Kecskem\u00e9ti Katona J\u00f3zsef Nemzeti Sz\u00ednh\u00e1z)<\/h5><p>\u00a0<\/p><h5>Rendez\u0151: Barta D\u00f3ra, Harangoz\u00f3 Gyula-d\u00edjas, \u00e9rdemes m\u0171v\u00e9sz<\/h5><p>\u00a0<\/p><\/div><h5>Vez\u00e9nyel: Holl\u00f3k\u0151i Huba<\/h5>\t\t\t\t\t\t\t\t<\/div>\n\t\t\t\t<\/div>\n\t\t\t\t\t<\/div>\n\t\t<\/div>\n\t\t\t\t\t<\/div>\n\t\t<\/section>\n\t\t\t\t<section class=\"elementor-section elementor-top-section elementor-element elementor-element-c916a61 elementor-section-boxed elementor-section-height-default elementor-section-height-default\" data-id=\"c916a61\" data-element_type=\"section\">\n\t\t\t\t\t\t<div class=\"elementor-container elementor-column-gap-default\">\n\t\t\t\t\t<div class=\"elementor-column elementor-col-100 elementor-top-column elementor-element elementor-element-0101e0f\" data-id=\"0101e0f\" data-element_type=\"column\">\n\t\t\t<div class=\"elementor-widget-wrap elementor-element-populated\">\n\t\t\t\t\t\t<div class=\"elementor-element elementor-element-b2ce80f elementor-widget elementor-widget-spacer\" data-id=\"b2ce80f\" data-element_type=\"widget\" data-widget_type=\"spacer.default\">\n\t\t\t\t<div class=\"elementor-widget-container\">\n\t\t\t\t\t\t\t<div class=\"elementor-spacer\">\n\t\t\t<div class=\"elementor-spacer-inner\"><\/div>\n\t\t<\/div>\n\t\t\t\t\t\t<\/div>\n\t\t\t\t<\/div>\n\t\t\t\t\t<\/div>\n\t\t<\/div>\n\t\t\t\t\t<\/div>\n\t\t<\/section>\n\t\t\t\t<section class=\"elementor-section elementor-top-section elementor-element elementor-element-3eadb2e8 elementor-section-boxed elementor-section-height-default elementor-section-height-default\" data-id=\"3eadb2e8\" data-element_type=\"section\">\n\t\t\t\t\t\t<div class=\"elementor-container elementor-column-gap-default\">\n\t\t\t\t\t<div class=\"elementor-column elementor-col-50 elementor-top-column elementor-element elementor-element-51c81119\" data-id=\"51c81119\" data-element_type=\"column\">\n\t\t\t<div class=\"elementor-widget-wrap elementor-element-populated\">\n\t\t\t\t\t\t<div class=\"elementor-element elementor-element-5a317c53 elementor-widget elementor-widget-text-editor\" data-id=\"5a317c53\" data-element_type=\"widget\" data-widget_type=\"text-editor.default\">\n\t\t\t\t<div class=\"elementor-widget-container\">\n\t\t\t\t\t\t\t\t\t<h3><strong>2022. j\u00falius 29. P\u00e9ntek 21.00<\/strong><\/h3><h3>Helysz\u00edn:\u00a0 F\u0151t\u00e9r<\/h3>\t\t\t\t\t\t\t\t<\/div>\n\t\t\t\t<\/div>\n\t\t\t\t\t<\/div>\n\t\t<\/div>\n\t\t\t\t<div class=\"elementor-column elementor-col-50 elementor-top-column elementor-element elementor-element-3dd9f573\" data-id=\"3dd9f573\" data-element_type=\"column\">\n\t\t\t<div class=\"elementor-widget-wrap\">\n\t\t\t\t\t\t\t<\/div>\n\t\t<\/div>\n\t\t\t\t\t<\/div>\n\t\t<\/section>\n\t\t\t\t<section class=\"elementor-section elementor-top-section elementor-element elementor-element-d323c0c elementor-section-boxed elementor-section-height-default elementor-section-height-default\" data-id=\"d323c0c\" data-element_type=\"section\">\n\t\t\t\t\t\t<div class=\"elementor-container elementor-column-gap-default\">\n\t\t\t\t\t<div class=\"elementor-column elementor-col-100 elementor-top-column elementor-element elementor-element-8ad0502\" data-id=\"8ad0502\" data-element_type=\"column\">\n\t\t\t<div class=\"elementor-widget-wrap elementor-element-populated\">\n\t\t\t\t\t\t<div class=\"elementor-element elementor-element-1b6b0d1 elementor-widget elementor-widget-spacer\" data-id=\"1b6b0d1\" data-element_type=\"widget\" data-widget_type=\"spacer.default\">\n\t\t\t\t<div class=\"elementor-widget-container\">\n\t\t\t\t\t\t\t<div class=\"elementor-spacer\">\n\t\t\t<div class=\"elementor-spacer-inner\"><\/div>\n\t\t<\/div>\n\t\t\t\t\t\t<\/div>\n\t\t\t\t<\/div>\n\t\t\t\t\t<\/div>\n\t\t<\/div>\n\t\t\t\t\t<\/div>\n\t\t<\/section>\n\t\t\t\t<section class=\"elementor-section elementor-top-section elementor-element elementor-element-d36a317 elementor-section-boxed elementor-section-height-default elementor-section-height-default\" data-id=\"d36a317\" data-element_type=\"section\">\n\t\t\t\t\t\t<div class=\"elementor-container elementor-column-gap-default\">\n\t\t\t\t\t<div class=\"elementor-column elementor-col-100 elementor-top-column elementor-element elementor-element-4d728bd\" data-id=\"4d728bd\" data-element_type=\"column\">\n\t\t\t<div class=\"elementor-widget-wrap elementor-element-populated\">\n\t\t\t\t\t\t<div class=\"elementor-element elementor-element-efe4eae elementor-widget elementor-widget-google_maps\" data-id=\"efe4eae\" data-element_type=\"widget\" data-widget_type=\"google_maps.default\">\n\t\t\t\t<div class=\"elementor-widget-container\">\n\t\t\t\t\t\t\t<div class=\"elementor-custom-embed\">\n\t\t\t<iframe loading=\"lazy\"\n\t\t\t\t\tsrc=\"https:\/\/maps.google.com\/maps?q=Kecskem%C3%A9t%20Szabads%C3%A1g%20t%C3%A9r&#038;t=m&#038;z=16&#038;output=embed&#038;iwloc=near\"\n\t\t\t\t\ttitle=\"Kecskem\u00e9t Szabads\u00e1g t\u00e9r\"\n\t\t\t\t\taria-label=\"Kecskem\u00e9t Szabads\u00e1g t\u00e9r\"\n\t\t\t><\/iframe>\n\t\t<\/div>\n\t\t\t\t\t\t<\/div>\n\t\t\t\t<\/div>\n\t\t\t\t\t<\/div>\n\t\t<\/div>\n\t\t\t\t\t<\/div>\n\t\t<\/section>\n\t\t\t\t<section class=\"elementor-section elementor-top-section elementor-element elementor-element-e11cb14 elementor-section-boxed elementor-section-height-default elementor-section-height-default\" data-id=\"e11cb14\" data-element_type=\"section\">\n\t\t\t\t\t\t<div class=\"elementor-container elementor-column-gap-default\">\n\t\t\t\t\t<div class=\"elementor-column elementor-col-100 elementor-top-column elementor-element elementor-element-bbb70e9\" data-id=\"bbb70e9\" data-element_type=\"column\">\n\t\t\t<div class=\"elementor-widget-wrap\">\n\t\t\t\t\t\t\t<\/div>\n\t\t<\/div>\n\t\t\t\t\t<\/div>\n\t\t<\/section>\n\t\t\t\t<section class=\"elementor-section elementor-top-section elementor-element elementor-element-c26981b elementor-section-boxed elementor-section-height-default elementor-section-height-default\" data-id=\"c26981b\" data-element_type=\"section\">\n\t\t\t\t\t\t<div class=\"elementor-container elementor-column-gap-default\">\n\t\t\t\t\t<div class=\"elementor-column elementor-col-100 elementor-top-column elementor-element elementor-element-a949f30\" data-id=\"a949f30\" data-element_type=\"column\">\n\t\t\t<div class=\"elementor-widget-wrap elementor-element-populated\">\n\t\t\t\t\t\t<div class=\"elementor-element elementor-element-e4ab811 elementor-widget elementor-widget-spacer\" data-id=\"e4ab811\" data-element_type=\"widget\" data-widget_type=\"spacer.default\">\n\t\t\t\t<div class=\"elementor-widget-container\">\n\t\t\t\t\t\t\t<div class=\"elementor-spacer\">\n\t\t\t<div class=\"elementor-spacer-inner\"><\/div>\n\t\t<\/div>\n\t\t\t\t\t\t<\/div>\n\t\t\t\t<\/div>\n\t\t\t\t\t<\/div>\n\t\t<\/div>\n\t\t\t\t\t<\/div>\n\t\t<\/section>\n\t\t\t\t<section class=\"elementor-section elementor-top-section elementor-element elementor-element-652ac9ad elementor-section-boxed elementor-section-height-default elementor-section-height-default\" data-id=\"652ac9ad\" data-element_type=\"section\">\n\t\t\t\t\t\t<div class=\"elementor-container elementor-column-gap-default\">\n\t\t\t\t\t<div class=\"elementor-column elementor-col-20 elementor-top-column elementor-element elementor-element-74d8c413\" data-id=\"74d8c413\" data-element_type=\"column\">\n\t\t\t<div class=\"elementor-widget-wrap elementor-element-populated\">\n\t\t\t\t\t\t<div class=\"elementor-element elementor-element-60aaeff5 elementor-widget elementor-widget-text-editor\" data-id=\"60aaeff5\" data-element_type=\"widget\" data-widget_type=\"text-editor.default\">\n\t\t\t\t<div class=\"elementor-widget-container\">\n\t\t\t\t\t\t\t\t\t<p>T\u00e1mogat\u00f3k:<\/p>\t\t\t\t\t\t\t\t<\/div>\n\t\t\t\t<\/div>\n\t\t\t\t\t<\/div>\n\t\t<\/div>\n\t\t\t\t<div class=\"elementor-column elementor-col-20 elementor-top-column elementor-element elementor-element-49dc7453\" data-id=\"49dc7453\" data-element_type=\"column\">\n\t\t\t<div class=\"elementor-widget-wrap elementor-element-populated\">\n\t\t\t\t\t\t<div class=\"elementor-element elementor-element-3c0d23d1 elementor-widget elementor-widget-image\" data-id=\"3c0d23d1\" data-element_type=\"widget\" data-widget_type=\"image.default\">\n\t\t\t\t<div class=\"elementor-widget-container\">\n\t\t\t\t\t\t\t\t\t\t\t\t\t\t\t\t<a href=\"https:\/\/filharmonia.hu\">\n\t\t\t\t\t\t\t<img decoding=\"async\" width=\"174\" height=\"75\" src=\"https:\/\/kodaly-muveszeti-fesztival.hu\/wp-content\/uploads\/2021\/07\/image001-1.png\" class=\"attachment-large size-large wp-image-924\" alt=\"\" \/>\t\t\t\t\t\t\t\t<\/a>\n\t\t\t\t\t\t\t\t\t\t\t\t\t\t\t<\/div>\n\t\t\t\t<\/div>\n\t\t\t\t\t<\/div>\n\t\t<\/div>\n\t\t\t\t<div class=\"elementor-column elementor-col-20 elementor-top-column elementor-element elementor-element-1e8d4cab\" data-id=\"1e8d4cab\" data-element_type=\"column\">\n\t\t\t<div class=\"elementor-widget-wrap elementor-element-populated\">\n\t\t\t\t\t\t<div class=\"elementor-element elementor-element-265b9519 elementor-widget elementor-widget-image\" data-id=\"265b9519\" data-element_type=\"widget\" data-widget_type=\"image.default\">\n\t\t\t\t<div class=\"elementor-widget-container\">\n\t\t\t\t\t\t\t\t\t\t\t\t\t\t\t\t<a href=\"https:\/\/kecskemet.hu\">\n\t\t\t\t\t\t\t<img decoding=\"async\" width=\"240\" height=\"66\" src=\"https:\/\/kodaly-muveszeti-fesztival.hu\/wp-content\/uploads\/2021\/07\/kecskemet-logo.png\" class=\"attachment-large size-large wp-image-673\" alt=\"\" \/>\t\t\t\t\t\t\t\t<\/a>\n\t\t\t\t\t\t\t\t\t\t\t\t\t\t\t<\/div>\n\t\t\t\t<\/div>\n\t\t\t\t\t<\/div>\n\t\t<\/div>\n\t\t\t\t<div class=\"elementor-column elementor-col-20 elementor-top-column elementor-element elementor-element-71fbeb36\" data-id=\"71fbeb36\" data-element_type=\"column\">\n\t\t\t<div class=\"elementor-widget-wrap elementor-element-populated\">\n\t\t\t\t\t\t<div class=\"elementor-element elementor-element-7a99eda0 elementor-widget elementor-widget-image\" data-id=\"7a99eda0\" data-element_type=\"widget\" data-widget_type=\"image.default\">\n\t\t\t\t<div class=\"elementor-widget-container\">\n\t\t\t\t\t\t\t\t\t\t\t\t\t\t\t\t<a href=\"https:\/\/nka.hu\">\n\t\t\t\t\t\t\t<img loading=\"lazy\" decoding=\"async\" width=\"222\" height=\"138\" src=\"https:\/\/kodaly-muveszeti-fesztival.hu\/wp-content\/uploads\/2021\/07\/NKA_csak_logo.png\" class=\"attachment-large size-large wp-image-675\" alt=\"\" \/>\t\t\t\t\t\t\t\t<\/a>\n\t\t\t\t\t\t\t\t\t\t\t\t\t\t\t<\/div>\n\t\t\t\t<\/div>\n\t\t\t\t\t<\/div>\n\t\t<\/div>\n\t\t\t\t<div class=\"elementor-column elementor-col-20 elementor-top-column elementor-element elementor-element-0174fb0\" data-id=\"0174fb0\" data-element_type=\"column\">\n\t\t\t<div class=\"elementor-widget-wrap elementor-element-populated\">\n\t\t\t\t\t\t<div class=\"elementor-element elementor-element-f0c6481 elementor-widget elementor-widget-image\" data-id=\"f0c6481\" data-element_type=\"widget\" data-widget_type=\"image.default\">\n\t\t\t\t<div class=\"elementor-widget-container\">\n\t\t\t\t\t\t\t\t\t\t\t\t\t\t\t\t<a href=\"https:\/\/nka.hu\">\n\t\t\t\t\t\t\t<img loading=\"lazy\" decoding=\"async\" width=\"200\" height=\"200\" src=\"https:\/\/kodaly-muveszeti-fesztival.hu\/wp-content\/uploads\/2022\/07\/Klogo.png\" class=\"attachment-large size-large wp-image-2269\" alt=\"\" srcset=\"https:\/\/kodaly-muveszeti-fesztival.hu\/wp-content\/uploads\/2022\/07\/Klogo.png 200w, https:\/\/kodaly-muveszeti-fesztival.hu\/wp-content\/uploads\/2022\/07\/Klogo-150x150.png 150w, https:\/\/kodaly-muveszeti-fesztival.hu\/wp-content\/uploads\/2022\/07\/Klogo-75x75.png 75w\" sizes=\"(max-width: 200px) 100vw, 200px\" \/>\t\t\t\t\t\t\t\t<\/a>\n\t\t\t\t\t\t\t\t\t\t\t\t\t\t\t<\/div>\n\t\t\t\t<\/div>\n\t\t\t\t\t<\/div>\n\t\t<\/div>\n\t\t\t\t\t<\/div>\n\t\t<\/section>\n\t\t\t\t<\/div>\n\t\t","protected":false},"excerpt":{"rendered":"<p>Szentiv\u00e1n\u00e9ji \u00e1lom &#8211; atmoszf\u00e9rakoncert M\u0170SORFelix Mendelssohn-Bartholdy: Szentiv\u00e1n\u00e9ji \u00e1lom \u2013 szvit Carl Maria von Weber: A b\u0171v\u00f6s vad\u00e1sz \u2013 nyit\u00e1ny \u00a0 K\u00f6zrem\u0171k\u00f6dik: Kecskem\u00e9ti Szimfonikus Zenekar \u00a0 Nagy Nikolett a Kecskem\u00e9t City Balett t\u00e1ncm\u0171v\u00e9sze (Kecskem\u00e9ti Katona J\u00f3zsef Nemzeti Sz\u00ednh\u00e1z) \u00a0 Rendez\u0151: Barta D\u00f3ra, Harangoz\u00f3 Gyula-d\u00edjas, \u00e9rdemes m\u0171v\u00e9sz \u00a0 Vez\u00e9nyel: Holl\u00f3k\u0151i Huba 2022. j\u00falius 29. P\u00e9ntek 21.00 Helysz\u00edn:\u00a0 F\u0151t\u00e9r T\u00e1mogat\u00f3k:<\/p>\n","protected":false},"author":1,"featured_media":0,"parent":70,"menu_order":9,"comment_status":"closed","ping_status":"closed","template":"","meta":{"footnotes":""},"class_list":["post-387","page","type-page","status-publish","hentry"],"_links":{"self":[{"href":"https:\/\/kodaly-muveszeti-fesztival.hu\/index.php?rest_route=\/wp\/v2\/pages\/387","targetHints":{"allow":["GET"]}}],"collection":[{"href":"https:\/\/kodaly-muveszeti-fesztival.hu\/index.php?rest_route=\/wp\/v2\/pages"}],"about":[{"href":"https:\/\/kodaly-muveszeti-fesztival.hu\/index.php?rest_route=\/wp\/v2\/types\/page"}],"author":[{"embeddable":true,"href":"https:\/\/kodaly-muveszeti-fesztival.hu\/index.php?rest_route=\/wp\/v2\/users\/1"}],"replies":[{"embeddable":true,"href":"https:\/\/kodaly-muveszeti-fesztival.hu\/index.php?rest_route=%2Fwp%2Fv2%2Fcomments&post=387"}],"version-history":[{"count":51,"href":"https:\/\/kodaly-muveszeti-fesztival.hu\/index.php?rest_route=\/wp\/v2\/pages\/387\/revisions"}],"predecessor-version":[{"id":2826,"href":"https:\/\/kodaly-muveszeti-fesztival.hu\/index.php?rest_route=\/wp\/v2\/pages\/387\/revisions\/2826"}],"up":[{"embeddable":true,"href":"https:\/\/kodaly-muveszeti-fesztival.hu\/index.php?rest_route=\/wp\/v2\/pages\/70"}],"wp:attachment":[{"href":"https:\/\/kodaly-muveszeti-fesztival.hu\/index.php?rest_route=%2Fwp%2Fv2%2Fmedia&parent=387"}],"curies":[{"name":"wp","href":"https:\/\/api.w.org\/{rel}","templated":true}]}}