{"id":2773,"date":"2022-07-15T07:32:46","date_gmt":"2022-07-15T07:32:46","guid":{"rendered":"https:\/\/kodaly-muveszeti-fesztival.hu\/?page_id=2773"},"modified":"2024-07-17T09:38:12","modified_gmt":"2024-07-17T09:38:12","slug":"aknay-janos-legujabb-kepeit-bemutato-kiallitas","status":"publish","type":"page","link":"https:\/\/kodaly-muveszeti-fesztival.hu\/?page_id=2773","title":{"rendered":"SHIFT | Csurka Eszter Munk\u00e1csy-d\u00edjas k\u00e9pz\u0151m\u0171v\u00e9sz ki\u00e1ll\u00edt\u00e1sa"},"content":{"rendered":"\t\t<div data-elementor-type=\"wp-page\" data-elementor-id=\"2773\" class=\"elementor elementor-2773\">\n\t\t\t\t\t\t<section class=\"elementor-section elementor-top-section elementor-element elementor-element-a5ad97a elementor-section-boxed elementor-section-height-default elementor-section-height-default\" data-id=\"a5ad97a\" data-element_type=\"section\">\n\t\t\t\t\t\t<div class=\"elementor-container elementor-column-gap-default\">\n\t\t\t\t\t<div class=\"elementor-column elementor-col-100 elementor-top-column elementor-element elementor-element-68bc34b\" data-id=\"68bc34b\" data-element_type=\"column\">\n\t\t\t<div class=\"elementor-widget-wrap elementor-element-populated\">\n\t\t\t\t\t\t<div class=\"elementor-element elementor-element-793dbc3 elementor-widget elementor-widget-spacer\" data-id=\"793dbc3\" data-element_type=\"widget\" data-widget_type=\"spacer.default\">\n\t\t\t\t<div class=\"elementor-widget-container\">\n\t\t\t\t\t\t\t<div class=\"elementor-spacer\">\n\t\t\t<div class=\"elementor-spacer-inner\"><\/div>\n\t\t<\/div>\n\t\t\t\t\t\t<\/div>\n\t\t\t\t<\/div>\n\t\t\t\t<div class=\"elementor-element elementor-element-77bf597 elementor-widget elementor-widget-heading\" data-id=\"77bf597\" data-element_type=\"widget\" data-widget_type=\"heading.default\">\n\t\t\t\t<div class=\"elementor-widget-container\">\n\t\t\t\t\t<h2 class=\"elementor-heading-title elementor-size-default\">SHIFT | Csurka Eszter Munk\u00e1csy-d\u00edjas k\u00e9pz\u0151m\u0171v\u00e9sz ki\u00e1ll\u00edt\u00e1sa\n<\/h2>\t\t\t\t<\/div>\n\t\t\t\t<\/div>\n\t\t\t\t\t<\/div>\n\t\t<\/div>\n\t\t\t\t\t<\/div>\n\t\t<\/section>\n\t\t\t\t<section class=\"elementor-section elementor-top-section elementor-element elementor-element-9d62fcd elementor-section-boxed elementor-section-height-default elementor-section-height-default\" data-id=\"9d62fcd\" data-element_type=\"section\">\n\t\t\t\t\t\t<div class=\"elementor-container elementor-column-gap-default\">\n\t\t\t\t\t<div class=\"elementor-column elementor-col-100 elementor-top-column elementor-element elementor-element-f7106d2\" data-id=\"f7106d2\" data-element_type=\"column\">\n\t\t\t<div class=\"elementor-widget-wrap elementor-element-populated\">\n\t\t\t\t\t\t<div class=\"elementor-element elementor-element-f6aca0c elementor-widget elementor-widget-spacer\" data-id=\"f6aca0c\" data-element_type=\"widget\" data-widget_type=\"spacer.default\">\n\t\t\t\t<div class=\"elementor-widget-container\">\n\t\t\t\t\t\t\t<div class=\"elementor-spacer\">\n\t\t\t<div class=\"elementor-spacer-inner\"><\/div>\n\t\t<\/div>\n\t\t\t\t\t\t<\/div>\n\t\t\t\t<\/div>\n\t\t\t\t<section class=\"elementor-section elementor-inner-section elementor-element elementor-element-40e8aa5 elementor-section-boxed elementor-section-height-default elementor-section-height-default\" data-id=\"40e8aa5\" data-element_type=\"section\">\n\t\t\t\t\t\t<div class=\"elementor-container elementor-column-gap-default\">\n\t\t\t\t\t<div class=\"elementor-column elementor-col-50 elementor-inner-column elementor-element elementor-element-88b2ca7\" data-id=\"88b2ca7\" data-element_type=\"column\">\n\t\t\t<div class=\"elementor-widget-wrap elementor-element-populated\">\n\t\t\t\t\t\t<div class=\"elementor-element elementor-element-8e5fd4d elementor-widget elementor-widget-image\" data-id=\"8e5fd4d\" data-element_type=\"widget\" data-widget_type=\"image.default\">\n\t\t\t\t<div class=\"elementor-widget-container\">\n\t\t\t\t\t\t\t\t\t\t\t\t\t\t\t<img fetchpriority=\"high\" decoding=\"async\" width=\"960\" height=\"960\" src=\"https:\/\/kodaly-muveszeti-fesztival.hu\/wp-content\/uploads\/2024\/06\/honlapra-1024x1024.png\" class=\"attachment-large size-large wp-image-3513\" alt=\"\" srcset=\"https:\/\/kodaly-muveszeti-fesztival.hu\/wp-content\/uploads\/2024\/06\/honlapra-1024x1024.png 1024w, https:\/\/kodaly-muveszeti-fesztival.hu\/wp-content\/uploads\/2024\/06\/honlapra-300x300.png 300w, https:\/\/kodaly-muveszeti-fesztival.hu\/wp-content\/uploads\/2024\/06\/honlapra-150x150.png 150w, https:\/\/kodaly-muveszeti-fesztival.hu\/wp-content\/uploads\/2024\/06\/honlapra-768x768.png 768w, https:\/\/kodaly-muveszeti-fesztival.hu\/wp-content\/uploads\/2024\/06\/honlapra-1140x1140.png 1140w, https:\/\/kodaly-muveszeti-fesztival.hu\/wp-content\/uploads\/2024\/06\/honlapra-75x75.png 75w, https:\/\/kodaly-muveszeti-fesztival.hu\/wp-content\/uploads\/2024\/06\/honlapra.png 1200w\" sizes=\"(max-width: 960px) 100vw, 960px\" \/>\t\t\t\t\t\t\t\t\t\t\t\t\t\t\t<\/div>\n\t\t\t\t<\/div>\n\t\t\t\t\t<\/div>\n\t\t<\/div>\n\t\t\t\t<div class=\"elementor-column elementor-col-50 elementor-inner-column elementor-element elementor-element-cc48cc0\" data-id=\"cc48cc0\" data-element_type=\"column\">\n\t\t\t<div class=\"elementor-widget-wrap elementor-element-populated\">\n\t\t\t\t\t\t<div class=\"elementor-element elementor-element-86c1462 elementor-widget elementor-widget-text-editor\" data-id=\"86c1462\" data-element_type=\"widget\" data-widget_type=\"text-editor.default\">\n\t\t\t\t<div class=\"elementor-widget-container\">\n\t\t\t\t\t\t\t\t\t<h5><em style=\"letter-spacing: 0px;\">A Magyar M\u0171v\u00e9szeti Akad\u00e9mia tagjait bemutat\u00f3 sorozat t\u00e1rlata<\/em><\/h5><h5><em>\u00a0<\/em><\/h5><h5><em>\u00a0\u201eA negati\u0301v fe\u0301ny, a so\u0308te\u0301t a\u0301rnye\u0301k, ami a\u0301tfordul vila\u0301gosba, ez az o\u0308ro\u0308kke\u0301 hulla\u0301mzo\u0301 energia; E\u0301rzelmeink, gondolataink szinte\u0301n hulla\u0301mokat genera\u0301lnak, a fe\u0301ny a\u0301ltal te\u0301rbeli alakzatok vagyunk e\u0301s ido\u030bvel folyamatosan va\u0301ltozunk. Ez a hulla\u0301mzo\u0301, pulza\u0301lo\u0301 va\u0301ltoza\u0301s inspira\u0301lja megvalo\u0301sulo\u0301 mu\u030bveimet.<\/em><\/h5><h5><em>A ko\u0308ztes te\u0301r, a pillanatok ko\u0308zt le\u0301vo\u030b pillanatok, az egyma\u0301sra hajlo\u0301 te\u0301r-id\u0151 \u2013 e\u0301rze\u0301kelju\u0308k, tudjuk a tudatunk legme\u0301lye\u0301n, de megfoghatatlan, mert ahogy ko\u0308zeledu\u0308nk fele\u0301, kette\u0301oszto\u0301dik e\u0301s me\u0301g kette\u0301 e\u0301s i\u0301gy tova\u0301bb. Ezt az a\u0301tmeneti teret, ezt a ke\u0301t pillanat ko\u0308zt le\u0301vo\u030b ido\u030bt szeretne\u0301m a munka\u0301immal la\u0301thato\u0301va\u0301 tenni.\u201d<\/em><\/h5><h5>\u00a0<\/h5><h5><strong>A ki\u00e1ll\u00edt\u00e1st megnyitja:<\/strong> Barta D\u00f3ra, Harangoz\u00f3 Gyula-d\u00edjas t\u00e1ncm\u0171v\u00e9sz, koreogr\u00e1fus, \u00e9rdemes m\u0171v\u00e9sz, a H\u00edr\u00f6s Ag\u00f3ra \u00fcgyvezet\u0151 igazgat\u00f3ja<\/h5><p>\u00a0<\/p><h5><strong>K\u00f6zrem\u0171k\u00f6dik:<\/strong> Sipos G\u00e1bor Gerg\u0151 gordonkam\u0171v\u00e9sz<\/h5><p>\u00a0<\/p><h5><strong>Megnyit\u00f3:<\/strong> Kamaraterem, 2024. j\u00falius 22. h\u00e9tf\u0151 18.00<\/h5><h5><strong>Megtekinthet\u0151:<\/strong>\u00a0augusztus 11-ig az int\u00e9zm\u00e9ny nyitvatart\u00e1si idej\u00e9ben<\/h5>\t\t\t\t\t\t\t\t<\/div>\n\t\t\t\t<\/div>\n\t\t\t\t\t<\/div>\n\t\t<\/div>\n\t\t\t\t\t<\/div>\n\t\t<\/section>\n\t\t\t\t<div class=\"elementor-element elementor-element-03fba9a elementor-widget elementor-widget-spacer\" data-id=\"03fba9a\" data-element_type=\"widget\" data-widget_type=\"spacer.default\">\n\t\t\t\t<div class=\"elementor-widget-container\">\n\t\t\t\t\t\t\t<div class=\"elementor-spacer\">\n\t\t\t<div class=\"elementor-spacer-inner\"><\/div>\n\t\t<\/div>\n\t\t\t\t\t\t<\/div>\n\t\t\t\t<\/div>\n\t\t\t\t<div class=\"elementor-element elementor-element-8309b12 elementor-align-center elementor-widget elementor-widget-button\" data-id=\"8309b12\" data-element_type=\"widget\" data-widget_type=\"button.default\">\n\t\t\t\t<div class=\"elementor-widget-container\">\n\t\t\t\t\t\t\t\t\t<div class=\"elementor-button-wrapper\">\n\t\t\t\t\t<a class=\"elementor-button elementor-button-link elementor-size-sm\" href=\"https:\/\/issuu.com\/hirosagora\/docs\/lapozhat_m_sorf_zet_-_kod_ly_2024\">\n\t\t\t\t\t\t<span class=\"elementor-button-content-wrapper\">\n\t\t\t\t\t\t\t\t\t<span class=\"elementor-button-text\">M\u0170SORF\u00dcZET LET\u00d6LT\u00c9SE<\/span>\n\t\t\t\t\t<\/span>\n\t\t\t\t\t<\/a>\n\t\t\t\t<\/div>\n\t\t\t\t\t\t\t\t<\/div>\n\t\t\t\t<\/div>\n\t\t\t\t<div class=\"elementor-element elementor-element-5a0e536 elementor-widget elementor-widget-spacer\" data-id=\"5a0e536\" data-element_type=\"widget\" data-widget_type=\"spacer.default\">\n\t\t\t\t<div class=\"elementor-widget-container\">\n\t\t\t\t\t\t\t<div class=\"elementor-spacer\">\n\t\t\t<div class=\"elementor-spacer-inner\"><\/div>\n\t\t<\/div>\n\t\t\t\t\t\t<\/div>\n\t\t\t\t<\/div>\n\t\t\t\t\t<\/div>\n\t\t<\/div>\n\t\t\t\t\t<\/div>\n\t\t<\/section>\n\t\t\t\t<section class=\"elementor-section elementor-top-section elementor-element elementor-element-43879aa elementor-section-boxed elementor-section-height-default elementor-section-height-default\" data-id=\"43879aa\" data-element_type=\"section\">\n\t\t\t\t\t\t<div class=\"elementor-container elementor-column-gap-default\">\n\t\t\t\t\t<div class=\"elementor-column elementor-col-50 elementor-top-column elementor-element elementor-element-edd7665\" data-id=\"edd7665\" data-element_type=\"column\">\n\t\t\t<div class=\"elementor-widget-wrap elementor-element-populated\">\n\t\t\t\t\t\t<div class=\"elementor-element elementor-element-65f1df9 elementor-widget elementor-widget-text-editor\" data-id=\"65f1df9\" data-element_type=\"widget\" data-widget_type=\"text-editor.default\">\n\t\t\t\t<div class=\"elementor-widget-container\">\n\t\t\t\t\t\t\t\t\t<h3><strong>2024. j\u00falius 22. H\u00e9tf\u0151 18.00<\/strong><\/h3><h3>Helysz\u00edn:\u00a0 H\u00edr\u00f6s Ag\u00f3ra Kultur\u00e1lis K\u00f6zpont\u00a0<\/h3><h5>A bel\u00e9p\u00e9s d\u00edjtalan!<\/h5>\t\t\t\t\t\t\t\t<\/div>\n\t\t\t\t<\/div>\n\t\t\t\t\t<\/div>\n\t\t<\/div>\n\t\t\t\t<div class=\"elementor-column elementor-col-50 elementor-top-column elementor-element elementor-element-cb0c2e8\" data-id=\"cb0c2e8\" data-element_type=\"column\">\n\t\t\t<div class=\"elementor-widget-wrap\">\n\t\t\t\t\t\t\t<\/div>\n\t\t<\/div>\n\t\t\t\t\t<\/div>\n\t\t<\/section>\n\t\t\t\t<section class=\"elementor-section elementor-top-section elementor-element elementor-element-ca8cbd4 elementor-section-boxed elementor-section-height-default elementor-section-height-default\" data-id=\"ca8cbd4\" data-element_type=\"section\">\n\t\t\t\t\t\t<div class=\"elementor-container elementor-column-gap-default\">\n\t\t\t\t\t<div class=\"elementor-column elementor-col-100 elementor-top-column elementor-element elementor-element-7f9b59b\" data-id=\"7f9b59b\" data-element_type=\"column\">\n\t\t\t<div class=\"elementor-widget-wrap elementor-element-populated\">\n\t\t\t\t\t\t<div class=\"elementor-element elementor-element-ac7d8f0 elementor-widget elementor-widget-spacer\" data-id=\"ac7d8f0\" data-element_type=\"widget\" data-widget_type=\"spacer.default\">\n\t\t\t\t<div class=\"elementor-widget-container\">\n\t\t\t\t\t\t\t<div class=\"elementor-spacer\">\n\t\t\t<div class=\"elementor-spacer-inner\"><\/div>\n\t\t<\/div>\n\t\t\t\t\t\t<\/div>\n\t\t\t\t<\/div>\n\t\t\t\t<div class=\"elementor-element elementor-element-c71478e elementor-widget elementor-widget-google_maps\" data-id=\"c71478e\" data-element_type=\"widget\" data-widget_type=\"google_maps.default\">\n\t\t\t\t<div class=\"elementor-widget-container\">\n\t\t\t\t\t\t\t<div class=\"elementor-custom-embed\">\n\t\t\t<iframe loading=\"lazy\"\n\t\t\t\t\tsrc=\"https:\/\/maps.google.com\/maps?q=h%C3%ADr%C3%B6s%20ag%C3%B3ra&#038;t=m&#038;z=17&#038;output=embed&#038;iwloc=near\"\n\t\t\t\t\ttitle=\"h\u00edr\u00f6s ag\u00f3ra\"\n\t\t\t\t\taria-label=\"h\u00edr\u00f6s ag\u00f3ra\"\n\t\t\t><\/iframe>\n\t\t<\/div>\n\t\t\t\t\t\t<\/div>\n\t\t\t\t<\/div>\n\t\t\t\t<div class=\"elementor-element elementor-element-51fe2a1 elementor-widget elementor-widget-spacer\" data-id=\"51fe2a1\" data-element_type=\"widget\" data-widget_type=\"spacer.default\">\n\t\t\t\t<div class=\"elementor-widget-container\">\n\t\t\t\t\t\t\t<div class=\"elementor-spacer\">\n\t\t\t<div class=\"elementor-spacer-inner\"><\/div>\n\t\t<\/div>\n\t\t\t\t\t\t<\/div>\n\t\t\t\t<\/div>\n\t\t\t\t<section class=\"elementor-section elementor-inner-section elementor-element elementor-element-2c1c4e9 elementor-section-boxed elementor-section-height-default elementor-section-height-default\" data-id=\"2c1c4e9\" data-element_type=\"section\">\n\t\t\t\t\t\t<div class=\"elementor-container elementor-column-gap-default\">\n\t\t\t\t\t<div class=\"elementor-column elementor-col-50 elementor-inner-column elementor-element elementor-element-a323b1f\" data-id=\"a323b1f\" data-element_type=\"column\">\n\t\t\t<div class=\"elementor-widget-wrap elementor-element-populated\">\n\t\t\t\t\t\t<div class=\"elementor-element elementor-element-00f2d27 elementor-widget elementor-widget-image\" data-id=\"00f2d27\" data-element_type=\"widget\" data-widget_type=\"image.default\">\n\t\t\t\t<div class=\"elementor-widget-container\">\n\t\t\t\t\t\t\t\t\t\t\t\t\t\t\t<img decoding=\"async\" width=\"240\" height=\"66\" src=\"https:\/\/kodaly-muveszeti-fesztival.hu\/wp-content\/uploads\/2021\/07\/kecskemet-logo.png\" class=\"attachment-large size-large wp-image-673\" alt=\"\" \/>\t\t\t\t\t\t\t\t\t\t\t\t\t\t\t<\/div>\n\t\t\t\t<\/div>\n\t\t\t\t\t<\/div>\n\t\t<\/div>\n\t\t\t\t<div class=\"elementor-column elementor-col-50 elementor-inner-column elementor-element elementor-element-e897dec\" data-id=\"e897dec\" data-element_type=\"column\">\n\t\t\t<div class=\"elementor-widget-wrap elementor-element-populated\">\n\t\t\t\t\t\t<div class=\"elementor-element elementor-element-145f9af elementor-widget elementor-widget-image\" data-id=\"145f9af\" data-element_type=\"widget\" data-widget_type=\"image.default\">\n\t\t\t\t<div class=\"elementor-widget-container\">\n\t\t\t\t\t\t\t\t\t\t\t\t\t\t\t<img decoding=\"async\" width=\"150\" height=\"150\" src=\"https:\/\/kodaly-muveszeti-fesztival.hu\/wp-content\/uploads\/2024\/07\/FPbS_logo_szines_jpg-150x150.jpg\" class=\"attachment-thumbnail size-thumbnail wp-image-3764\" alt=\"\" srcset=\"https:\/\/kodaly-muveszeti-fesztival.hu\/wp-content\/uploads\/2024\/07\/FPbS_logo_szines_jpg-150x150.jpg 150w, https:\/\/kodaly-muveszeti-fesztival.hu\/wp-content\/uploads\/2024\/07\/FPbS_logo_szines_jpg-300x300.jpg 300w, https:\/\/kodaly-muveszeti-fesztival.hu\/wp-content\/uploads\/2024\/07\/FPbS_logo_szines_jpg-1024x1024.jpg 1024w, https:\/\/kodaly-muveszeti-fesztival.hu\/wp-content\/uploads\/2024\/07\/FPbS_logo_szines_jpg-768x768.jpg 768w, https:\/\/kodaly-muveszeti-fesztival.hu\/wp-content\/uploads\/2024\/07\/FPbS_logo_szines_jpg-1140x1140.jpg 1140w, https:\/\/kodaly-muveszeti-fesztival.hu\/wp-content\/uploads\/2024\/07\/FPbS_logo_szines_jpg-75x75.jpg 75w, https:\/\/kodaly-muveszeti-fesztival.hu\/wp-content\/uploads\/2024\/07\/FPbS_logo_szines_jpg.jpg 1515w\" sizes=\"(max-width: 150px) 100vw, 150px\" \/>\t\t\t\t\t\t\t\t\t\t\t\t\t\t\t<\/div>\n\t\t\t\t<\/div>\n\t\t\t\t\t<\/div>\n\t\t<\/div>\n\t\t\t\t\t<\/div>\n\t\t<\/section>\n\t\t\t\t\t<\/div>\n\t\t<\/div>\n\t\t\t\t\t<\/div>\n\t\t<\/section>\n\t\t\t\t<\/div>\n\t\t","protected":false},"excerpt":{"rendered":"<p>SHIFT | Csurka Eszter Munk\u00e1csy-d\u00edjas k\u00e9pz\u0151m\u0171v\u00e9sz ki\u00e1ll\u00edt\u00e1sa A Magyar M\u0171v\u00e9szeti Akad\u00e9mia tagjait bemutat\u00f3 sorozat t\u00e1rlata \u00a0 \u00a0\u201eA negati\u0301v fe\u0301ny, a so\u0308te\u0301t a\u0301rnye\u0301k, ami a\u0301tfordul vila\u0301gosba, ez az o\u0308ro\u0308kke\u0301 hulla\u0301mzo\u0301 energia; E\u0301rzelmeink, gondolataink szinte\u0301n hulla\u0301mokat genera\u0301lnak, a fe\u0301ny a\u0301ltal te\u0301rbeli alakzatok vagyunk e\u0301s ido\u030bvel folyamatosan va\u0301ltozunk. Ez a hulla\u0301mzo\u0301, pulza\u0301lo\u0301 va\u0301ltoza\u0301s inspira\u0301lja megvalo\u0301sulo\u0301 mu\u030bveimet. A ko\u0308ztes te\u0301r, a pillanatok ko\u0308zt le\u0301vo\u030b pillanatok, az egyma\u0301sra hajlo\u0301 te\u0301r-id\u0151 \u2013 e\u0301rze\u0301kelju\u0308k, tudjuk a tudatunk legme\u0301lye\u0301n, de megfoghatatlan, mert ahogy ko\u0308zeledu\u0308nk fele\u0301, kette\u0301oszto\u0301dik e\u0301s me\u0301g kette\u0301 e\u0301s i\u0301gy tova\u0301bb. Ezt az a\u0301tmeneti teret, ezt a ke\u0301t pillanat ko\u0308zt le\u0301vo\u030b ido\u030bt szeretne\u0301m a munka\u0301immal la\u0301thato\u0301va\u0301 tenni.\u201d \u00a0 A ki\u00e1ll\u00edt\u00e1st megnyitja: Barta D\u00f3ra, Harangoz\u00f3 Gyula-d\u00edjas t\u00e1ncm\u0171v\u00e9sz, koreogr\u00e1fus, \u00e9rdemes m\u0171v\u00e9sz, a H\u00edr\u00f6s Ag\u00f3ra \u00fcgyvezet\u0151 igazgat\u00f3ja \u00a0 K\u00f6zrem\u0171k\u00f6dik: Sipos G\u00e1bor Gerg\u0151 gordonkam\u0171v\u00e9sz \u00a0 Megnyit\u00f3: Kamaraterem, 2024. j\u00falius 22. h\u00e9tf\u0151 18.00 Megtekinthet\u0151:\u00a0augusztus 11-ig az int\u00e9zm\u00e9ny nyitvatart\u00e1si idej\u00e9ben M\u0170SORF\u00dcZET LET\u00d6LT\u00c9SE 2024. j\u00falius 22. H\u00e9tf\u0151 18.00 Helysz\u00edn:\u00a0 H\u00edr\u00f6s Ag\u00f3ra Kultur\u00e1lis K\u00f6zpont\u00a0 A bel\u00e9p\u00e9s d\u00edjtalan!<\/p>\n","protected":false},"author":1,"featured_media":0,"parent":0,"menu_order":0,"comment_status":"closed","ping_status":"closed","template":"","meta":{"footnotes":""},"class_list":["post-2773","page","type-page","status-publish","hentry"],"_links":{"self":[{"href":"https:\/\/kodaly-muveszeti-fesztival.hu\/index.php?rest_route=\/wp\/v2\/pages\/2773","targetHints":{"allow":["GET"]}}],"collection":[{"href":"https:\/\/kodaly-muveszeti-fesztival.hu\/index.php?rest_route=\/wp\/v2\/pages"}],"about":[{"href":"https:\/\/kodaly-muveszeti-fesztival.hu\/index.php?rest_route=\/wp\/v2\/types\/page"}],"author":[{"embeddable":true,"href":"https:\/\/kodaly-muveszeti-fesztival.hu\/index.php?rest_route=\/wp\/v2\/users\/1"}],"replies":[{"embeddable":true,"href":"https:\/\/kodaly-muveszeti-fesztival.hu\/index.php?rest_route=%2Fwp%2Fv2%2Fcomments&post=2773"}],"version-history":[{"count":78,"href":"https:\/\/kodaly-muveszeti-fesztival.hu\/index.php?rest_route=\/wp\/v2\/pages\/2773\/revisions"}],"predecessor-version":[{"id":3921,"href":"https:\/\/kodaly-muveszeti-fesztival.hu\/index.php?rest_route=\/wp\/v2\/pages\/2773\/revisions\/3921"}],"wp:attachment":[{"href":"https:\/\/kodaly-muveszeti-fesztival.hu\/index.php?rest_route=%2Fwp%2Fv2%2Fmedia&parent=2773"}],"curies":[{"name":"wp","href":"https:\/\/api.w.org\/{rel}","templated":true}]}}