{"id":2487,"date":"2022-07-01T13:44:29","date_gmt":"2022-07-01T13:44:29","guid":{"rendered":"https:\/\/kodaly-muveszeti-fesztival.hu\/?page_id=2487"},"modified":"2025-07-22T06:47:33","modified_gmt":"2025-07-22T06:47:33","slug":"jegyek","status":"publish","type":"page","link":"https:\/\/kodaly-muveszeti-fesztival.hu\/?page_id=2487","title":{"rendered":"JEGYEK"},"content":{"rendered":"\t\t<div data-elementor-type=\"wp-page\" data-elementor-id=\"2487\" class=\"elementor elementor-2487\">\n\t\t\t\t\t\t<section class=\"elementor-section elementor-top-section elementor-element elementor-element-bbddae9 elementor-section-boxed elementor-section-height-default elementor-section-height-default\" data-id=\"bbddae9\" data-element_type=\"section\">\n\t\t\t\t\t\t<div class=\"elementor-container elementor-column-gap-default\">\n\t\t\t\t\t<div class=\"elementor-column elementor-col-100 elementor-top-column elementor-element elementor-element-5880ae4\" data-id=\"5880ae4\" data-element_type=\"column\">\n\t\t\t<div class=\"elementor-widget-wrap elementor-element-populated\">\n\t\t\t\t\t\t<div class=\"elementor-element elementor-element-339fb5c elementor-widget elementor-widget-spacer\" data-id=\"339fb5c\" data-element_type=\"widget\" data-widget_type=\"spacer.default\">\n\t\t\t\t<div class=\"elementor-widget-container\">\n\t\t\t\t\t\t\t<div class=\"elementor-spacer\">\n\t\t\t<div class=\"elementor-spacer-inner\"><\/div>\n\t\t<\/div>\n\t\t\t\t\t\t<\/div>\n\t\t\t\t<\/div>\n\t\t\t\t<section class=\"elementor-section elementor-inner-section elementor-element elementor-element-5b49417 elementor-section-boxed elementor-section-height-default elementor-section-height-default\" data-id=\"5b49417\" data-element_type=\"section\">\n\t\t\t\t\t\t<div class=\"elementor-container elementor-column-gap-default\">\n\t\t\t\t\t<div class=\"elementor-column elementor-col-100 elementor-inner-column elementor-element elementor-element-c884939\" data-id=\"c884939\" data-element_type=\"column\">\n\t\t\t<div class=\"elementor-widget-wrap elementor-element-populated\">\n\t\t\t\t\t\t<div class=\"elementor-element elementor-element-61394ef elementor-widget elementor-widget-heading\" data-id=\"61394ef\" data-element_type=\"widget\" data-widget_type=\"heading.default\">\n\t\t\t\t<div class=\"elementor-widget-container\">\n\t\t\t\t\t<h2 class=\"elementor-heading-title elementor-size-default\">Jegyinform\u00e1ci\u00f3<\/h2>\t\t\t\t<\/div>\n\t\t\t\t<\/div>\n\t\t\t\t\t<\/div>\n\t\t<\/div>\n\t\t\t\t\t<\/div>\n\t\t<\/section>\n\t\t\t\t<div class=\"elementor-element elementor-element-e331a3a elementor-widget elementor-widget-spacer\" data-id=\"e331a3a\" data-element_type=\"widget\" data-widget_type=\"spacer.default\">\n\t\t\t\t<div class=\"elementor-widget-container\">\n\t\t\t\t\t\t\t<div class=\"elementor-spacer\">\n\t\t\t<div class=\"elementor-spacer-inner\"><\/div>\n\t\t<\/div>\n\t\t\t\t\t\t<\/div>\n\t\t\t\t<\/div>\n\t\t\t\t<div class=\"elementor-element elementor-element-8c6b886 elementor-widget elementor-widget-text-editor\" data-id=\"8c6b886\" data-element_type=\"widget\" data-widget_type=\"text-editor.default\">\n\t\t\t\t<div class=\"elementor-widget-container\">\n\t\t\t\t\t\t\t\t\t<p style=\"text-align: center;\">Jegyek a <strong><a href=\"https:\/\/hirosagora.jegy.hu\/\">https:\/\/hirosagora.jegy.hu\/<\/a><\/strong> honlapj\u00e1n v\u00e1lthat\u00f3k!<\/p><p>\u00a0<\/p><p style=\"text-align: center;\"><strong>JEGYEK KAPHAT\u00d3K:<br \/>H\u00edr\u00f6s Ag\u00f3ra Kultur\u00e1lis K\u00f6zpont<\/strong><br \/>6000 Kecskem\u00e9t, De\u00e1k Ferenc t\u00e9r 1. munkanapokon 13-19 \u00f3ra k\u00f6z\u00f6tt<br \/><strong>\u00a0<br \/>H\u00edr\u00f6s Ag\u00f3ra Ifj\u00fas\u00e1gi Otthon<\/strong><br \/>6000 Kecskem\u00e9t, Kossuth t\u00e9r 4. munkanapokon 9-13 \u00e9s 14-17 \u00f3ra k\u00f6z\u00f6tt<\/p>\t\t\t\t\t\t\t\t<\/div>\n\t\t\t\t<\/div>\n\t\t\t\t<div class=\"elementor-element elementor-element-6b269cb elementor-align-center elementor-widget elementor-widget-button\" data-id=\"6b269cb\" data-element_type=\"widget\" data-widget_type=\"button.default\">\n\t\t\t\t<div class=\"elementor-widget-container\">\n\t\t\t\t\t\t\t\t\t<div class=\"elementor-button-wrapper\">\n\t\t\t\t\t<a class=\"elementor-button elementor-button-link elementor-size-sm\" href=\"https:\/\/hirosagora.jegy.hu\/\">\n\t\t\t\t\t\t<span class=\"elementor-button-content-wrapper\">\n\t\t\t\t\t\t\t\t\t<span class=\"elementor-button-text\">JEGYV\u00c1S\u00c1RL\u00c1S<\/span>\n\t\t\t\t\t<\/span>\n\t\t\t\t\t<\/a>\n\t\t\t\t<\/div>\n\t\t\t\t\t\t\t\t<\/div>\n\t\t\t\t<\/div>\n\t\t\t\t\t<\/div>\n\t\t<\/div>\n\t\t\t\t\t<\/div>\n\t\t<\/section>\n\t\t\t\t<\/div>\n\t\t","protected":false},"excerpt":{"rendered":"<p>Jegyinform\u00e1ci\u00f3 Jegyek a https:\/\/hirosagora.jegy.hu\/ honlapj\u00e1n v\u00e1lthat\u00f3k! \u00a0 JEGYEK KAPHAT\u00d3K:H\u00edr\u00f6s Ag\u00f3ra Kultur\u00e1lis K\u00f6zpont6000 Kecskem\u00e9t, De\u00e1k Ferenc t\u00e9r 1. munkanapokon 13-19 \u00f3ra k\u00f6z\u00f6tt\u00a0H\u00edr\u00f6s Ag\u00f3ra Ifj\u00fas\u00e1gi Otthon6000 Kecskem\u00e9t, Kossuth t\u00e9r 4. munkanapokon 9-13 \u00e9s 14-17 \u00f3ra k\u00f6z\u00f6tt JEGYV\u00c1S\u00c1RL\u00c1S<\/p>\n","protected":false},"author":1,"featured_media":0,"parent":0,"menu_order":0,"comment_status":"closed","ping_status":"closed","template":"","meta":{"footnotes":""},"class_list":["post-2487","page","type-page","status-publish","hentry"],"_links":{"self":[{"href":"https:\/\/kodaly-muveszeti-fesztival.hu\/index.php?rest_route=\/wp\/v2\/pages\/2487","targetHints":{"allow":["GET"]}}],"collection":[{"href":"https:\/\/kodaly-muveszeti-fesztival.hu\/index.php?rest_route=\/wp\/v2\/pages"}],"about":[{"href":"https:\/\/kodaly-muveszeti-fesztival.hu\/index.php?rest_route=\/wp\/v2\/types\/page"}],"author":[{"embeddable":true,"href":"https:\/\/kodaly-muveszeti-fesztival.hu\/index.php?rest_route=\/wp\/v2\/users\/1"}],"replies":[{"embeddable":true,"href":"https:\/\/kodaly-muveszeti-fesztival.hu\/index.php?rest_route=%2Fwp%2Fv2%2Fcomments&post=2487"}],"version-history":[{"count":16,"href":"https:\/\/kodaly-muveszeti-fesztival.hu\/index.php?rest_route=\/wp\/v2\/pages\/2487\/revisions"}],"predecessor-version":[{"id":4420,"href":"https:\/\/kodaly-muveszeti-fesztival.hu\/index.php?rest_route=\/wp\/v2\/pages\/2487\/revisions\/4420"}],"wp:attachment":[{"href":"https:\/\/kodaly-muveszeti-fesztival.hu\/index.php?rest_route=%2Fwp%2Fv2%2Fmedia&parent=2487"}],"curies":[{"name":"wp","href":"https:\/\/api.w.org\/{rel}","templated":true}]}}